{"id":597,"date":"2025-11-16T00:04:28","date_gmt":"2025-11-16T00:04:28","guid":{"rendered":"https:\/\/audiobook-24.com\/?post_type=product&#038;p=597"},"modified":"2025-11-16T00:04:28","modified_gmt":"2025-11-16T00:04:28","slug":"%f0%9f%8e%a7-hoerspiel-blake-pierce-jessie-hunt-06-der-perfekte-look","status":"publish","type":"product","link":"https:\/\/audiobook-24.com\/en\/product\/%f0%9f%8e%a7-hoerspiel-blake-pierce-jessie-hunt-06-der-perfekte-look\/","title":{"rendered":"\ud83c\udfa7 H\u00f6rspiel: Blake Pierce \u2013 Jessie Hunt 06: Der perfekte Look"},"content":{"rendered":"<h2><strong>\ud83c\udfa7 H\u00f6rspiel:\u00a0<em>Blake Pierce \u2013 Jessie Hunt 06: Der perfekte Look<\/em><\/strong><\/h2>\n<div><span style=\"color: #202020; font-family: Open Sans, sans-serif;\"><i><br \/>\n<\/i><\/span><\/p>\n<div>\n<p><span style=\"font-size: x-large;\">Im sechsten Band der spannenden\u00a0<strong>Jessie-Hunt-Reihe<\/strong>\u00a0von\u00a0<strong>Blake Pierce<\/strong>\u00a0trifft die brillante Profilerin erneut auf einen Fall voller T\u00e4uschung und t\u00f6dlicher Geheimnisse.<\/span><\/p>\n<p><span style=\"font-size: x-large;\">In einer scheinbar perfekten Welt der Mode, Sch\u00f6nheit und \u00f6ffentlichen Aufmerksamkeit wird ein grausamer Mord begangen. Jessie muss tief in das Leben der Opfer und T\u00e4ter eintauchen, um die Wahrheit hinter dem makellosen \u00e4u\u00dferen Schein zu entdecken. Doch je n\u00e4her sie der L\u00f6sung kommt, desto gef\u00e4hrlicher wird der Fall \u2013 und Jessies eigenes Leben ger\u00e4t ins Visier.<\/span><\/p>\n<p><span style=\"font-size: x-large;\"><strong>\u201eDer perfekte Look\u201c<\/strong>\u00a0ist ein nervenaufreibender Psychothriller voller Spannung, \u00fcberraschender Wendungen und psychologischer Tiefe, der Fans der Reihe erneut packt und bis zum Schluss fesselt.<\/span><\/p>\n<hr \/>\n<h3>\u2705 Dein Vorteil:<\/h3>\n<ul>\n<li><span style=\"font-size: x-large;\">Nach der Bezahlung erhalten Sie\u00a0<strong>sofort Ihren pers\u00f6nlichen Downloadlink<\/strong><\/span><\/li>\n<li><span style=\"font-size: x-large;\">Das H\u00f6rspiel ist verf\u00fcgbar als:<br \/>\n\ud83c\udfb5\u00a0<strong>MP3-Datei<\/strong>\u00a0\u2013 abspielbar auf Smartphone | Tablet | PC | MP3-Player<\/span><\/li>\n<\/ul>\n<p><span style=\"font-size: x-large;\">\ud83d\udc49\u00a0<strong>Einmal gekauft \u2013 jederzeit und unbegrenzt abrufbar!<\/strong><\/span><\/p>\n<\/div>\n<\/div>","protected":false},"excerpt":{"rendered":"<p>\ud83c\udfa7 H\u00f6rspiel:\u00a0Blake Pierce \u2013 Jessie Hunt 06: Der perfekte Look Im sechsten Band der spannenden\u00a0Jessie-Hunt-Reihe\u00a0von\u00a0Blake Pierce\u00a0trifft die brillante Profilerin erneut auf einen Fall voller T\u00e4uschung und t\u00f6dlicher Geheimnisse. In einer scheinbar perfekten Welt der Mode, Sch\u00f6nheit und \u00f6ffentlichen Aufmerksamkeit wird ein grausamer Mord begangen. Jessie muss tief in das Leben der Opfer und T\u00e4ter eintauchen, [&hellip;]<\/p>\n","protected":false},"featured_media":598,"comment_status":"open","ping_status":"closed","template":"","meta":[],"product_brand":[],"product_cat":[34],"product_tag":[],"class_list":{"0":"post-597","1":"product","2":"type-product","3":"status-publish","4":"has-post-thumbnail","6":"product_cat-hoerspiel-krimi","8":"first","9":"instock","10":"sale","11":"virtual","12":"purchasable","13":"product-type-simple"},"jetpack_sharing_enabled":true,"_links":{"self":[{"href":"https:\/\/audiobook-24.com\/en\/wp-json\/wp\/v2\/product\/597","targetHints":{"allow":["GET"]}}],"collection":[{"href":"https:\/\/audiobook-24.com\/en\/wp-json\/wp\/v2\/product"}],"about":[{"href":"https:\/\/audiobook-24.com\/en\/wp-json\/wp\/v2\/types\/product"}],"replies":[{"embeddable":true,"href":"https:\/\/audiobook-24.com\/en\/wp-json\/wp\/v2\/comments?post=597"}],"wp:featuredmedia":[{"embeddable":true,"href":"https:\/\/audiobook-24.com\/en\/wp-json\/wp\/v2\/media\/598"}],"wp:attachment":[{"href":"https:\/\/audiobook-24.com\/en\/wp-json\/wp\/v2\/media?parent=597"}],"wp:term":[{"taxonomy":"product_brand","embeddable":true,"href":"https:\/\/audiobook-24.com\/en\/wp-json\/wp\/v2\/product_brand?post=597"},{"taxonomy":"product_cat","embeddable":true,"href":"https:\/\/audiobook-24.com\/en\/wp-json\/wp\/v2\/product_cat?post=597"},{"taxonomy":"product_tag","embeddable":true,"href":"https:\/\/audiobook-24.com\/en\/wp-json\/wp\/v2\/product_tag?post=597"}],"curies":[{"name":"wp","href":"https:\/\/api.w.org\/{rel}","templated":true}]}}