{"id":595,"date":"2025-11-16T00:00:30","date_gmt":"2025-11-16T00:00:30","guid":{"rendered":"https:\/\/audiobook-24.com\/?post_type=product&#038;p=595"},"modified":"2025-11-16T00:00:30","modified_gmt":"2025-11-16T00:00:30","slug":"%f0%9f%8e%a7-hoerspiel-blake-pierce-jessie-hunt-10-die-perfekte-verkleidung","status":"publish","type":"product","link":"https:\/\/audiobook-24.com\/en\/product\/%f0%9f%8e%a7-hoerspiel-blake-pierce-jessie-hunt-10-die-perfekte-verkleidung\/","title":{"rendered":"\ud83c\udfa7 H\u00f6rspiel: Blake Pierce \u2013 Jessie Hunt 10: Die perfekte Verkleidung"},"content":{"rendered":"<div>\n<div>\n<h3><strong>\ud83c\udfa7 H\u00f6rspiel:\u00a0<em>Blake Pierce \u2013 Jessie Hunt 10: Die perfekte Verkleidung<\/em><\/strong><\/h3>\n<div><em>\u00a0<\/em><\/div>\n<\/div>\n<\/div>\n<div>\n<div>\n<p><span style=\"font-size: x-large;\">Im zehnten Band der spannenden\u00a0<strong>Jessie-Hunt-Reihe<\/strong>\u00a0von\u00a0<strong>Blake Pierce<\/strong>\u00a0wird die Profilerin Jessie Hunt erneut vor ein kniffliges R\u00e4tsel gestellt.<\/span><\/p>\n<p><span style=\"font-size: x-large;\">Ein Verbrechen, das auf den ersten Blick perfekt inszeniert wirkt, f\u00fchrt Jessie in die Abgr\u00fcnde menschlicher T\u00e4uschung und L\u00fcgen. Nur mit scharfem Verstand, akribischer Analyse und ihrem untr\u00fcglichen Gesp\u00fcr f\u00fcr die Psyche von T\u00e4tern kann sie die Wahrheit hinter der\u00a0<strong>perfekten Verkleidung<\/strong>\u00a0erkennen \u2013 und den T\u00e4ter fassen, bevor weitere Opfer fallen.<\/span><\/p>\n<p><span style=\"font-size: x-large;\"><strong>\u201eDie perfekte Verkleidung\u201c<\/strong>\u00a0ist ein packender Psychothriller voller Spannung, \u00fcberraschender Wendungen und psychologischer Tiefe \u2013 ein Muss f\u00fcr Fans der Reihe und Liebhaber cleverer Ermittlerinnen.<\/span><\/p>\n<hr \/>\n<h3>\u2705 Dein Vorteil:<\/h3>\n<ul>\n<li><span style=\"font-size: x-large;\">Nach der Bezahlung erhalten Sie\u00a0<strong>sofort Ihren pers\u00f6nlichen Downloadlink<\/strong><\/span><\/li>\n<li><span style=\"font-size: x-large;\">Das H\u00f6rspiel ist verf\u00fcgbar als:<br \/>\n\ud83c\udfb5\u00a0<strong>MP3-Datei<\/strong>\u00a0\u2013 abspielbar auf Smartphone | Tablet | PC | MP3-Player<\/span><\/li>\n<\/ul>\n<p><span style=\"font-size: x-large;\">\ud83d\udc49\u00a0<strong>Einmal gekauft \u2013 jederzeit und unbegrenzt abrufbar!<\/strong><\/span><\/p>\n<\/div>\n<\/div>","protected":false},"excerpt":{"rendered":"<p>\ud83c\udfa7 H\u00f6rspiel:\u00a0Blake Pierce \u2013 Jessie Hunt 10: Die perfekte Verkleidung \u00a0 Im zehnten Band der spannenden\u00a0Jessie-Hunt-Reihe\u00a0von\u00a0Blake Pierce\u00a0wird die Profilerin Jessie Hunt erneut vor ein kniffliges R\u00e4tsel gestellt. Ein Verbrechen, das auf den ersten Blick perfekt inszeniert wirkt, f\u00fchrt Jessie in die Abgr\u00fcnde menschlicher T\u00e4uschung und L\u00fcgen. Nur mit scharfem Verstand, akribischer Analyse und ihrem untr\u00fcglichen [&hellip;]<\/p>\n","protected":false},"featured_media":596,"comment_status":"open","ping_status":"closed","template":"","meta":[],"product_brand":[],"product_cat":[34],"product_tag":[],"class_list":{"0":"post-595","1":"product","2":"type-product","3":"status-publish","4":"has-post-thumbnail","6":"product_cat-hoerspiel-krimi","8":"first","9":"instock","10":"sale","11":"virtual","12":"purchasable","13":"product-type-simple"},"jetpack_sharing_enabled":true,"_links":{"self":[{"href":"https:\/\/audiobook-24.com\/en\/wp-json\/wp\/v2\/product\/595","targetHints":{"allow":["GET"]}}],"collection":[{"href":"https:\/\/audiobook-24.com\/en\/wp-json\/wp\/v2\/product"}],"about":[{"href":"https:\/\/audiobook-24.com\/en\/wp-json\/wp\/v2\/types\/product"}],"replies":[{"embeddable":true,"href":"https:\/\/audiobook-24.com\/en\/wp-json\/wp\/v2\/comments?post=595"}],"wp:featuredmedia":[{"embeddable":true,"href":"https:\/\/audiobook-24.com\/en\/wp-json\/wp\/v2\/media\/596"}],"wp:attachment":[{"href":"https:\/\/audiobook-24.com\/en\/wp-json\/wp\/v2\/media?parent=595"}],"wp:term":[{"taxonomy":"product_brand","embeddable":true,"href":"https:\/\/audiobook-24.com\/en\/wp-json\/wp\/v2\/product_brand?post=595"},{"taxonomy":"product_cat","embeddable":true,"href":"https:\/\/audiobook-24.com\/en\/wp-json\/wp\/v2\/product_cat?post=595"},{"taxonomy":"product_tag","embeddable":true,"href":"https:\/\/audiobook-24.com\/en\/wp-json\/wp\/v2\/product_tag?post=595"}],"curies":[{"name":"wp","href":"https:\/\/api.w.org\/{rel}","templated":true}]}}