{"id":593,"date":"2025-11-15T23:58:13","date_gmt":"2025-11-15T23:58:13","guid":{"rendered":"https:\/\/audiobook-24.com\/?post_type=product&#038;p=593"},"modified":"2025-11-15T23:58:14","modified_gmt":"2025-11-15T23:58:14","slug":"%f0%9f%8e%a7-hoerspiel-blake-pierce-jessie-hunt-08-das-perfekte-alibi","status":"publish","type":"product","link":"https:\/\/audiobook-24.com\/en\/product\/%f0%9f%8e%a7-hoerspiel-blake-pierce-jessie-hunt-08-das-perfekte-alibi\/","title":{"rendered":"\ud83c\udfa7 H\u00f6rspiel: Blake Pierce \u2013 Jessie Hunt 08: Das perfekte Alibi"},"content":{"rendered":"<h1>\ud83c\udfa7 H\u00f6rspiel:\u00a0<em>Blake Pierce \u2013 Jessie Hunt 08: Das perfekte Alibi<\/em><\/h1>\n<p><span style=\"font-size: x-large;\">Im achten Band der fesselnden\u00a0<strong>Jessie-Hunt-Reihe<\/strong>\u00a0von\u00a0<strong>Blake Pierce<\/strong>\u00a0wird die Profilerin Jessie Hunt erneut in ein undurchsichtiges Netz aus L\u00fcgen und T\u00e4uschungen verwickelt.<\/span><\/p>\n<p><span style=\"font-size: x-large;\">Ein scheinbar wasserdichtes Alibi verbirgt ein grausames Verbrechen. Jessie muss akribisch die Spuren analysieren, die wahren Motive hinter der perfekten Fassade erkennen und die T\u00e4ter entlarven, bevor sie erneut zuschlagen. Doch je n\u00e4her sie der Wahrheit kommt, desto gef\u00e4hrlicher wird der Fall \u2013 und auch ihr eigenes Leben ger\u00e4t in Gefahr.<\/span><\/p>\n<p><span style=\"font-size: x-large;\"><strong>\u201eDas perfekte Alibi\u201c<\/strong>\u00a0ist ein packender Psychothriller voller Spannung, \u00fcberraschender Wendungen und psychologischer Tiefe, der Fans der Reihe erneut in seinen Bann zieht.<\/span><\/p>\n<hr \/>\n<h3>\u2705 Dein Vorteil:<\/h3>\n<ul>\n<li><span style=\"font-size: x-large;\">Nach der Bezahlung erhalten Sie\u00a0<strong>sofort Ihren pers\u00f6nlichen Downloadlink<\/strong><\/span><\/li>\n<li><span style=\"font-size: x-large;\">Das H\u00f6rspiel ist verf\u00fcgbar als:<br \/>\n\ud83c\udfb5\u00a0<strong>MP3-Datei<\/strong>\u00a0\u2013 abspielbar auf Smartphone | Tablet | PC | MP3-Player<\/span><\/li>\n<\/ul>\n<p><span style=\"font-size: x-large;\">\ud83d\udc49\u00a0<strong>Einmal gekauft \u2013 jederzeit und unbegrenzt abrufbar!<\/strong><\/span><\/p>","protected":false},"excerpt":{"rendered":"<p>\ud83c\udfa7 H\u00f6rspiel:\u00a0Blake Pierce \u2013 Jessie Hunt 08: Das perfekte Alibi Im achten Band der fesselnden\u00a0Jessie-Hunt-Reihe\u00a0von\u00a0Blake Pierce\u00a0wird die Profilerin Jessie Hunt erneut in ein undurchsichtiges Netz aus L\u00fcgen und T\u00e4uschungen verwickelt. Ein scheinbar wasserdichtes Alibi verbirgt ein grausames Verbrechen. Jessie muss akribisch die Spuren analysieren, die wahren Motive hinter der perfekten Fassade erkennen und die T\u00e4ter [&hellip;]<\/p>\n","protected":false},"featured_media":594,"comment_status":"open","ping_status":"closed","template":"","meta":[],"product_brand":[],"product_cat":[34],"product_tag":[],"class_list":{"0":"post-593","1":"product","2":"type-product","3":"status-publish","4":"has-post-thumbnail","6":"product_cat-hoerspiel-krimi","8":"first","9":"instock","10":"sale","11":"virtual","12":"purchasable","13":"product-type-simple"},"jetpack_sharing_enabled":true,"_links":{"self":[{"href":"https:\/\/audiobook-24.com\/en\/wp-json\/wp\/v2\/product\/593","targetHints":{"allow":["GET"]}}],"collection":[{"href":"https:\/\/audiobook-24.com\/en\/wp-json\/wp\/v2\/product"}],"about":[{"href":"https:\/\/audiobook-24.com\/en\/wp-json\/wp\/v2\/types\/product"}],"replies":[{"embeddable":true,"href":"https:\/\/audiobook-24.com\/en\/wp-json\/wp\/v2\/comments?post=593"}],"wp:featuredmedia":[{"embeddable":true,"href":"https:\/\/audiobook-24.com\/en\/wp-json\/wp\/v2\/media\/594"}],"wp:attachment":[{"href":"https:\/\/audiobook-24.com\/en\/wp-json\/wp\/v2\/media?parent=593"}],"wp:term":[{"taxonomy":"product_brand","embeddable":true,"href":"https:\/\/audiobook-24.com\/en\/wp-json\/wp\/v2\/product_brand?post=593"},{"taxonomy":"product_cat","embeddable":true,"href":"https:\/\/audiobook-24.com\/en\/wp-json\/wp\/v2\/product_cat?post=593"},{"taxonomy":"product_tag","embeddable":true,"href":"https:\/\/audiobook-24.com\/en\/wp-json\/wp\/v2\/product_tag?post=593"}],"curies":[{"name":"wp","href":"https:\/\/api.w.org\/{rel}","templated":true}]}}