{"id":591,"date":"2025-11-15T23:56:06","date_gmt":"2025-11-15T23:56:06","guid":{"rendered":"https:\/\/audiobook-24.com\/?post_type=product&#038;p=591"},"modified":"2025-11-15T23:56:06","modified_gmt":"2025-11-15T23:56:06","slug":"%f0%9f%8e%a7-hoerspiel-blake-pierce-jessie-hunt-07-die-perfekte-affaere","status":"publish","type":"product","link":"https:\/\/audiobook-24.com\/en\/product\/%f0%9f%8e%a7-hoerspiel-blake-pierce-jessie-hunt-07-die-perfekte-affaere\/","title":{"rendered":"\ud83c\udfa7 H\u00f6rspiel: Blake Pierce \u2013 Jessie Hunt 07: Die perfekte Aff\u00e4re"},"content":{"rendered":"<div>\n<h1>\ud83c\udfa7 H\u00f6rspiel:\u00a0<em>Blake Pierce \u2013 Jessie Hunt 07: Die perfekte Aff\u00e4re<\/em><\/h1>\n<p><span style=\"font-size: x-large;\">Im siebten Band der spannenden\u00a0<strong>Jessie-Hunt-Reihe<\/strong>\u00a0von\u00a0<strong>Blake Pierce<\/strong>\u00a0wird die brillante Profilerin erneut in ein Netz aus L\u00fcgen, Geheimnissen und t\u00f6dlicher T\u00e4uschung gezogen.<\/span><\/p>\n<p><span style=\"font-size: x-large;\">Ein scheinbar harmloser Seitensprung entpuppt sich als Ausl\u00f6ser f\u00fcr eine Serie von Verbrechen, die niemanden unber\u00fchrt lassen. Jessie muss tief in die Abgr\u00fcnde der menschlichen Psyche blicken, Intrigen entwirren und die T\u00e4ter aufsp\u00fcren, bevor weitere Opfer fallen.<\/span><\/p>\n<p><span style=\"font-size: x-large;\"><strong>\u201eDie perfekte Aff\u00e4re\u201c<\/strong>\u00a0ist ein nervenaufreibender Psychothriller voller Spannung, \u00fcberraschender Wendungen und emotionaler Tiefe. Perfekt f\u00fcr alle Fans von cleveren Ermittlerinnen, die sich ihren D\u00e4monen stellen m\u00fcssen, w\u00e4hrend sie das B\u00f6se enttarnen.<\/span><\/p>\n<\/div>\n<hr \/>\n<h3>\u2705 Dein Vorteil:<\/h3>\n<ul>\n<li><span style=\"font-size: x-large;\">Nach der Bezahlung erhalten Sie\u00a0<strong>sofort Ihren pers\u00f6nlichen Downloadlink<\/strong><\/span><\/li>\n<li><span style=\"font-size: x-large;\">Das H\u00f6rspiel ist verf\u00fcgbar als:<br \/>\n\ud83c\udfb5\u00a0<strong>MP3-Datei<\/strong>\u00a0\u2013<b>\u00a0abspielbar auf Smartphone | Tablet | PC | MP3-Player<\/b><\/span><\/li>\n<\/ul>\n<p><span style=\"font-size: x-large;\">\ud83d\udc49\u00a0<strong>Einmal gekauft \u2013 jederzeit und unbegrenzt abrufbar!<\/strong><\/span><\/p>","protected":false},"excerpt":{"rendered":"<p>\ud83c\udfa7 H\u00f6rspiel:\u00a0Blake Pierce \u2013 Jessie Hunt 07: Die perfekte Aff\u00e4re Im siebten Band der spannenden\u00a0Jessie-Hunt-Reihe\u00a0von\u00a0Blake Pierce\u00a0wird die brillante Profilerin erneut in ein Netz aus L\u00fcgen, Geheimnissen und t\u00f6dlicher T\u00e4uschung gezogen. Ein scheinbar harmloser Seitensprung entpuppt sich als Ausl\u00f6ser f\u00fcr eine Serie von Verbrechen, die niemanden unber\u00fchrt lassen. Jessie muss tief in die Abgr\u00fcnde der menschlichen [&hellip;]<\/p>\n","protected":false},"featured_media":592,"comment_status":"open","ping_status":"closed","template":"","meta":[],"product_brand":[],"product_cat":[34],"product_tag":[],"class_list":{"0":"post-591","1":"product","2":"type-product","3":"status-publish","4":"has-post-thumbnail","6":"product_cat-hoerspiel-krimi","8":"first","9":"instock","10":"sale","11":"virtual","12":"purchasable","13":"product-type-simple"},"jetpack_sharing_enabled":true,"_links":{"self":[{"href":"https:\/\/audiobook-24.com\/en\/wp-json\/wp\/v2\/product\/591","targetHints":{"allow":["GET"]}}],"collection":[{"href":"https:\/\/audiobook-24.com\/en\/wp-json\/wp\/v2\/product"}],"about":[{"href":"https:\/\/audiobook-24.com\/en\/wp-json\/wp\/v2\/types\/product"}],"replies":[{"embeddable":true,"href":"https:\/\/audiobook-24.com\/en\/wp-json\/wp\/v2\/comments?post=591"}],"wp:featuredmedia":[{"embeddable":true,"href":"https:\/\/audiobook-24.com\/en\/wp-json\/wp\/v2\/media\/592"}],"wp:attachment":[{"href":"https:\/\/audiobook-24.com\/en\/wp-json\/wp\/v2\/media?parent=591"}],"wp:term":[{"taxonomy":"product_brand","embeddable":true,"href":"https:\/\/audiobook-24.com\/en\/wp-json\/wp\/v2\/product_brand?post=591"},{"taxonomy":"product_cat","embeddable":true,"href":"https:\/\/audiobook-24.com\/en\/wp-json\/wp\/v2\/product_cat?post=591"},{"taxonomy":"product_tag","embeddable":true,"href":"https:\/\/audiobook-24.com\/en\/wp-json\/wp\/v2\/product_tag?post=591"}],"curies":[{"name":"wp","href":"https:\/\/api.w.org\/{rel}","templated":true}]}}