{"id":589,"date":"2025-11-15T23:53:04","date_gmt":"2025-11-15T23:53:04","guid":{"rendered":"https:\/\/audiobook-24.com\/?post_type=product&#038;p=589"},"modified":"2025-11-15T23:53:04","modified_gmt":"2025-11-15T23:53:04","slug":"%f0%9f%8e%a7-hoerspiel-markus-topf-timo-reuber-die-bestie-von-wangerooge","status":"publish","type":"product","link":"https:\/\/audiobook-24.com\/en\/product\/%f0%9f%8e%a7-hoerspiel-markus-topf-timo-reuber-die-bestie-von-wangerooge\/","title":{"rendered":"\ud83c\udfa7 H\u00f6rspiel: Markus Topf &#038; Timo Reuber \u2013 Die Bestie von Wangerooge"},"content":{"rendered":"<p><span><span style=\"font-size: x-large;\">\ud83c\udfa7\u00a0<strong>H\u00f6rspiel: Markus Topf &amp; Timo Reuber \u2013 Die Bestie von Wangerooge<\/strong><\/span><\/span><\/p>\n<p><span><span style=\"font-size: x-large;\"><b><br \/>\n<\/b><strong>Inhalt<\/strong><\/span><\/span><\/p>\n<p><span><span style=\"font-size: x-large;\">Auf der Nordseeinsel Wangerooge herrscht Unruhe: Ein mysteri\u00f6ses Wesen treibt sein Unwesen und versetzt die Inselbewohner in Angst und Schrecken. Ermittler und Bewohner m\u00fcssen sich zusammenschlie\u00dfen, um die Bestie zu entlarven, doch dunkle Geheimnisse und \u00fcberraschende Wendungen machen die Suche alles andere als einfach. Spannung, Nervenkitzel und die rauhe K\u00fcstenatmosph\u00e4re sorgen f\u00fcr ein packendes H\u00f6rerlebnis.<\/span><\/span><\/p>\n<p><span><span style=\"font-size: x-large;\">\u2705 Nach der Bezahlung erhalten Sie sofort Ihren pers\u00f6nlichen Downloadlink f\u00fcr:<br \/>\n\ud83d\udcf1 Handy\u2003|\u2003\ud83d\udcbb Tablet\u2003|\u2003\ud83c\udfa7 MP3\u2003|\u2003\ud83d\udda5\ufe0f PC<\/span><\/span><\/p>\n<p><span><span style=\"font-size: x-large;\">Ein fesselnder Insel-Krimi voller Geheimnisse, Action und Nordsee-Atmosph\u00e4re \u2013 erleben Sie\u00a0<em>Die Bestie von Wangerooge<\/em>\u00a0jederzeit und so oft Sie wollen!<\/span><\/span><\/p>","protected":false},"excerpt":{"rendered":"<p>\ud83c\udfa7\u00a0H\u00f6rspiel: Markus Topf &amp; Timo Reuber \u2013 Die Bestie von Wangerooge Inhalt Auf der Nordseeinsel Wangerooge herrscht Unruhe: Ein mysteri\u00f6ses Wesen treibt sein Unwesen und versetzt die Inselbewohner in Angst und Schrecken. Ermittler und Bewohner m\u00fcssen sich zusammenschlie\u00dfen, um die Bestie zu entlarven, doch dunkle Geheimnisse und \u00fcberraschende Wendungen machen die Suche alles andere als [&hellip;]<\/p>\n","protected":false},"featured_media":590,"comment_status":"open","ping_status":"closed","template":"","meta":[],"product_brand":[],"product_cat":[34],"product_tag":[],"class_list":{"0":"post-589","1":"product","2":"type-product","3":"status-publish","4":"has-post-thumbnail","6":"product_cat-hoerspiel-krimi","8":"first","9":"instock","10":"sale","11":"virtual","12":"purchasable","13":"product-type-simple"},"jetpack_sharing_enabled":true,"_links":{"self":[{"href":"https:\/\/audiobook-24.com\/en\/wp-json\/wp\/v2\/product\/589","targetHints":{"allow":["GET"]}}],"collection":[{"href":"https:\/\/audiobook-24.com\/en\/wp-json\/wp\/v2\/product"}],"about":[{"href":"https:\/\/audiobook-24.com\/en\/wp-json\/wp\/v2\/types\/product"}],"replies":[{"embeddable":true,"href":"https:\/\/audiobook-24.com\/en\/wp-json\/wp\/v2\/comments?post=589"}],"wp:featuredmedia":[{"embeddable":true,"href":"https:\/\/audiobook-24.com\/en\/wp-json\/wp\/v2\/media\/590"}],"wp:attachment":[{"href":"https:\/\/audiobook-24.com\/en\/wp-json\/wp\/v2\/media?parent=589"}],"wp:term":[{"taxonomy":"product_brand","embeddable":true,"href":"https:\/\/audiobook-24.com\/en\/wp-json\/wp\/v2\/product_brand?post=589"},{"taxonomy":"product_cat","embeddable":true,"href":"https:\/\/audiobook-24.com\/en\/wp-json\/wp\/v2\/product_cat?post=589"},{"taxonomy":"product_tag","embeddable":true,"href":"https:\/\/audiobook-24.com\/en\/wp-json\/wp\/v2\/product_tag?post=589"}],"curies":[{"name":"wp","href":"https:\/\/api.w.org\/{rel}","templated":true}]}}