{"id":587,"date":"2025-11-15T23:49:42","date_gmt":"2025-11-15T23:49:42","guid":{"rendered":"https:\/\/audiobook-24.com\/?post_type=product&#038;p=587"},"modified":"2025-11-15T23:49:42","modified_gmt":"2025-11-15T23:49:42","slug":"hoerbuch-der-sohn-der-moerderin-von-joy-e","status":"publish","type":"product","link":"https:\/\/audiobook-24.com\/en\/product\/hoerbuch-der-sohn-der-moerderin-von-joy-e\/","title":{"rendered":"H\u00f6rbuch \u2013 Der Sohn der M\u00f6rderin von Joy E.."},"content":{"rendered":"<div><span style=\"font-size: x-large;\"><b>\ud83d\udcd6\u00a0H\u00f6rbuch \u2013 Der Sohn der M\u00f6rderin von Joy E<\/b><\/span><\/div>\n<div>\n<div>\n<div>\n<p><span style=\"font-size: large;\">Ein packender\u00a0<strong>Kriminalroman aus der britischen Bestsellerreihe<\/strong>\u00a0von Joy Ellis:<\/span><\/p>\n<p><span style=\"font-size: large;\">DI\u00a0<strong>Jackman<\/strong>\u00a0und DS\u00a0<strong>Evans<\/strong>\u00a0stehen vor einem besonders grausamen und r\u00e4tselhaften Fall.<br \/>\nEin junger Mann, der als Kind das Opfer einer furchtbaren Familientrag\u00f6die war, ger\u00e4t erneut ins Zentrum der Ermittlungen. Seine Mutter \u2013 eine verurteilte M\u00f6rderin \u2013 sitzt im Gef\u00e4ngnis. Doch nun ersch\u00fcttert eine neue\u00a0<strong>Mordserie<\/strong>\u00a0die Gemeinde, und alles weist darauf hin, dass\u00a0<strong>der Sohn<\/strong>\u00a0in ein Netz aus Schuld, Verdacht und t\u00f6dlicher Gefahr verstrickt ist.<\/span><\/p>\n<p><span style=\"font-size: large;\">W\u00e4hrend Jackman und Evans tiefer graben, kommen\u00a0<strong>dunkle Geheimnisse, alte L\u00fcgen und t\u00f6dliche Wahrheiten<\/strong>\u00a0ans Licht. Wem kann man trauen \u2013 und wer spielt ein falsches Spiel?<\/span><\/p>\n<p><span style=\"font-size: large;\">Ein H\u00f6rbuch voller\u00a0<strong>Spannung, britischer Krimi-Atmosph\u00e4re und unerwarteter Wendungen<\/strong>\u00a0\u2013 fesselnd bis zur letzten Minute.<\/span><\/p>\n<p><span><span style=\"font-size: x-large;\">\ud83d\udcbe\u00a0<em>Nach Bezahlung erh\u00e4ltst du sofort den Downloadlink \u2013 f\u00fcr Handy, Tablet und PC.<\/em><\/span><\/span><\/p>\n<\/div>\n<\/div>\n<\/div>","protected":false},"excerpt":{"rendered":"<p>\ud83d\udcd6\u00a0H\u00f6rbuch \u2013 Der Sohn der M\u00f6rderin von Joy E Ein packender\u00a0Kriminalroman aus der britischen Bestsellerreihe\u00a0von Joy Ellis: DI\u00a0Jackman\u00a0und DS\u00a0Evans\u00a0stehen vor einem besonders grausamen und r\u00e4tselhaften Fall. Ein junger Mann, der als Kind das Opfer einer furchtbaren Familientrag\u00f6die war, ger\u00e4t erneut ins Zentrum der Ermittlungen. Seine Mutter \u2013 eine verurteilte M\u00f6rderin \u2013 sitzt im Gef\u00e4ngnis. Doch [&hellip;]<\/p>\n","protected":false},"featured_media":588,"comment_status":"open","ping_status":"closed","template":"","meta":[],"product_brand":[],"product_cat":[19],"product_tag":[],"class_list":{"0":"post-587","1":"product","2":"type-product","3":"status-publish","4":"has-post-thumbnail","6":"product_cat-hoerbuecher","8":"first","9":"instock","10":"sale","11":"virtual","12":"purchasable","13":"product-type-simple"},"jetpack_sharing_enabled":true,"_links":{"self":[{"href":"https:\/\/audiobook-24.com\/en\/wp-json\/wp\/v2\/product\/587","targetHints":{"allow":["GET"]}}],"collection":[{"href":"https:\/\/audiobook-24.com\/en\/wp-json\/wp\/v2\/product"}],"about":[{"href":"https:\/\/audiobook-24.com\/en\/wp-json\/wp\/v2\/types\/product"}],"replies":[{"embeddable":true,"href":"https:\/\/audiobook-24.com\/en\/wp-json\/wp\/v2\/comments?post=587"}],"wp:featuredmedia":[{"embeddable":true,"href":"https:\/\/audiobook-24.com\/en\/wp-json\/wp\/v2\/media\/588"}],"wp:attachment":[{"href":"https:\/\/audiobook-24.com\/en\/wp-json\/wp\/v2\/media?parent=587"}],"wp:term":[{"taxonomy":"product_brand","embeddable":true,"href":"https:\/\/audiobook-24.com\/en\/wp-json\/wp\/v2\/product_brand?post=587"},{"taxonomy":"product_cat","embeddable":true,"href":"https:\/\/audiobook-24.com\/en\/wp-json\/wp\/v2\/product_cat?post=587"},{"taxonomy":"product_tag","embeddable":true,"href":"https:\/\/audiobook-24.com\/en\/wp-json\/wp\/v2\/product_tag?post=587"}],"curies":[{"name":"wp","href":"https:\/\/api.w.org\/{rel}","templated":true}]}}