{"id":583,"date":"2025-11-15T23:38:37","date_gmt":"2025-11-15T23:38:37","guid":{"rendered":"https:\/\/audiobook-24.com\/?post_type=product&#038;p=583"},"modified":"2025-11-15T23:38:38","modified_gmt":"2025-11-15T23:38:38","slug":"hoerspiel-jason-dark-der-schwarze-henker","status":"publish","type":"product","link":"https:\/\/audiobook-24.com\/en\/product\/hoerspiel-jason-dark-der-schwarze-henker\/","title":{"rendered":"H\u00f6rspiel: Jason Dark \u2013 Der schwarze Henker"},"content":{"rendered":"<h1><span style=\"font-size: large;\"><strong>H\u00f6rspiel: Jason Dark \u2013 Der schwarze Henker<\/strong><\/span><\/h1>\n<p><span style=\"font-size: large;\"><b><br \/>\n<\/b><strong>Inhalt:<\/strong>\u00a0Aus den Schatten der Vergangenheit erhebt er sich \u2013 der\u00a0<strong>schwarze Henker<\/strong>. Mit seiner blutigen Axt vollstreckt er grausame Urteile, getrieben von Hass und finsterer Magie. Niemand ist vor ihm sicher, denn er kennt weder Mitleid noch Gnade. Als\u00a0<strong>John Sinclair<\/strong>\u00a0von einer Serie bestialischer Morde erf\u00e4hrt, st\u00f6\u00dft er auf die Spur des Henkers \u2013 und findet sich in einem Albtraum wieder, in dem Recht und Rache unheilvoll verschmelzen. Ein gnadenloser Kampf beginnt, bei dem das B\u00f6se schon auf das n\u00e4chste Opfer lauert.<\/span><\/p>\n<p><span style=\"font-size: large;\">\u2705\u00a0<strong>Nach der Bezahlung<\/strong>\u00a0erhalten Sie sofort den pers\u00f6nlichen Downloadlink f\u00fcr:<br \/>\n\ud83d\udcf1\u00a0<strong>Handy<\/strong>\u2003|\u2003\ud83d\udcbb\u00a0<strong>Tablet<\/strong>\u2003|\u2003\ud83c\udfa7\u00a0<strong>MP3-Player<\/strong>\u2003|\u2003\ud83d\udda5\ufe0f\u00a0<strong>PC<\/strong><\/span><\/p>\n<p><span style=\"font-size: large;\">Ein H\u00f6rspiel voller Grusel, d\u00fcsterer Atmosph\u00e4re und packender Action \u2013 erleben Sie\u00a0<strong>Jason Dark\u2019s John Sinclair<\/strong>\u00a0im unheimlichen Abenteuer\u00a0<strong>Der schwarze Henker<\/strong>\u00a0immer wieder aufs Neue!<\/span><\/p>","protected":false},"excerpt":{"rendered":"<p>H\u00f6rspiel: Jason Dark \u2013 Der schwarze Henker Inhalt:\u00a0Aus den Schatten der Vergangenheit erhebt er sich \u2013 der\u00a0schwarze Henker. Mit seiner blutigen Axt vollstreckt er grausame Urteile, getrieben von Hass und finsterer Magie. Niemand ist vor ihm sicher, denn er kennt weder Mitleid noch Gnade. Als\u00a0John Sinclair\u00a0von einer Serie bestialischer Morde erf\u00e4hrt, st\u00f6\u00dft er auf die [&hellip;]<\/p>\n","protected":false},"featured_media":584,"comment_status":"open","ping_status":"closed","template":"","meta":[],"product_brand":[],"product_cat":[31],"product_tag":[],"class_list":{"0":"post-583","1":"product","2":"type-product","3":"status-publish","4":"has-post-thumbnail","6":"product_cat-john-sinclair","8":"first","9":"instock","10":"sale","11":"virtual","12":"purchasable","13":"product-type-simple"},"jetpack_sharing_enabled":true,"_links":{"self":[{"href":"https:\/\/audiobook-24.com\/en\/wp-json\/wp\/v2\/product\/583","targetHints":{"allow":["GET"]}}],"collection":[{"href":"https:\/\/audiobook-24.com\/en\/wp-json\/wp\/v2\/product"}],"about":[{"href":"https:\/\/audiobook-24.com\/en\/wp-json\/wp\/v2\/types\/product"}],"replies":[{"embeddable":true,"href":"https:\/\/audiobook-24.com\/en\/wp-json\/wp\/v2\/comments?post=583"}],"wp:featuredmedia":[{"embeddable":true,"href":"https:\/\/audiobook-24.com\/en\/wp-json\/wp\/v2\/media\/584"}],"wp:attachment":[{"href":"https:\/\/audiobook-24.com\/en\/wp-json\/wp\/v2\/media?parent=583"}],"wp:term":[{"taxonomy":"product_brand","embeddable":true,"href":"https:\/\/audiobook-24.com\/en\/wp-json\/wp\/v2\/product_brand?post=583"},{"taxonomy":"product_cat","embeddable":true,"href":"https:\/\/audiobook-24.com\/en\/wp-json\/wp\/v2\/product_cat?post=583"},{"taxonomy":"product_tag","embeddable":true,"href":"https:\/\/audiobook-24.com\/en\/wp-json\/wp\/v2\/product_tag?post=583"}],"curies":[{"name":"wp","href":"https:\/\/api.w.org\/{rel}","templated":true}]}}