{"id":577,"date":"2025-11-15T23:25:45","date_gmt":"2025-11-15T23:25:45","guid":{"rendered":"https:\/\/audiobook-24.com\/?post_type=product&#038;p=577"},"modified":"2025-11-15T23:25:45","modified_gmt":"2025-11-15T23:25:45","slug":"king-of-queens-hoerspiel-komplette-staffel-4","status":"publish","type":"product","link":"https:\/\/audiobook-24.com\/en\/product\/king-of-queens-hoerspiel-komplette-staffel-4\/","title":{"rendered":"King of Queens | H\u00f6rspiel | komplette Staffel 4 |"},"content":{"rendered":"<h1><span style=\"font-size: small;\">King of Queens \u2013 Staffel 4 \u2013 Das Original-H\u00f6rspiel zur Kultserie<\/span><\/h1>\n<h2><span style=\"font-size: small;\">Witz, Alltag und Wahnsinn \u2013 Doug Heffernan wie du ihn kennst und liebst!<\/span><\/h2>\n<h2><span style=\"font-size: small;\">Willkommen zur\u00fcck in Queens, New York \u2013 dort, wo das Chaos zuhause ist! In der kompletten vierten Staffel als Original-H\u00f6rspiel gibt\u2019s die volle Dr\u00f6hnung Humor, Ehealltag und durchgedrehte Schwiegerv\u00e4ter. Doug Heffernan, der sympathische Paketbote mit gro\u00dfem Herzen (und noch gr\u00f6\u00dferem Appetit), k\u00e4mpft wie immer mit den T\u00fccken des Ehelebens, dem ganz normalen Wahnsinn \u2013 und nat\u00fcrlich mit Arthur, dem K\u00f6nig der St\u00f6rungen.<\/span><\/h2>\n<h2><\/h2>\n<h2><span style=\"font-size: small;\">Erlebe alle 25 Episoden der vierten Staffel in einem unterhaltsamen H\u00f6rspiel-Paket: Von absurden Eifers\u00fcchteleien \u00fcber chaotische Familienfeiern bis hin zu den legend\u00e4ren Auseinandersetzungen mit Carrie \u2013 hier bleibt kein Ohr trocken!<\/span><\/h2>\n<h2><\/h2>\n<h2><span style=\"font-size: small;\">Mit den Originalstimmen, vielen ikonischen Dialogen, Ger\u00e4uschen und Musik wird jede Szene zum Kopfkino.<\/span><\/h2>\n<h2><span style=\"font-size: small;\">F\u00fcr alle Fans der Serie, die Doug &amp; Co. auch unterwegs oder beim Einschlafen nicht missen wollen \u2013 ein Muss f\u00fcr die Sammlung!<\/span><\/h2>\n<h2><span style=\"font-size: small;\">\ud83d\udcbe Nach der Bezahlung:<\/span><\/h2>\n<h2><span style=\"font-size: small;\">Vielen Dank f\u00fcr Ihren Kauf! \ud83d\udce6\ud83c\udf99\ufe0f\ud83d\udecb\ufe0f<\/span><\/h2>\n<h2><span style=\"font-size: small;\">Nach erfolgreicher Zahlung erhalten Sie den sofortigen Download-Link zur kompletten vierten Staffel von \u201eKing of Queens\u201c als Original-H\u00f6rspiel.<\/span><\/h2>\n<h2><\/h2>\n<h2><span style=\"font-size: small;\">\ud83d\udc49 Jetzt herunterladen, zur\u00fccklehnen \u2013 und mit Doug, Carrie &amp; Arthur durch Queens lachen!<\/span><\/h2>","protected":false},"excerpt":{"rendered":"<p>King of Queens \u2013 Staffel 4 \u2013 Das Original-H\u00f6rspiel zur Kultserie Witz, Alltag und Wahnsinn \u2013 Doug Heffernan wie du ihn kennst und liebst! Willkommen zur\u00fcck in Queens, New York \u2013 dort, wo das Chaos zuhause ist! In der kompletten vierten Staffel als Original-H\u00f6rspiel gibt\u2019s die volle Dr\u00f6hnung Humor, Ehealltag und durchgedrehte Schwiegerv\u00e4ter. Doug Heffernan, [&hellip;]<\/p>\n","protected":false},"featured_media":578,"comment_status":"open","ping_status":"closed","template":"","meta":[],"product_brand":[],"product_cat":[21],"product_tag":[],"class_list":{"0":"post-577","1":"product","2":"type-product","3":"status-publish","4":"has-post-thumbnail","6":"product_cat-hoerspiele","8":"first","9":"instock","10":"sale","11":"virtual","12":"purchasable","13":"product-type-simple"},"jetpack_sharing_enabled":true,"_links":{"self":[{"href":"https:\/\/audiobook-24.com\/en\/wp-json\/wp\/v2\/product\/577","targetHints":{"allow":["GET"]}}],"collection":[{"href":"https:\/\/audiobook-24.com\/en\/wp-json\/wp\/v2\/product"}],"about":[{"href":"https:\/\/audiobook-24.com\/en\/wp-json\/wp\/v2\/types\/product"}],"replies":[{"embeddable":true,"href":"https:\/\/audiobook-24.com\/en\/wp-json\/wp\/v2\/comments?post=577"}],"wp:featuredmedia":[{"embeddable":true,"href":"https:\/\/audiobook-24.com\/en\/wp-json\/wp\/v2\/media\/578"}],"wp:attachment":[{"href":"https:\/\/audiobook-24.com\/en\/wp-json\/wp\/v2\/media?parent=577"}],"wp:term":[{"taxonomy":"product_brand","embeddable":true,"href":"https:\/\/audiobook-24.com\/en\/wp-json\/wp\/v2\/product_brand?post=577"},{"taxonomy":"product_cat","embeddable":true,"href":"https:\/\/audiobook-24.com\/en\/wp-json\/wp\/v2\/product_cat?post=577"},{"taxonomy":"product_tag","embeddable":true,"href":"https:\/\/audiobook-24.com\/en\/wp-json\/wp\/v2\/product_tag?post=577"}],"curies":[{"name":"wp","href":"https:\/\/api.w.org\/{rel}","templated":true}]}}