{"id":576,"date":"2025-11-15T23:23:03","date_gmt":"2025-11-15T23:23:03","guid":{"rendered":"https:\/\/audiobook-24.com\/?post_type=product&#038;p=576"},"modified":"2025-11-15T23:23:03","modified_gmt":"2025-11-15T23:23:03","slug":"spider-man-2-das-original-hoerbuch-zum-film","status":"publish","type":"product","link":"https:\/\/audiobook-24.com\/en\/product\/spider-man-2-das-original-hoerbuch-zum-film\/","title":{"rendered":"Spider-Man 2 \u2013 Das Original-H\u00f6rbuch zum Film"},"content":{"rendered":"<h2><b>Spider-Man 2 \u2013 Das Original-H\u00f6rbuch zum Film<\/b><\/h2>\n<h2>Ein Superheld zwischen Verantwortung, Liebe und einer neuen t\u00f6dlichen Bedrohung<\/h2>\n<h2><\/h2>\n<h2>Peter Parker f\u00fchrt ein Doppelleben: Als unscheinbarer Student versucht er, Alltag, Studium und seine Gef\u00fchle f\u00fcr Mary Jane in den Griff zu bekommen \u2013 und als Spider-Man k\u00e4mpft er Tag f\u00fcr Tag gegen das Verbrechen in New York City. Doch je gr\u00f6\u00dfer die Verantwortung wird, desto schwerer f\u00e4llt es ihm, beidem gerecht zu werden.<\/h2>\n<h2><\/h2>\n<h2>Als pl\u00f6tzlich der brillante Wissenschaftler Dr. Otto Octavius durch einen missgl\u00fcckten Versuch zur Gefahr f\u00fcr die ganze Stadt wird, steht Peter vor seiner bisher gr\u00f6\u00dften Herausforderung. Doc Ock, ausgestattet mit mechanischen Tentakeln und einem zerst\u00f6rerischen Plan, zwingt Spider-Man zu einer Entscheidung zwischen Heldentum und seinem eigenen Gl\u00fcck.<\/h2>\n<h2><\/h2>\n<h2>Im Original-H\u00f6rbuch zum Film \u201eSpider-Man 2\u201c erwartet dich ein actiongeladenes H\u00f6rerlebnis mit Originalstimmen, dramatischer Musik und kinoreifen Soundeffekten.<\/h2>\n<h2>Ein spannendes Abenteuer \u00fcber innere Konflikte, gro\u00dfe Gef\u00fchle und den Mut, f\u00fcr das Richtige zu k\u00e4mpfen.<\/h2>\n<h2><\/h2>\n<h2><b>\ud83d\udcbe Nach der Bezahlung:<\/b><\/h2>\n<h2><b>Vielen Dank f\u00fcr Ihren Kauf! \ud83d\udd77\ufe0f\ud83c\udfd9\ufe0f\ud83c\udfa7<\/b><\/h2>\n<h2><\/h2>\n<h2><b>Nach erfolgreicher Zahlung erhalten Sie den sofortigen Download-Link zum Original-H\u00f6rbuch \u201eSpider-Man 2\u201c.<\/b><\/h2>\n<h2><\/h2>\n<h2><b>\ud83d\udc49 Jetzt herunterladen, Kopfh\u00f6rer auf \u2013 und eintauchen in das epische Abenteuer eines der beliebtesten Superhelden aller Zeiten!<\/b><\/h2>","protected":false},"excerpt":{"rendered":"<p>Spider-Man 2 \u2013 Das Original-H\u00f6rbuch zum Film Ein Superheld zwischen Verantwortung, Liebe und einer neuen t\u00f6dlichen Bedrohung Peter Parker f\u00fchrt ein Doppelleben: Als unscheinbarer Student versucht er, Alltag, Studium und seine Gef\u00fchle f\u00fcr Mary Jane in den Griff zu bekommen \u2013 und als Spider-Man k\u00e4mpft er Tag f\u00fcr Tag gegen das Verbrechen in New York [&hellip;]<\/p>\n","protected":false},"featured_media":0,"comment_status":"open","ping_status":"closed","template":"","meta":[],"product_brand":[],"product_cat":[21],"product_tag":[],"class_list":{"0":"post-576","1":"product","2":"type-product","3":"status-publish","5":"product_cat-hoerspiele","7":"first","8":"instock","9":"sale","10":"virtual","11":"purchasable","12":"product-type-simple"},"jetpack_sharing_enabled":true,"_links":{"self":[{"href":"https:\/\/audiobook-24.com\/en\/wp-json\/wp\/v2\/product\/576","targetHints":{"allow":["GET"]}}],"collection":[{"href":"https:\/\/audiobook-24.com\/en\/wp-json\/wp\/v2\/product"}],"about":[{"href":"https:\/\/audiobook-24.com\/en\/wp-json\/wp\/v2\/types\/product"}],"replies":[{"embeddable":true,"href":"https:\/\/audiobook-24.com\/en\/wp-json\/wp\/v2\/comments?post=576"}],"wp:attachment":[{"href":"https:\/\/audiobook-24.com\/en\/wp-json\/wp\/v2\/media?parent=576"}],"wp:term":[{"taxonomy":"product_brand","embeddable":true,"href":"https:\/\/audiobook-24.com\/en\/wp-json\/wp\/v2\/product_brand?post=576"},{"taxonomy":"product_cat","embeddable":true,"href":"https:\/\/audiobook-24.com\/en\/wp-json\/wp\/v2\/product_cat?post=576"},{"taxonomy":"product_tag","embeddable":true,"href":"https:\/\/audiobook-24.com\/en\/wp-json\/wp\/v2\/product_tag?post=576"}],"curies":[{"name":"wp","href":"https:\/\/api.w.org\/{rel}","templated":true}]}}