{"id":574,"date":"2025-11-15T23:20:34","date_gmt":"2025-11-15T23:20:34","guid":{"rendered":"https:\/\/audiobook-24.com\/?post_type=product&#038;p=574"},"modified":"2025-11-15T23:20:34","modified_gmt":"2025-11-15T23:20:34","slug":"hoerspiel-tarzan-2","status":"publish","type":"product","link":"https:\/\/audiobook-24.com\/en\/product\/hoerspiel-tarzan-2\/","title":{"rendered":"H\u00f6rspiel: \u2013 Tarzan 2"},"content":{"rendered":"<h1><b><strong>H\u00f6rspiel:\u00a0 \u00a0Tarzan 2<\/strong><\/b><\/h1>\n<p><b>In diesem spannenden H\u00f6rspiel erleben wir Tarzan in jungen Jahren \u2013 bevor er zum Helden des Dschungels wurde. Der kleine Tarzan f\u00fchlt sich anders als alle anderen und fragt sich, wo er wirklich hingeh\u00f6rt. Auf seiner Reise begegnet er neuen Freunden, gef\u00e4hrlichen Abenteuern und der wichtigen Erkenntnis, dass wahre St\u00e4rke nicht von au\u00dfen, sondern aus dem Herzen kommt.<\/b><\/p>\n<p><b>\ud83c\udfa7 Ein H\u00f6rspiel voller Humor, Spannung und r\u00fchrender Momente \u2013 perfekt f\u00fcr die ganze Familie!<\/b><\/p>\n<p><b>Nach der Bezahlung erhalten Sie den\u00a0<strong>sofortigen Downloadlink<\/strong>, den Sie f\u00fcr\u00a0<strong>Handy, Tablet und PC<\/strong>\u00a0nutzen k\u00f6nnen \u2013 alles kompatibel und sofort verf\u00fcgbar. \u2705<\/b><\/p>","protected":false},"excerpt":{"rendered":"<p>H\u00f6rspiel:\u00a0 \u00a0Tarzan 2 In diesem spannenden H\u00f6rspiel erleben wir Tarzan in jungen Jahren \u2013 bevor er zum Helden des Dschungels wurde. Der kleine Tarzan f\u00fchlt sich anders als alle anderen und fragt sich, wo er wirklich hingeh\u00f6rt. Auf seiner Reise begegnet er neuen Freunden, gef\u00e4hrlichen Abenteuern und der wichtigen Erkenntnis, dass wahre St\u00e4rke nicht von [&hellip;]<\/p>\n","protected":false},"featured_media":575,"comment_status":"open","ping_status":"closed","template":"","meta":[],"product_brand":[],"product_cat":[33],"product_tag":[],"class_list":{"0":"post-574","1":"product","2":"type-product","3":"status-publish","4":"has-post-thumbnail","6":"product_cat-hoerspiel-comics","8":"first","9":"instock","10":"sale","11":"virtual","12":"purchasable","13":"product-type-simple"},"jetpack_sharing_enabled":true,"_links":{"self":[{"href":"https:\/\/audiobook-24.com\/en\/wp-json\/wp\/v2\/product\/574","targetHints":{"allow":["GET"]}}],"collection":[{"href":"https:\/\/audiobook-24.com\/en\/wp-json\/wp\/v2\/product"}],"about":[{"href":"https:\/\/audiobook-24.com\/en\/wp-json\/wp\/v2\/types\/product"}],"replies":[{"embeddable":true,"href":"https:\/\/audiobook-24.com\/en\/wp-json\/wp\/v2\/comments?post=574"}],"wp:featuredmedia":[{"embeddable":true,"href":"https:\/\/audiobook-24.com\/en\/wp-json\/wp\/v2\/media\/575"}],"wp:attachment":[{"href":"https:\/\/audiobook-24.com\/en\/wp-json\/wp\/v2\/media?parent=574"}],"wp:term":[{"taxonomy":"product_brand","embeddable":true,"href":"https:\/\/audiobook-24.com\/en\/wp-json\/wp\/v2\/product_brand?post=574"},{"taxonomy":"product_cat","embeddable":true,"href":"https:\/\/audiobook-24.com\/en\/wp-json\/wp\/v2\/product_cat?post=574"},{"taxonomy":"product_tag","embeddable":true,"href":"https:\/\/audiobook-24.com\/en\/wp-json\/wp\/v2\/product_tag?post=574"}],"curies":[{"name":"wp","href":"https:\/\/api.w.org\/{rel}","templated":true}]}}