{"id":570,"date":"2025-11-15T23:16:22","date_gmt":"2025-11-15T23:16:22","guid":{"rendered":"https:\/\/audiobook-24.com\/?post_type=product&#038;p=570"},"modified":"2025-11-15T23:16:22","modified_gmt":"2025-11-15T23:16:22","slug":"%f0%9f%8e%a7-hoerspiel-01-kuess-den-frosch-das-original-hoerspiel-zu-disney","status":"publish","type":"product","link":"https:\/\/audiobook-24.com\/en\/product\/%f0%9f%8e%a7-hoerspiel-01-kuess-den-frosch-das-original-hoerspiel-zu-disney\/","title":{"rendered":"\ud83c\udfa7 H\u00f6rspiel 01 \u2013 \u2013 K\u00fcss den Frosch \u2013 Das Original-H\u00f6rspiel zu Disney"},"content":{"rendered":"<h3>\ud83c\udfa7\u00a0<strong>H\u00f6rspiel 01\u00a0 \u2013 K\u00fcss den Frosch \u2013 Das Original-H\u00f6rspiel zum Disney Film<\/strong><\/h3>\n<p><strong>Inhalt:<\/strong><br \/>\nIn New Orleans tr\u00e4umt\u00a0<strong>Tiana<\/strong>\u00a0von ihrem eigenen Restaurant. Doch als sie dem charmanten, aber verwunschenen Prinzen\u00a0<strong>Naveen<\/strong>\u00a0begegnet, verwandelt sich ihr Leben schlagartig. Ein Kuss f\u00fchrt nicht ins Gl\u00fcck, sondern in ein wildes Abenteuer voller Magie im mystischen Bayou. Gemeinsam m\u00fcssen Tiana und Naveen den Fluch brechen \u2013 und entdecken dabei, was wirklich z\u00e4hlt.<\/p>\n<hr \/>\n<p><strong>Highlights:<\/strong><\/p>\n<ul>\n<li>Das Original-H\u00f6rspiel zum Disney-Erfolgsfilm<\/li>\n<li>Mit den deutschen Originalstimmen und der Filmmusik<\/li>\n<li>Ein m\u00e4rchenhaftes Abenteuer f\u00fcr die ganze Familie<\/li>\n<\/ul>\n<hr \/>\n<p>\u2705\u00a0<strong>Sofortiger Download nach Bezahlung<\/strong><br \/>\n\ud83d\udcf1\ud83d\udcbb\u00a0<strong>Kompatibel mit Smartphone, Tablet &amp; PC<\/strong><br \/>\n\ud83c\udfa7\u00a0<strong>Direkt abspielbar im Audioformat \u2013 ohne Zusatzsoftware<\/strong><\/p>","protected":false},"excerpt":{"rendered":"<p>\ud83c\udfa7\u00a0H\u00f6rspiel 01\u00a0 \u2013 K\u00fcss den Frosch \u2013 Das Original-H\u00f6rspiel zum Disney Film Inhalt: In New Orleans tr\u00e4umt\u00a0Tiana\u00a0von ihrem eigenen Restaurant. Doch als sie dem charmanten, aber verwunschenen Prinzen\u00a0Naveen\u00a0begegnet, verwandelt sich ihr Leben schlagartig. Ein Kuss f\u00fchrt nicht ins Gl\u00fcck, sondern in ein wildes Abenteuer voller Magie im mystischen Bayou. Gemeinsam m\u00fcssen Tiana und Naveen den [&hellip;]<\/p>\n","protected":false},"featured_media":571,"comment_status":"open","ping_status":"closed","template":"","meta":[],"product_brand":[],"product_cat":[21],"product_tag":[],"class_list":{"0":"post-570","1":"product","2":"type-product","3":"status-publish","4":"has-post-thumbnail","6":"product_cat-hoerspiele","8":"first","9":"instock","10":"sale","11":"virtual","12":"purchasable","13":"product-type-simple"},"jetpack_sharing_enabled":true,"_links":{"self":[{"href":"https:\/\/audiobook-24.com\/en\/wp-json\/wp\/v2\/product\/570","targetHints":{"allow":["GET"]}}],"collection":[{"href":"https:\/\/audiobook-24.com\/en\/wp-json\/wp\/v2\/product"}],"about":[{"href":"https:\/\/audiobook-24.com\/en\/wp-json\/wp\/v2\/types\/product"}],"replies":[{"embeddable":true,"href":"https:\/\/audiobook-24.com\/en\/wp-json\/wp\/v2\/comments?post=570"}],"wp:featuredmedia":[{"embeddable":true,"href":"https:\/\/audiobook-24.com\/en\/wp-json\/wp\/v2\/media\/571"}],"wp:attachment":[{"href":"https:\/\/audiobook-24.com\/en\/wp-json\/wp\/v2\/media?parent=570"}],"wp:term":[{"taxonomy":"product_brand","embeddable":true,"href":"https:\/\/audiobook-24.com\/en\/wp-json\/wp\/v2\/product_brand?post=570"},{"taxonomy":"product_cat","embeddable":true,"href":"https:\/\/audiobook-24.com\/en\/wp-json\/wp\/v2\/product_cat?post=570"},{"taxonomy":"product_tag","embeddable":true,"href":"https:\/\/audiobook-24.com\/en\/wp-json\/wp\/v2\/product_tag?post=570"}],"curies":[{"name":"wp","href":"https:\/\/api.w.org\/{rel}","templated":true}]}}