{"id":567,"date":"2025-11-15T23:12:56","date_gmt":"2025-11-15T23:12:56","guid":{"rendered":"https:\/\/audiobook-24.com\/?post_type=product&#038;p=567"},"modified":"2025-11-15T23:12:56","modified_gmt":"2025-11-15T23:12:56","slug":"%f0%9f%8e%a7-verwuenscht-das-original-hoerspiel-zum-disney-film","status":"publish","type":"product","link":"https:\/\/audiobook-24.com\/en\/product\/%f0%9f%8e%a7-verwuenscht-das-original-hoerspiel-zum-disney-film\/","title":{"rendered":"\ud83c\udfa7 Verw\u00fcnscht \u2013 Das Original-H\u00f6rspiel zum Disney Film"},"content":{"rendered":"<h2>\ud83c\udfa7\u00a0Verw\u00fcnscht \u2013 Das Original-H\u00f6rspiel zum Disney Film<\/h2>\n<p><b><strong>Inhalt:<\/strong><br \/>\nEine m\u00e4rchenhafte Geschichte, die klassische Disney-Magie mit der modernen Welt verbindet! Prinzessin\u00a0<strong>Giselle<\/strong>\u00a0wird von einer b\u00f6sen K\u00f6nigin aus ihrem zauberhaften K\u00f6nigreich in das hektische\u00a0<strong>New York City<\/strong>\u00a0verbannt. Dort trifft sie den Anwalt\u00a0<strong>Robert<\/strong>, der ihr helfen soll, sich in der realen Welt zurechtzufinden. W\u00e4hrend Giselle versucht, ihren Prinzen wiederzufinden, entdeckt sie, dass wahre Liebe manchmal ganz anders aussieht, als man denkt.<\/b><\/p>\n<hr \/>\n<p><b><strong>Highlights:<\/strong><\/b><\/p>\n<ul>\n<li><b>Original-H\u00f6rspiel zum Disney-Film<\/b><\/li>\n<li><b>Humorvoll, romantisch und magisch<\/b><\/li>\n<li><b>F\u00fcr Gro\u00df und Klein ein echtes H\u00f6rerlebnis<\/b><\/li>\n<\/ul>\n<hr \/>\n<p><b>\u2705\u00a0<strong>Sofortiger Download nach Bezahlung<\/strong><br \/>\n\ud83d\udcf1\ud83d\udcbb\u00a0<strong>Kompatibel mit Smartphone, Tablet &amp; PC<\/strong><br \/>\n\ud83c\udfa7\u00a0<strong>Direkt abspielbar im Audioformat \u2013 ohne Zusatzsoftware<\/strong><\/b><\/p>","protected":false},"excerpt":{"rendered":"<p>\ud83c\udfa7\u00a0Verw\u00fcnscht \u2013 Das Original-H\u00f6rspiel zum Disney Film Inhalt: Eine m\u00e4rchenhafte Geschichte, die klassische Disney-Magie mit der modernen Welt verbindet! Prinzessin\u00a0Giselle\u00a0wird von einer b\u00f6sen K\u00f6nigin aus ihrem zauberhaften K\u00f6nigreich in das hektische\u00a0New York City\u00a0verbannt. Dort trifft sie den Anwalt\u00a0Robert, der ihr helfen soll, sich in der realen Welt zurechtzufinden. W\u00e4hrend Giselle versucht, ihren Prinzen wiederzufinden, entdeckt [&hellip;]<\/p>\n","protected":false},"featured_media":568,"comment_status":"open","ping_status":"closed","template":"","meta":[],"product_brand":[],"product_cat":[21],"product_tag":[],"class_list":{"0":"post-567","1":"product","2":"type-product","3":"status-publish","4":"has-post-thumbnail","6":"product_cat-hoerspiele","8":"first","9":"instock","10":"sale","11":"virtual","12":"purchasable","13":"product-type-simple"},"jetpack_sharing_enabled":true,"_links":{"self":[{"href":"https:\/\/audiobook-24.com\/en\/wp-json\/wp\/v2\/product\/567","targetHints":{"allow":["GET"]}}],"collection":[{"href":"https:\/\/audiobook-24.com\/en\/wp-json\/wp\/v2\/product"}],"about":[{"href":"https:\/\/audiobook-24.com\/en\/wp-json\/wp\/v2\/types\/product"}],"replies":[{"embeddable":true,"href":"https:\/\/audiobook-24.com\/en\/wp-json\/wp\/v2\/comments?post=567"}],"wp:featuredmedia":[{"embeddable":true,"href":"https:\/\/audiobook-24.com\/en\/wp-json\/wp\/v2\/media\/568"}],"wp:attachment":[{"href":"https:\/\/audiobook-24.com\/en\/wp-json\/wp\/v2\/media?parent=567"}],"wp:term":[{"taxonomy":"product_brand","embeddable":true,"href":"https:\/\/audiobook-24.com\/en\/wp-json\/wp\/v2\/product_brand?post=567"},{"taxonomy":"product_cat","embeddable":true,"href":"https:\/\/audiobook-24.com\/en\/wp-json\/wp\/v2\/product_cat?post=567"},{"taxonomy":"product_tag","embeddable":true,"href":"https:\/\/audiobook-24.com\/en\/wp-json\/wp\/v2\/product_tag?post=567"}],"curies":[{"name":"wp","href":"https:\/\/api.w.org\/{rel}","templated":true}]}}