{"id":565,"date":"2025-11-15T23:10:02","date_gmt":"2025-11-15T23:10:02","guid":{"rendered":"https:\/\/audiobook-24.com\/?post_type=product&#038;p=565"},"modified":"2025-11-15T23:10:02","modified_gmt":"2025-11-15T23:10:02","slug":"hoerspiel-tierisch-wild","status":"publish","type":"product","link":"https:\/\/audiobook-24.com\/en\/product\/hoerspiel-tierisch-wild\/","title":{"rendered":"H\u00f6rspiel: Tierisch Wild"},"content":{"rendered":"<div>\n<h1><b><strong>H\u00f6rspiel: Tierisch Wild<\/strong><\/b><\/h1>\n<p><b>Das Gro\u00dfstadtdschungel-Abenteuer beginnt! Als der junge L\u00f6we Ryan aus dem Zoo entf\u00fchrt und in die Wildnis verschleppt wird, bricht f\u00fcr seine Freunde eine aufregende Rettungsmission an. Gemeinsam machen sich der starke, aber liebevolle L\u00f6we Samson, die clevere Giraffe Bridget, die aufgeweckte Schlange Larry, das schr\u00e4ge Koala-B\u00e4rchen Nigel und das flinke Eichh\u00f6rnchen Benny auf eine turbulente Reise.<\/b><\/p>\n<p><b>Ob im hektischen Stra\u00dfenverkehr, auf einem waghalsigen Schiffstransport oder schlie\u00dflich mitten in der wilden Natur \u2013 \u00fcberall warten \u00fcberraschende Herausforderungen, urkomische Momente und jede Menge Herz. Am Ende zeigt sich, dass wahre Freundschaft und Zusammenhalt st\u00e4rker sind als jede Gefahr.<\/b><\/p>\n<p><b>\ud83c\udfa7 Ein H\u00f6rspiel voller Action, Humor und Emotionen \u2013 ein tierisches Abenteuer f\u00fcr die ganze Familie!<\/b><\/p>\n<p><b>Nach der Bezahlung erhalten Sie den\u00a0<strong>sofortigen Downloadlink<\/strong>, den Sie f\u00fcr\u00a0<strong>Handy, Tablet und PC<\/strong>\u00a0nutzen k\u00f6nnen \u2013 alles kompatibel und sofort verf\u00fcgbar. \u2705<\/b><\/p>\n<\/div>\n<p>&nbsp;<\/p>\n<div>\n<h3><\/h3>\n<\/div>","protected":false},"excerpt":{"rendered":"<p>H\u00f6rspiel: Tierisch Wild Das Gro\u00dfstadtdschungel-Abenteuer beginnt! Als der junge L\u00f6we Ryan aus dem Zoo entf\u00fchrt und in die Wildnis verschleppt wird, bricht f\u00fcr seine Freunde eine aufregende Rettungsmission an. Gemeinsam machen sich der starke, aber liebevolle L\u00f6we Samson, die clevere Giraffe Bridget, die aufgeweckte Schlange Larry, das schr\u00e4ge Koala-B\u00e4rchen Nigel und das flinke Eichh\u00f6rnchen Benny [&hellip;]<\/p>\n","protected":false},"featured_media":566,"comment_status":"open","ping_status":"closed","template":"","meta":[],"product_brand":[],"product_cat":[33],"product_tag":[],"class_list":{"0":"post-565","1":"product","2":"type-product","3":"status-publish","4":"has-post-thumbnail","6":"product_cat-hoerspiel-comics","8":"first","9":"instock","10":"sale","11":"virtual","12":"purchasable","13":"product-type-simple"},"jetpack_sharing_enabled":true,"_links":{"self":[{"href":"https:\/\/audiobook-24.com\/en\/wp-json\/wp\/v2\/product\/565","targetHints":{"allow":["GET"]}}],"collection":[{"href":"https:\/\/audiobook-24.com\/en\/wp-json\/wp\/v2\/product"}],"about":[{"href":"https:\/\/audiobook-24.com\/en\/wp-json\/wp\/v2\/types\/product"}],"replies":[{"embeddable":true,"href":"https:\/\/audiobook-24.com\/en\/wp-json\/wp\/v2\/comments?post=565"}],"wp:featuredmedia":[{"embeddable":true,"href":"https:\/\/audiobook-24.com\/en\/wp-json\/wp\/v2\/media\/566"}],"wp:attachment":[{"href":"https:\/\/audiobook-24.com\/en\/wp-json\/wp\/v2\/media?parent=565"}],"wp:term":[{"taxonomy":"product_brand","embeddable":true,"href":"https:\/\/audiobook-24.com\/en\/wp-json\/wp\/v2\/product_brand?post=565"},{"taxonomy":"product_cat","embeddable":true,"href":"https:\/\/audiobook-24.com\/en\/wp-json\/wp\/v2\/product_cat?post=565"},{"taxonomy":"product_tag","embeddable":true,"href":"https:\/\/audiobook-24.com\/en\/wp-json\/wp\/v2\/product_tag?post=565"}],"curies":[{"name":"wp","href":"https:\/\/api.w.org\/{rel}","templated":true}]}}