{"id":563,"date":"2025-11-15T23:08:09","date_gmt":"2025-11-15T23:08:09","guid":{"rendered":"https:\/\/audiobook-24.com\/?post_type=product&#038;p=563"},"modified":"2025-11-15T23:08:09","modified_gmt":"2025-11-15T23:08:09","slug":"hoerspiel-sieg-gegen-caesar","status":"publish","type":"product","link":"https:\/\/audiobook-24.com\/en\/product\/hoerspiel-sieg-gegen-caesar\/","title":{"rendered":"H\u00f6rspiel \u2013 Sieg gegen C\u00e4sar \u2013"},"content":{"rendered":"<h2><b><span style=\"font-size: large;\">\ud83c\udfa7\u00a0<strong>H\u00f6rspiel: Asterix &amp; Obelix \u2013 Sieg gegen C\u00e4sar<\/strong><\/span><\/b><\/h2>\n<h2><b><span style=\"font-size: large;\"><br \/>\nDie unbeugsamen Gallier sind zur\u00fcck! In diesem turbulenten Abenteuer fordern Asterix und Obelix erneut das R\u00f6mische Reich heraus \u2013 mit Witz, Charme und jeder Menge Wildschwein.<br \/>\nEin unterhaltsames H\u00f6rspiel f\u00fcr die ganze Familie!<\/span><\/b><\/h2>\n<p><b><span style=\"font-size: large;\">\u2705\u00a0<strong>MP3-Download direkt nach dem Kauf<\/strong><br \/>\nDu bekommst sofort deinen pers\u00f6nlichen\u00a0<strong>Downloadlink<\/strong>\u00a0\u2013 ohne Versand, ohne Wartezeit.<\/span><\/b><\/p>\n<p><b><span style=\"font-size: large;\">\u00a0<\/span><\/b><\/p>\n<hr \/>\n<p><b><span style=\"font-size: large;\">\ud83d\udce9\u00a0<strong>So funktioniert\u2019s:<\/strong><br \/>\nNach dem Kauf senden wir dir den\u00a0<strong>MP3-Downloadlink<\/strong>\u00a0per eBay-Nachricht.<br \/>\n\ud83c\udfa7 Format: MP3 | Sprache: Deutsch | Kompatibel mit Handy, Tablet, Laptop &amp; Co.<\/span><\/b><\/p>","protected":false},"excerpt":{"rendered":"<p>\ud83c\udfa7\u00a0H\u00f6rspiel: Asterix &amp; Obelix \u2013 Sieg gegen C\u00e4sar Die unbeugsamen Gallier sind zur\u00fcck! In diesem turbulenten Abenteuer fordern Asterix und Obelix erneut das R\u00f6mische Reich heraus \u2013 mit Witz, Charme und jeder Menge Wildschwein. Ein unterhaltsames H\u00f6rspiel f\u00fcr die ganze Familie! \u2705\u00a0MP3-Download direkt nach dem Kauf Du bekommst sofort deinen pers\u00f6nlichen\u00a0Downloadlink\u00a0\u2013 ohne Versand, ohne Wartezeit. [&hellip;]<\/p>\n","protected":false},"featured_media":564,"comment_status":"open","ping_status":"closed","template":"","meta":[],"product_brand":[],"product_cat":[33],"product_tag":[],"class_list":{"0":"post-563","1":"product","2":"type-product","3":"status-publish","4":"has-post-thumbnail","6":"product_cat-hoerspiel-comics","8":"first","9":"instock","10":"sale","11":"virtual","12":"purchasable","13":"product-type-simple"},"jetpack_sharing_enabled":true,"_links":{"self":[{"href":"https:\/\/audiobook-24.com\/en\/wp-json\/wp\/v2\/product\/563","targetHints":{"allow":["GET"]}}],"collection":[{"href":"https:\/\/audiobook-24.com\/en\/wp-json\/wp\/v2\/product"}],"about":[{"href":"https:\/\/audiobook-24.com\/en\/wp-json\/wp\/v2\/types\/product"}],"replies":[{"embeddable":true,"href":"https:\/\/audiobook-24.com\/en\/wp-json\/wp\/v2\/comments?post=563"}],"wp:featuredmedia":[{"embeddable":true,"href":"https:\/\/audiobook-24.com\/en\/wp-json\/wp\/v2\/media\/564"}],"wp:attachment":[{"href":"https:\/\/audiobook-24.com\/en\/wp-json\/wp\/v2\/media?parent=563"}],"wp:term":[{"taxonomy":"product_brand","embeddable":true,"href":"https:\/\/audiobook-24.com\/en\/wp-json\/wp\/v2\/product_brand?post=563"},{"taxonomy":"product_cat","embeddable":true,"href":"https:\/\/audiobook-24.com\/en\/wp-json\/wp\/v2\/product_cat?post=563"},{"taxonomy":"product_tag","embeddable":true,"href":"https:\/\/audiobook-24.com\/en\/wp-json\/wp\/v2\/product_tag?post=563"}],"curies":[{"name":"wp","href":"https:\/\/api.w.org\/{rel}","templated":true}]}}