{"id":560,"date":"2025-11-15T23:04:09","date_gmt":"2025-11-15T23:04:09","guid":{"rendered":"https:\/\/audiobook-24.com\/?post_type=product&#038;p=560"},"modified":"2025-11-15T23:04:09","modified_gmt":"2025-11-15T23:04:09","slug":"%f0%9f%8e%a7-hoerspiel-aladin-und-die-wunderlampe","status":"publish","type":"product","link":"https:\/\/audiobook-24.com\/en\/product\/%f0%9f%8e%a7-hoerspiel-aladin-und-die-wunderlampe\/","title":{"rendered":"\ud83c\udfa7 H\u00f6rspiel: Aladin und die Wunderlampe"},"content":{"rendered":"<div>\n<div>\n<div>\n<div>\n<div>\n<div>\n<h1><span style=\"font-size: x-large;\">\ud83c\udfa7 H\u00f6rspiel: Aladin und die Wunderlampe<\/span><\/h1>\n<\/div>\n<\/div>\n<\/div>\n<\/div>\n<\/div>\n<\/div>\n<div><span style=\"font-size: x-large;\">\u00a0<\/span><\/div>\n<div>\n<h4><strong><span style=\"font-size: x-large;\">Inhalt<\/span><\/strong><\/h4>\n<p><span style=\"font-size: x-large;\">In den schimmernden Gassen von\u00a0<strong>Agrabah<\/strong>\u00a0lebt Aladin, ein armer, aber gewitzter junger Mann, der davon tr\u00e4umt, seinem Schicksal zu entfliehen. Als er zuf\u00e4llig eine geheimnisvolle, verzauberte Lampe findet, befreit er einen m\u00e4chtigen und \u00e4u\u00dferst lustigen\u00a0<strong>Dschinn<\/strong>, der ihm drei W\u00fcnsche gew\u00e4hrt.<\/span><\/p>\n<p><span style=\"font-size: x-large;\">Doch das Abenteuer hat gerade erst begonnen: Der machthungrige Gro\u00dfwesir\u00a0<strong>Dschafar<\/strong>\u00a0will die Lampe an sich rei\u00dfen, um \u00fcber das ganze K\u00f6nigreich zu herrschen. Mit Mut, List und ein wenig Magie versucht Aladin, das Herz der mutigen Prinzessin\u00a0<strong>Jasmin<\/strong>\u00a0zu erobern und gleichzeitig Agrabah zu retten.<\/span><\/p>\n<p><span style=\"font-size: x-large;\">Ein m\u00e4rchenhaftes H\u00f6rspiel voller Humor, Spannung und unvergesslicher Momente \u2013 ideal f\u00fcr gro\u00dfe und kleine Abenteurer.<\/span><\/p>\n<hr \/>\n<h3><span style=\"font-size: x-large;\">\ud83d\udcbe\u00a0<strong>Sofort-Download<\/strong><\/span><\/h3>\n<p><span style=\"font-size: x-large;\">Nach der Bezahlung erhalten Sie\u00a0<strong>direkt den Download-Link<\/strong>\u00a0und k\u00f6nnen sofort in die magische Welt von Aladin eintauchen<\/span><\/p>\n<\/div>","protected":false},"excerpt":{"rendered":"<p>\ud83c\udfa7 H\u00f6rspiel: Aladin und die Wunderlampe \u00a0 Inhalt In den schimmernden Gassen von\u00a0Agrabah\u00a0lebt Aladin, ein armer, aber gewitzter junger Mann, der davon tr\u00e4umt, seinem Schicksal zu entfliehen. Als er zuf\u00e4llig eine geheimnisvolle, verzauberte Lampe findet, befreit er einen m\u00e4chtigen und \u00e4u\u00dferst lustigen\u00a0Dschinn, der ihm drei W\u00fcnsche gew\u00e4hrt. Doch das Abenteuer hat gerade erst begonnen: Der [&hellip;]<\/p>\n","protected":false},"featured_media":561,"comment_status":"open","ping_status":"closed","template":"","meta":[],"product_brand":[],"product_cat":[21],"product_tag":[],"class_list":{"0":"post-560","1":"product","2":"type-product","3":"status-publish","4":"has-post-thumbnail","6":"product_cat-hoerspiele","8":"first","9":"instock","10":"sale","11":"virtual","12":"purchasable","13":"product-type-simple"},"jetpack_sharing_enabled":true,"_links":{"self":[{"href":"https:\/\/audiobook-24.com\/en\/wp-json\/wp\/v2\/product\/560","targetHints":{"allow":["GET"]}}],"collection":[{"href":"https:\/\/audiobook-24.com\/en\/wp-json\/wp\/v2\/product"}],"about":[{"href":"https:\/\/audiobook-24.com\/en\/wp-json\/wp\/v2\/types\/product"}],"replies":[{"embeddable":true,"href":"https:\/\/audiobook-24.com\/en\/wp-json\/wp\/v2\/comments?post=560"}],"wp:featuredmedia":[{"embeddable":true,"href":"https:\/\/audiobook-24.com\/en\/wp-json\/wp\/v2\/media\/561"}],"wp:attachment":[{"href":"https:\/\/audiobook-24.com\/en\/wp-json\/wp\/v2\/media?parent=560"}],"wp:term":[{"taxonomy":"product_brand","embeddable":true,"href":"https:\/\/audiobook-24.com\/en\/wp-json\/wp\/v2\/product_brand?post=560"},{"taxonomy":"product_cat","embeddable":true,"href":"https:\/\/audiobook-24.com\/en\/wp-json\/wp\/v2\/product_cat?post=560"},{"taxonomy":"product_tag","embeddable":true,"href":"https:\/\/audiobook-24.com\/en\/wp-json\/wp\/v2\/product_tag?post=560"}],"curies":[{"name":"wp","href":"https:\/\/api.w.org\/{rel}","templated":true}]}}