{"id":558,"date":"2025-11-15T22:51:53","date_gmt":"2025-11-15T22:51:53","guid":{"rendered":"https:\/\/audiobook-24.com\/?post_type=product&#038;p=558"},"modified":"2025-11-15T22:51:53","modified_gmt":"2025-11-15T22:51:53","slug":"%f0%9f%8e%a7-hoerspiel-asterix-bei-den-briten","status":"publish","type":"product","link":"https:\/\/audiobook-24.com\/en\/product\/%f0%9f%8e%a7-hoerspiel-asterix-bei-den-briten\/","title":{"rendered":"\ud83c\udfa7 H\u00f6rspiel: Asterix bei den Briten"},"content":{"rendered":"<p><span><span style=\"font-size: x-large;\">\ud83c\udfa7\u00a0<strong>H\u00f6rspiel: Asterix bei den Briten<\/strong><\/span><\/span><\/p>\n<p><span><span style=\"font-size: x-large;\"><b><br \/>\n<\/b><strong>Inhalt<\/strong><\/span><\/span><\/p>\n<p><span><span style=\"font-size: x-large;\">Die R\u00f6mer haben Britannien fast v\u00f6llig erobert \u2013 nur ein kleines Dorf h\u00e4lt noch stand. Doch die Briten brauchen dringend Hilfe! Asterix und Obelix machen sich mit einer Tonne Zaubertrank auf den Weg \u00fcber den \u00c4rmelkanal. Was folgt, ist ein turbulentes Abenteuer voller Wortwitz, Humor und jeder Menge skurriler Begegnungen.<\/span><\/span><\/p>\n<p><span><span style=\"font-size: x-large;\">\u2705 Nach Bezahlung sofortiger Downloadlink f\u00fcr:<br \/>\n\ud83d\udcf1 Handy\u2003|\u2003\ud83d\udcbb Tablet\u2003|\u2003\ud83c\udfa7 MP3\u2003|\u2003\ud83d\udda5\ufe0f PC<\/span><\/span><\/p>\n<p><span><span style=\"font-size: x-large;\"><b>Ein Klassiker voller Spa\u00df und Abenteuer \u2013\u00a0<em>Asterix bei den Briten<\/em>!<\/b><\/span><\/span><\/p>","protected":false},"excerpt":{"rendered":"<p>\ud83c\udfa7\u00a0H\u00f6rspiel: Asterix bei den Briten Inhalt Die R\u00f6mer haben Britannien fast v\u00f6llig erobert \u2013 nur ein kleines Dorf h\u00e4lt noch stand. Doch die Briten brauchen dringend Hilfe! Asterix und Obelix machen sich mit einer Tonne Zaubertrank auf den Weg \u00fcber den \u00c4rmelkanal. Was folgt, ist ein turbulentes Abenteuer voller Wortwitz, Humor und jeder Menge skurriler [&hellip;]<\/p>\n","protected":false},"featured_media":559,"comment_status":"open","ping_status":"closed","template":"","meta":[],"product_brand":[],"product_cat":[33],"product_tag":[],"class_list":{"0":"post-558","1":"product","2":"type-product","3":"status-publish","4":"has-post-thumbnail","6":"product_cat-hoerspiel-comics","8":"first","9":"instock","10":"sale","11":"virtual","12":"purchasable","13":"product-type-simple"},"jetpack_sharing_enabled":true,"_links":{"self":[{"href":"https:\/\/audiobook-24.com\/en\/wp-json\/wp\/v2\/product\/558","targetHints":{"allow":["GET"]}}],"collection":[{"href":"https:\/\/audiobook-24.com\/en\/wp-json\/wp\/v2\/product"}],"about":[{"href":"https:\/\/audiobook-24.com\/en\/wp-json\/wp\/v2\/types\/product"}],"replies":[{"embeddable":true,"href":"https:\/\/audiobook-24.com\/en\/wp-json\/wp\/v2\/comments?post=558"}],"wp:featuredmedia":[{"embeddable":true,"href":"https:\/\/audiobook-24.com\/en\/wp-json\/wp\/v2\/media\/559"}],"wp:attachment":[{"href":"https:\/\/audiobook-24.com\/en\/wp-json\/wp\/v2\/media?parent=558"}],"wp:term":[{"taxonomy":"product_brand","embeddable":true,"href":"https:\/\/audiobook-24.com\/en\/wp-json\/wp\/v2\/product_brand?post=558"},{"taxonomy":"product_cat","embeddable":true,"href":"https:\/\/audiobook-24.com\/en\/wp-json\/wp\/v2\/product_cat?post=558"},{"taxonomy":"product_tag","embeddable":true,"href":"https:\/\/audiobook-24.com\/en\/wp-json\/wp\/v2\/product_tag?post=558"}],"curies":[{"name":"wp","href":"https:\/\/api.w.org\/{rel}","templated":true}]}}