{"id":556,"date":"2025-11-15T22:50:33","date_gmt":"2025-11-15T22:50:33","guid":{"rendered":"https:\/\/audiobook-24.com\/?post_type=product&#038;p=556"},"modified":"2025-11-15T22:50:33","modified_gmt":"2025-11-15T22:50:33","slug":"%f0%9f%8e%a7-hoerspiel-asterix-der-gallier","status":"publish","type":"product","link":"https:\/\/audiobook-24.com\/en\/product\/%f0%9f%8e%a7-hoerspiel-asterix-der-gallier\/","title":{"rendered":"\ud83c\udfa7 H\u00f6rspiel: Asterix der Gallier"},"content":{"rendered":"<div>\n<div>\n<div>\n<div>\n<div>\n<div>\n<p><span style=\"font-size: x-large;\">\ud83c\udfa7\u00a0<strong>H\u00f6rspiel: Asterix der Gallier<\/strong><\/span><\/p>\n<p><span style=\"font-size: x-large;\"><b><br \/>\n<\/b><strong>Inhalt<\/strong><\/span><\/p>\n<p><span style=\"font-size: x-large;\">Ganz Gallien ist von den R\u00f6mern besetzt \u2026 ganz Gallien? Nein! Ein kleines Dorf voller unbeugsamer Gallier leistet mit Hilfe des Zaubertranks von Druide Miraculix weiterhin Widerstand. Als die R\u00f6mer das Geheimnis dieses \u00fcbermenschlichen Tranks aufdecken wollen, beginnt f\u00fcr Asterix und Obelix ein aufregendes Abenteuer. Mit Witz, Mut und Cleverness stellen sich die beiden den Truppen C\u00e4sars entgegen und beweisen, dass List oft st\u00e4rker ist als rohe Gewalt.<\/span><\/p>\n<p><span style=\"font-size: x-large;\">\u2705 Nach Bezahlung erhalten Sie sofort Ihren pers\u00f6nlichen Downloadlink f\u00fcr:<br \/>\n\ud83d\udcf1 Handy\u2003|\u2003\ud83d\udcbb Tablet\u2003|\u2003\ud83c\udfa7 MP3\u2003|\u2003\ud83d\udda5\ufe0f PC<\/span><\/p>\n<p><span style=\"font-size: x-large;\">Erleben Sie die Urspr\u00fcnge einer legend\u00e4ren Serie voller Humor, Spannung und unvergesslicher Charaktere \u2013 und genie\u00dfen Sie\u00a0<strong>Asterix der Gallier jederzeit und so oft Sie wollen!<\/strong><\/span><\/p>\n<\/div>\n<p>&nbsp;<\/p>\n<\/div>\n<\/div>\n<\/div>\n<\/div>\n<\/div>\n<div><\/div>","protected":false},"excerpt":{"rendered":"<p>\ud83c\udfa7\u00a0H\u00f6rspiel: Asterix der Gallier Inhalt Ganz Gallien ist von den R\u00f6mern besetzt \u2026 ganz Gallien? Nein! Ein kleines Dorf voller unbeugsamer Gallier leistet mit Hilfe des Zaubertranks von Druide Miraculix weiterhin Widerstand. Als die R\u00f6mer das Geheimnis dieses \u00fcbermenschlichen Tranks aufdecken wollen, beginnt f\u00fcr Asterix und Obelix ein aufregendes Abenteuer. Mit Witz, Mut und Cleverness [&hellip;]<\/p>\n","protected":false},"featured_media":557,"comment_status":"open","ping_status":"closed","template":"","meta":[],"product_brand":[],"product_cat":[33],"product_tag":[],"class_list":{"0":"post-556","1":"product","2":"type-product","3":"status-publish","4":"has-post-thumbnail","6":"product_cat-hoerspiel-comics","8":"first","9":"instock","10":"sale","11":"virtual","12":"purchasable","13":"product-type-simple"},"jetpack_sharing_enabled":true,"_links":{"self":[{"href":"https:\/\/audiobook-24.com\/en\/wp-json\/wp\/v2\/product\/556","targetHints":{"allow":["GET"]}}],"collection":[{"href":"https:\/\/audiobook-24.com\/en\/wp-json\/wp\/v2\/product"}],"about":[{"href":"https:\/\/audiobook-24.com\/en\/wp-json\/wp\/v2\/types\/product"}],"replies":[{"embeddable":true,"href":"https:\/\/audiobook-24.com\/en\/wp-json\/wp\/v2\/comments?post=556"}],"wp:featuredmedia":[{"embeddable":true,"href":"https:\/\/audiobook-24.com\/en\/wp-json\/wp\/v2\/media\/557"}],"wp:attachment":[{"href":"https:\/\/audiobook-24.com\/en\/wp-json\/wp\/v2\/media?parent=556"}],"wp:term":[{"taxonomy":"product_brand","embeddable":true,"href":"https:\/\/audiobook-24.com\/en\/wp-json\/wp\/v2\/product_brand?post=556"},{"taxonomy":"product_cat","embeddable":true,"href":"https:\/\/audiobook-24.com\/en\/wp-json\/wp\/v2\/product_cat?post=556"},{"taxonomy":"product_tag","embeddable":true,"href":"https:\/\/audiobook-24.com\/en\/wp-json\/wp\/v2\/product_tag?post=556"}],"curies":[{"name":"wp","href":"https:\/\/api.w.org\/{rel}","templated":true}]}}