{"id":552,"date":"2025-11-15T22:47:49","date_gmt":"2025-11-15T22:47:49","guid":{"rendered":"https:\/\/audiobook-24.com\/?post_type=product&#038;p=552"},"modified":"2025-11-15T22:47:49","modified_gmt":"2025-11-15T22:47:49","slug":"%f0%9f%8e%a7-hoerspiel-asterix-und-die-goten","status":"publish","type":"product","link":"https:\/\/audiobook-24.com\/en\/product\/%f0%9f%8e%a7-hoerspiel-asterix-und-die-goten\/","title":{"rendered":"\ud83c\udfa7 H\u00f6rspiel: Asterix und die Goten"},"content":{"rendered":"<div>\n<p><span style=\"font-size: x-large;\">\ud83c\udfa7\u00a0<strong>H\u00f6rspiel: Asterix und die Goten<\/strong><\/span><\/p>\n<p><span style=\"font-size: x-large;\"><b><br \/>\n<\/b><strong>Inhalt<\/strong><\/span><\/p>\n<p><span style=\"font-size: x-large;\">Als Druide Miraculix zum j\u00e4hrlichen Treffen der Druiden reist, begleiten ihn Asterix und Obelix zu seiner Sicherheit. Doch dort wird er von den kriegerischen Goten entf\u00fchrt, die den Zaubertrank f\u00fcr ihre Eroberungspl\u00e4ne nutzen wollen. Sofort machen sich Asterix und Obelix auf den Weg in das Land der Goten, um ihren Freund zu befreien. Mit Witz, Mut und einer geh\u00f6rigen Portion Zaubertrank stellen sie sich den finsteren Pl\u00e4nen der Feinde entgegen.<\/span><\/p>\n<p><span style=\"font-size: x-large;\">Ein spannendes Abenteuer voller cleverer Ideen, urkomischer Szenen und dem unverwechselbaren Charme der Gallier \u2013 ein echter Klassiker unter den Asterix-Geschichten.<\/span><\/p>\n<p><span style=\"font-size: x-large;\">\u2705 Nach Bezahlung erhalten Sie sofort Ihren pers\u00f6nlichen Downloadlink f\u00fcr:<br \/>\n\ud83d\udcf1 Handy\u2003|\u2003\ud83d\udcbb Tablet\u2003|\u2003\ud83c\udfa7 MP3\u2003|\u2003\ud83d\udda5\ufe0f PC<\/span><\/p>\n<p><span style=\"font-size: x-large;\">Tauchen Sie ein in die Welt von Asterix und Obelix \u2013 und genie\u00dfen Sie dieses H\u00f6rspiel\u00a0<strong>jederzeit und so oft Sie wollen!<\/strong><\/span><\/p>\n<\/div>\n<p>&nbsp;<\/p>\n<div>\n<p><span style=\"font-size: x-large;\">\u00a0<\/span><\/p>\n<\/div>","protected":false},"excerpt":{"rendered":"<p>\ud83c\udfa7\u00a0H\u00f6rspiel: Asterix und die Goten Inhalt Als Druide Miraculix zum j\u00e4hrlichen Treffen der Druiden reist, begleiten ihn Asterix und Obelix zu seiner Sicherheit. Doch dort wird er von den kriegerischen Goten entf\u00fchrt, die den Zaubertrank f\u00fcr ihre Eroberungspl\u00e4ne nutzen wollen. Sofort machen sich Asterix und Obelix auf den Weg in das Land der Goten, um [&hellip;]<\/p>\n","protected":false},"featured_media":553,"comment_status":"open","ping_status":"closed","template":"","meta":[],"product_brand":[],"product_cat":[33],"product_tag":[],"class_list":{"0":"post-552","1":"product","2":"type-product","3":"status-publish","4":"has-post-thumbnail","6":"product_cat-hoerspiel-comics","8":"first","9":"instock","10":"sale","11":"virtual","12":"purchasable","13":"product-type-simple"},"jetpack_sharing_enabled":true,"_links":{"self":[{"href":"https:\/\/audiobook-24.com\/en\/wp-json\/wp\/v2\/product\/552","targetHints":{"allow":["GET"]}}],"collection":[{"href":"https:\/\/audiobook-24.com\/en\/wp-json\/wp\/v2\/product"}],"about":[{"href":"https:\/\/audiobook-24.com\/en\/wp-json\/wp\/v2\/types\/product"}],"replies":[{"embeddable":true,"href":"https:\/\/audiobook-24.com\/en\/wp-json\/wp\/v2\/comments?post=552"}],"wp:featuredmedia":[{"embeddable":true,"href":"https:\/\/audiobook-24.com\/en\/wp-json\/wp\/v2\/media\/553"}],"wp:attachment":[{"href":"https:\/\/audiobook-24.com\/en\/wp-json\/wp\/v2\/media?parent=552"}],"wp:term":[{"taxonomy":"product_brand","embeddable":true,"href":"https:\/\/audiobook-24.com\/en\/wp-json\/wp\/v2\/product_brand?post=552"},{"taxonomy":"product_cat","embeddable":true,"href":"https:\/\/audiobook-24.com\/en\/wp-json\/wp\/v2\/product_cat?post=552"},{"taxonomy":"product_tag","embeddable":true,"href":"https:\/\/audiobook-24.com\/en\/wp-json\/wp\/v2\/product_tag?post=552"}],"curies":[{"name":"wp","href":"https:\/\/api.w.org\/{rel}","templated":true}]}}