{"id":550,"date":"2025-11-15T22:46:31","date_gmt":"2025-11-15T22:46:31","guid":{"rendered":"https:\/\/audiobook-24.com\/?post_type=product&#038;p=550"},"modified":"2025-11-15T22:46:31","modified_gmt":"2025-11-15T22:46:31","slug":"%f0%9f%8e%a7-hoerspiel-asterix-bei-den-olympischen-spielen","status":"publish","type":"product","link":"https:\/\/audiobook-24.com\/en\/product\/%f0%9f%8e%a7-hoerspiel-asterix-bei-den-olympischen-spielen\/","title":{"rendered":"\ud83c\udfa7 H\u00f6rspiel: Asterix bei den Olympischen Spielen"},"content":{"rendered":"<p><span><span style=\"font-size: x-large;\">\ud83c\udfa7\u00a0<strong>H\u00f6rspiel: Asterix bei den Olympischen Spielen<\/strong><\/span><\/span><\/p>\n<p><span><span style=\"font-size: x-large;\"><b><br \/>\n<\/b><strong>Inhalt<\/strong><\/span><\/span><\/p>\n<p><span><span style=\"font-size: x-large;\">Die R\u00f6mer wollen bei den Olympischen Spielen in Griechenland ihren Ruhm mehren \u2013 doch auch die unbeugsamen Gallier mischen kr\u00e4ftig mit! Asterix, Obelix und ihre Freunde reisen nach Olympia, um den R\u00f6mern zu zeigen, dass Mut, Cleverness und gallischer Humor mehr wert sind als Muskelkraft allein. Nat\u00fcrlich sorgt auch der ber\u00fchmte Zaubertrank f\u00fcr einige \u00fcberraschende Wendungen.<\/span><\/span><\/p>\n<p><span><span style=\"font-size: x-large;\">Ein urkomisches Abenteuer, das Sport, Wettkampf und gallische List vereint \u2013 voller Satire, Scharfsinn und klassischer Asterix-Momente.<\/span><\/span><\/p>\n<p><span><span style=\"font-size: x-large;\">\u2705 Nach Bezahlung erhalten Sie sofort Ihren pers\u00f6nlichen Downloadlink f\u00fcr:<br \/>\n\ud83d\udcf1 Handy\u2003|\u2003\ud83d\udcbb Tablet\u2003|\u2003\ud83c\udfa7 MP3\u2003|\u2003\ud83d\udda5\ufe0f PC<\/span><\/span><\/p>\n<p><span><span style=\"font-size: x-large;\">Lachen, Mitfiebern und Staunen \u2013 erleben Sie \u201eAsterix bei den Olympischen Spielen\u201c\u00a0<strong>jederzeit und so oft Sie wollen!<\/strong><\/span><\/span><\/p>","protected":false},"excerpt":{"rendered":"<p>\ud83c\udfa7\u00a0H\u00f6rspiel: Asterix bei den Olympischen Spielen Inhalt Die R\u00f6mer wollen bei den Olympischen Spielen in Griechenland ihren Ruhm mehren \u2013 doch auch die unbeugsamen Gallier mischen kr\u00e4ftig mit! Asterix, Obelix und ihre Freunde reisen nach Olympia, um den R\u00f6mern zu zeigen, dass Mut, Cleverness und gallischer Humor mehr wert sind als Muskelkraft allein. Nat\u00fcrlich sorgt [&hellip;]<\/p>\n","protected":false},"featured_media":551,"comment_status":"open","ping_status":"closed","template":"","meta":[],"product_brand":[],"product_cat":[33],"product_tag":[],"class_list":{"0":"post-550","1":"product","2":"type-product","3":"status-publish","4":"has-post-thumbnail","6":"product_cat-hoerspiel-comics","8":"first","9":"instock","10":"sale","11":"virtual","12":"purchasable","13":"product-type-simple"},"jetpack_sharing_enabled":true,"_links":{"self":[{"href":"https:\/\/audiobook-24.com\/en\/wp-json\/wp\/v2\/product\/550","targetHints":{"allow":["GET"]}}],"collection":[{"href":"https:\/\/audiobook-24.com\/en\/wp-json\/wp\/v2\/product"}],"about":[{"href":"https:\/\/audiobook-24.com\/en\/wp-json\/wp\/v2\/types\/product"}],"replies":[{"embeddable":true,"href":"https:\/\/audiobook-24.com\/en\/wp-json\/wp\/v2\/comments?post=550"}],"wp:featuredmedia":[{"embeddable":true,"href":"https:\/\/audiobook-24.com\/en\/wp-json\/wp\/v2\/media\/551"}],"wp:attachment":[{"href":"https:\/\/audiobook-24.com\/en\/wp-json\/wp\/v2\/media?parent=550"}],"wp:term":[{"taxonomy":"product_brand","embeddable":true,"href":"https:\/\/audiobook-24.com\/en\/wp-json\/wp\/v2\/product_brand?post=550"},{"taxonomy":"product_cat","embeddable":true,"href":"https:\/\/audiobook-24.com\/en\/wp-json\/wp\/v2\/product_cat?post=550"},{"taxonomy":"product_tag","embeddable":true,"href":"https:\/\/audiobook-24.com\/en\/wp-json\/wp\/v2\/product_tag?post=550"}],"curies":[{"name":"wp","href":"https:\/\/api.w.org\/{rel}","templated":true}]}}