{"id":548,"date":"2025-11-15T22:45:06","date_gmt":"2025-11-15T22:45:06","guid":{"rendered":"https:\/\/audiobook-24.com\/?post_type=product&#038;p=548"},"modified":"2025-11-15T22:45:06","modified_gmt":"2025-11-15T22:45:06","slug":"%f0%9f%8e%a7-hoerspiel-asterix-und-der-arvernerschild","status":"publish","type":"product","link":"https:\/\/audiobook-24.com\/en\/product\/%f0%9f%8e%a7-hoerspiel-asterix-und-der-arvernerschild\/","title":{"rendered":"\ud83c\udfa7 H\u00f6rspiel: Asterix und der Arvernerschild"},"content":{"rendered":"<p><span><span style=\"font-size: x-large;\">\ud83c\udfa7\u00a0<strong>H\u00f6rspiel: Asterix und der Arvernerschild<\/strong><\/span><\/span><\/p>\n<p><span><span style=\"font-size: x-large;\"><b><br \/>\n<\/b><strong>Inhalt<\/strong><\/span><\/span><\/p>\n<p><span><span style=\"font-size: x-large;\">Ein geheimnisvoller Schild der Arverner wird zum Ausl\u00f6ser eines turbulenten Abenteuers: Als das wertvolle Artefakt in die falschen H\u00e4nde ger\u00e4t, machen sich Asterix und Obelix auf den Weg, um es zur\u00fcckzuholen. Unterwegs erleben sie jede Menge spannende Begegnungen, cleveren Humor und gef\u00e4hrliche Situationen, die nur mit Mut, List und dem Zaubertrank gemeistert werden k\u00f6nnen.<\/span><\/span><\/p>\n<p><span><span style=\"font-size: x-large;\">Ein witziges und spannendes Abenteuer voller gallischer Cleverness, packender Situationen und unvergesslicher Charaktere.<\/span><\/span><\/p>\n<p><span><span style=\"font-size: x-large;\">\u2705 Nach Bezahlung erhalten Sie sofort Ihren pers\u00f6nlichen Downloadlink f\u00fcr:<br \/>\n\ud83d\udcf1 Handy\u2003|\u2003\ud83d\udcbb Tablet\u2003|\u2003\ud83c\udfa7 MP3\u2003|\u2003\ud83d\udda5\ufe0f PC<\/span><\/span><\/p>\n<p><span><span style=\"font-size: x-large;\">Erleben Sie\u00a0<em>Asterix und der Arvernerschild<\/em>\u00a0\u2013\u00a0<strong>jederzeit und so oft Sie wollen!<\/strong><\/span><\/span><\/p>","protected":false},"excerpt":{"rendered":"<p>\ud83c\udfa7\u00a0H\u00f6rspiel: Asterix und der Arvernerschild Inhalt Ein geheimnisvoller Schild der Arverner wird zum Ausl\u00f6ser eines turbulenten Abenteuers: Als das wertvolle Artefakt in die falschen H\u00e4nde ger\u00e4t, machen sich Asterix und Obelix auf den Weg, um es zur\u00fcckzuholen. Unterwegs erleben sie jede Menge spannende Begegnungen, cleveren Humor und gef\u00e4hrliche Situationen, die nur mit Mut, List und [&hellip;]<\/p>\n","protected":false},"featured_media":549,"comment_status":"open","ping_status":"closed","template":"","meta":[],"product_brand":[],"product_cat":[33],"product_tag":[],"class_list":{"0":"post-548","1":"product","2":"type-product","3":"status-publish","4":"has-post-thumbnail","6":"product_cat-hoerspiel-comics","8":"first","9":"instock","10":"sale","11":"virtual","12":"purchasable","13":"product-type-simple"},"jetpack_sharing_enabled":true,"_links":{"self":[{"href":"https:\/\/audiobook-24.com\/en\/wp-json\/wp\/v2\/product\/548","targetHints":{"allow":["GET"]}}],"collection":[{"href":"https:\/\/audiobook-24.com\/en\/wp-json\/wp\/v2\/product"}],"about":[{"href":"https:\/\/audiobook-24.com\/en\/wp-json\/wp\/v2\/types\/product"}],"replies":[{"embeddable":true,"href":"https:\/\/audiobook-24.com\/en\/wp-json\/wp\/v2\/comments?post=548"}],"wp:featuredmedia":[{"embeddable":true,"href":"https:\/\/audiobook-24.com\/en\/wp-json\/wp\/v2\/media\/549"}],"wp:attachment":[{"href":"https:\/\/audiobook-24.com\/en\/wp-json\/wp\/v2\/media?parent=548"}],"wp:term":[{"taxonomy":"product_brand","embeddable":true,"href":"https:\/\/audiobook-24.com\/en\/wp-json\/wp\/v2\/product_brand?post=548"},{"taxonomy":"product_cat","embeddable":true,"href":"https:\/\/audiobook-24.com\/en\/wp-json\/wp\/v2\/product_cat?post=548"},{"taxonomy":"product_tag","embeddable":true,"href":"https:\/\/audiobook-24.com\/en\/wp-json\/wp\/v2\/product_tag?post=548"}],"curies":[{"name":"wp","href":"https:\/\/api.w.org\/{rel}","templated":true}]}}