{"id":546,"date":"2025-11-15T22:43:48","date_gmt":"2025-11-15T22:43:48","guid":{"rendered":"https:\/\/audiobook-24.com\/?post_type=product&#038;p=546"},"modified":"2025-11-15T22:43:48","modified_gmt":"2025-11-15T22:43:48","slug":"%f0%9f%8e%a7-hoerspiel-asterix-und-kleopatra","status":"publish","type":"product","link":"https:\/\/audiobook-24.com\/en\/product\/%f0%9f%8e%a7-hoerspiel-asterix-und-kleopatra\/","title":{"rendered":"\ud83c\udfa7 H\u00f6rspiel: Asterix und Kleopatra"},"content":{"rendered":"<p><span style=\"font-size: x-large;\">\ud83c\udfa7\u00a0<strong>H\u00f6rspiel: Asterix und Kleopatra<\/strong><\/span><\/p>\n<p><span style=\"font-size: x-large;\"><b><br \/>\n<\/b><strong>Inhalt<\/strong><\/span><\/p>\n<p><span style=\"font-size: x-large;\">Die m\u00e4chtige K\u00f6nigin Kleopatra wettet mit Julius C\u00e4sar, dass sie innerhalb k\u00fcrzester Zeit einen pr\u00e4chtigen Palast errichten kann. Um dieses unm\u00f6gliche Vorhaben zu meistern, ruft sie die Hilfe der unbeugsamen Gallier Asterix und Obelix herbei. Mit Zaubertrank, List und unersch\u00fctterlichem Mut k\u00e4mpfen die beiden gegen Hindernisse, Sabotage und die r\u00f6mische B\u00fcrokratie \u2013 und sorgen dabei f\u00fcr jede Menge Humor und turbulente Abenteuer.<\/span><\/p>\n<p><span style=\"font-size: x-large;\">Ein spannendes, witziges und cleveres Abenteuer voller gallischer Einf\u00e4lle, urkomischer Szenen und unvergesslicher Charaktere.<\/span><\/p>\n<p><span style=\"font-size: x-large;\">\u2705 Nach Bezahlung erhalten Sie sofort Ihren pers\u00f6nlichen Downloadlink f\u00fcr:<br \/>\n\ud83d\udcf1 Handy\u2003|\u2003\ud83d\udcbb Tablet\u2003|\u2003\ud83c\udfa7 MP3\u2003|\u2003\ud83d\udda5\ufe0f PC<\/span><\/p>\n<p><span style=\"font-size: x-large;\">Erleben Sie\u00a0<em>Asterix und Kleopatra<\/em>\u00a0\u2013\u00a0<strong>jederzeit und so oft Sie wollen!<\/strong><\/span><\/p>","protected":false},"excerpt":{"rendered":"<p>\ud83c\udfa7\u00a0H\u00f6rspiel: Asterix und Kleopatra Inhalt Die m\u00e4chtige K\u00f6nigin Kleopatra wettet mit Julius C\u00e4sar, dass sie innerhalb k\u00fcrzester Zeit einen pr\u00e4chtigen Palast errichten kann. Um dieses unm\u00f6gliche Vorhaben zu meistern, ruft sie die Hilfe der unbeugsamen Gallier Asterix und Obelix herbei. Mit Zaubertrank, List und unersch\u00fctterlichem Mut k\u00e4mpfen die beiden gegen Hindernisse, Sabotage und die r\u00f6mische [&hellip;]<\/p>\n","protected":false},"featured_media":547,"comment_status":"open","ping_status":"closed","template":"","meta":[],"product_brand":[],"product_cat":[33],"product_tag":[],"class_list":{"0":"post-546","1":"product","2":"type-product","3":"status-publish","4":"has-post-thumbnail","6":"product_cat-hoerspiel-comics","8":"first","9":"instock","10":"sale","11":"virtual","12":"purchasable","13":"product-type-simple"},"jetpack_sharing_enabled":true,"_links":{"self":[{"href":"https:\/\/audiobook-24.com\/en\/wp-json\/wp\/v2\/product\/546","targetHints":{"allow":["GET"]}}],"collection":[{"href":"https:\/\/audiobook-24.com\/en\/wp-json\/wp\/v2\/product"}],"about":[{"href":"https:\/\/audiobook-24.com\/en\/wp-json\/wp\/v2\/types\/product"}],"replies":[{"embeddable":true,"href":"https:\/\/audiobook-24.com\/en\/wp-json\/wp\/v2\/comments?post=546"}],"wp:featuredmedia":[{"embeddable":true,"href":"https:\/\/audiobook-24.com\/en\/wp-json\/wp\/v2\/media\/547"}],"wp:attachment":[{"href":"https:\/\/audiobook-24.com\/en\/wp-json\/wp\/v2\/media?parent=546"}],"wp:term":[{"taxonomy":"product_brand","embeddable":true,"href":"https:\/\/audiobook-24.com\/en\/wp-json\/wp\/v2\/product_brand?post=546"},{"taxonomy":"product_cat","embeddable":true,"href":"https:\/\/audiobook-24.com\/en\/wp-json\/wp\/v2\/product_cat?post=546"},{"taxonomy":"product_tag","embeddable":true,"href":"https:\/\/audiobook-24.com\/en\/wp-json\/wp\/v2\/product_tag?post=546"}],"curies":[{"name":"wp","href":"https:\/\/api.w.org\/{rel}","templated":true}]}}