{"id":542,"date":"2025-11-15T22:41:03","date_gmt":"2025-11-15T22:41:03","guid":{"rendered":"https:\/\/audiobook-24.com\/?post_type=product&#038;p=542"},"modified":"2025-11-15T22:41:03","modified_gmt":"2025-11-15T22:41:03","slug":"%f0%9f%8e%a7-hoerspiel-asterix-als-legionaer","status":"publish","type":"product","link":"https:\/\/audiobook-24.com\/en\/product\/%f0%9f%8e%a7-hoerspiel-asterix-als-legionaer\/","title":{"rendered":"\ud83c\udfa7 H\u00f6rspiel: Asterix als Legion\u00e4r"},"content":{"rendered":"<p><span><span style=\"font-size: x-large;\">\ud83c\udfa7\u00a0<strong>H\u00f6rspiel: Asterix als Legion\u00e4r<\/strong><\/span><\/span><\/p>\n<p><span><span style=\"font-size: x-large;\"><b><br \/>\n<\/b><strong>Inhalt<\/strong><\/span><\/span><\/p>\n<p><span><span style=\"font-size: x-large;\">Als Obelix sich in ein M\u00e4dchen verliebt, das nach Rom entf\u00fchrt wird, beschlie\u00dfen Asterix und er, ihm zu folgen. Um dort erfolgreich zu sein, meldet sich Obelix als Legion\u00e4r \u2013 und nat\u00fcrlich begleitet ihn Asterix auf dieser turbulenten Reise. Mit Zaubertrank, Mut und jeder Menge Einfallsreichtum stellen sich die beiden den r\u00f6mischen Soldaten, erleben zahlreiche Missgeschicke und sorgen f\u00fcr unvergessliche Abenteuer.<\/span><\/span><\/p>\n<p><span><span style=\"font-size: x-large;\">Ein spannendes, witziges und cleveres Abenteuer voller gallischer List, Humor und unverwechselbarem Charme.<\/span><\/span><\/p>\n<p><span><span style=\"font-size: x-large;\">\u2705 Nach Bezahlung erhalten Sie sofort Ihren pers\u00f6nlichen Downloadlink f\u00fcr:<br \/>\n\ud83d\udcf1 Handy\u2003|\u2003\ud83d\udcbb Tablet\u2003|\u2003\ud83c\udfa7 MP3\u2003|\u2003\ud83d\udda5\ufe0f PC<\/span><\/span><\/p>\n<p><span><span style=\"font-size: x-large;\">Erleben Sie\u00a0<em>Asterix als Legion\u00e4r<\/em>\u00a0\u2013\u00a0<strong>jederzeit und so oft Sie wollen!<\/strong><\/span><\/span><\/p>","protected":false},"excerpt":{"rendered":"<p>\ud83c\udfa7\u00a0H\u00f6rspiel: Asterix als Legion\u00e4r Inhalt Als Obelix sich in ein M\u00e4dchen verliebt, das nach Rom entf\u00fchrt wird, beschlie\u00dfen Asterix und er, ihm zu folgen. Um dort erfolgreich zu sein, meldet sich Obelix als Legion\u00e4r \u2013 und nat\u00fcrlich begleitet ihn Asterix auf dieser turbulenten Reise. Mit Zaubertrank, Mut und jeder Menge Einfallsreichtum stellen sich die beiden [&hellip;]<\/p>\n","protected":false},"featured_media":543,"comment_status":"open","ping_status":"closed","template":"","meta":[],"product_brand":[],"product_cat":[33],"product_tag":[],"class_list":{"0":"post-542","1":"product","2":"type-product","3":"status-publish","4":"has-post-thumbnail","6":"product_cat-hoerspiel-comics","8":"first","9":"instock","10":"sale","11":"virtual","12":"purchasable","13":"product-type-simple"},"jetpack_sharing_enabled":true,"_links":{"self":[{"href":"https:\/\/audiobook-24.com\/en\/wp-json\/wp\/v2\/product\/542","targetHints":{"allow":["GET"]}}],"collection":[{"href":"https:\/\/audiobook-24.com\/en\/wp-json\/wp\/v2\/product"}],"about":[{"href":"https:\/\/audiobook-24.com\/en\/wp-json\/wp\/v2\/types\/product"}],"replies":[{"embeddable":true,"href":"https:\/\/audiobook-24.com\/en\/wp-json\/wp\/v2\/comments?post=542"}],"wp:featuredmedia":[{"embeddable":true,"href":"https:\/\/audiobook-24.com\/en\/wp-json\/wp\/v2\/media\/543"}],"wp:attachment":[{"href":"https:\/\/audiobook-24.com\/en\/wp-json\/wp\/v2\/media?parent=542"}],"wp:term":[{"taxonomy":"product_brand","embeddable":true,"href":"https:\/\/audiobook-24.com\/en\/wp-json\/wp\/v2\/product_brand?post=542"},{"taxonomy":"product_cat","embeddable":true,"href":"https:\/\/audiobook-24.com\/en\/wp-json\/wp\/v2\/product_cat?post=542"},{"taxonomy":"product_tag","embeddable":true,"href":"https:\/\/audiobook-24.com\/en\/wp-json\/wp\/v2\/product_tag?post=542"}],"curies":[{"name":"wp","href":"https:\/\/api.w.org\/{rel}","templated":true}]}}