{"id":540,"date":"2025-11-15T22:39:39","date_gmt":"2025-11-15T22:39:39","guid":{"rendered":"https:\/\/audiobook-24.com\/?post_type=product&#038;p=540"},"modified":"2025-11-15T22:39:39","modified_gmt":"2025-11-15T22:39:39","slug":"%f0%9f%8e%a7-hoerspiel-asterix-die-goldene-sichel","status":"publish","type":"product","link":"https:\/\/audiobook-24.com\/en\/product\/%f0%9f%8e%a7-hoerspiel-asterix-die-goldene-sichel\/","title":{"rendered":"\ud83c\udfa7 H\u00f6rspiel: Asterix \u2013 Die goldene Sichel"},"content":{"rendered":"<p><span><span style=\"font-size: x-large;\">\ud83c\udfa7\u00a0<strong>H\u00f6rspiel: Asterix \u2013 Die goldene Sichel<\/strong><\/span><\/span><\/p>\n<p><span><span style=\"font-size: x-large;\"><b><br \/>\n<\/b><strong>Inhalt<\/strong><\/span><\/span><\/p>\n<p><span><span style=\"font-size: x-large;\">Ein wertvolles Werkzeug f\u00fcr den Druiden Miraculix \u2013 die goldene Sichel \u2013 wird dringend ben\u00f6tigt, um die Erntezeit zu sichern. Doch pl\u00f6tzlich verschwindet die Sichel spurlos! Asterix und Obelix machen sich auf den Weg, um das gestohlene Artefakt zur\u00fcckzuholen. Auf ihrem Abenteuer begegnen sie listigen Dieben, r\u00f6mischen Soldaten und erleben turbulente, humorvolle Situationen.<\/span><\/span><\/p>\n<p><span><span style=\"font-size: x-large;\">Ein spannendes und witziges Abenteuer voller gallischer Cleverness, Mut und unvergesslicher Charaktere.<\/span><\/span><\/p>\n<p><span><span style=\"font-size: x-large;\">\u2705 Nach Bezahlung erhalten Sie sofort Ihren pers\u00f6nlichen Downloadlink f\u00fcr:<br \/>\n\ud83d\udcf1 Handy\u2003|\u2003\ud83d\udcbb Tablet\u2003|\u2003\ud83c\udfa7 MP3\u2003|\u2003\ud83d\udda5\ufe0f PC<\/span><\/span><\/p>\n<p><span><span style=\"font-size: x-large;\">Erleben Sie\u00a0<em>Asterix \u2013 Die goldene Sichel<\/em>\u00a0\u2013\u00a0<strong>jederzeit und so oft Sie wollen!<\/strong><\/span><\/span><\/p>","protected":false},"excerpt":{"rendered":"<p>\ud83c\udfa7\u00a0H\u00f6rspiel: Asterix \u2013 Die goldene Sichel Inhalt Ein wertvolles Werkzeug f\u00fcr den Druiden Miraculix \u2013 die goldene Sichel \u2013 wird dringend ben\u00f6tigt, um die Erntezeit zu sichern. Doch pl\u00f6tzlich verschwindet die Sichel spurlos! Asterix und Obelix machen sich auf den Weg, um das gestohlene Artefakt zur\u00fcckzuholen. Auf ihrem Abenteuer begegnen sie listigen Dieben, r\u00f6mischen Soldaten [&hellip;]<\/p>\n","protected":false},"featured_media":541,"comment_status":"open","ping_status":"closed","template":"","meta":[],"product_brand":[],"product_cat":[33],"product_tag":[],"class_list":{"0":"post-540","1":"product","2":"type-product","3":"status-publish","4":"has-post-thumbnail","6":"product_cat-hoerspiel-comics","8":"first","9":"instock","10":"sale","11":"virtual","12":"purchasable","13":"product-type-simple"},"jetpack_sharing_enabled":true,"_links":{"self":[{"href":"https:\/\/audiobook-24.com\/en\/wp-json\/wp\/v2\/product\/540","targetHints":{"allow":["GET"]}}],"collection":[{"href":"https:\/\/audiobook-24.com\/en\/wp-json\/wp\/v2\/product"}],"about":[{"href":"https:\/\/audiobook-24.com\/en\/wp-json\/wp\/v2\/types\/product"}],"replies":[{"embeddable":true,"href":"https:\/\/audiobook-24.com\/en\/wp-json\/wp\/v2\/comments?post=540"}],"wp:featuredmedia":[{"embeddable":true,"href":"https:\/\/audiobook-24.com\/en\/wp-json\/wp\/v2\/media\/541"}],"wp:attachment":[{"href":"https:\/\/audiobook-24.com\/en\/wp-json\/wp\/v2\/media?parent=540"}],"wp:term":[{"taxonomy":"product_brand","embeddable":true,"href":"https:\/\/audiobook-24.com\/en\/wp-json\/wp\/v2\/product_brand?post=540"},{"taxonomy":"product_cat","embeddable":true,"href":"https:\/\/audiobook-24.com\/en\/wp-json\/wp\/v2\/product_cat?post=540"},{"taxonomy":"product_tag","embeddable":true,"href":"https:\/\/audiobook-24.com\/en\/wp-json\/wp\/v2\/product_tag?post=540"}],"curies":[{"name":"wp","href":"https:\/\/api.w.org\/{rel}","templated":true}]}}