{"id":536,"date":"2025-11-15T22:35:36","date_gmt":"2025-11-15T22:35:36","guid":{"rendered":"https:\/\/audiobook-24.com\/?post_type=product&#038;p=536"},"modified":"2025-11-15T22:35:36","modified_gmt":"2025-11-15T22:35:36","slug":"%f0%9f%8e%a7-hoerspiel-asterix-als-gladiator","status":"publish","type":"product","link":"https:\/\/audiobook-24.com\/en\/product\/%f0%9f%8e%a7-hoerspiel-asterix-als-gladiator\/","title":{"rendered":"\ud83c\udfa7 H\u00f6rspiel: Asterix als Gladiator"},"content":{"rendered":"<p><span><span style=\"font-size: x-large;\">\ud83c\udfa7\u00a0<strong>H\u00f6rspiel: Asterix als Gladiator<\/strong><\/span><\/span><\/p>\n<p><span><span style=\"font-size: x-large;\"><b><br \/>\n<\/b><strong>Inhalt<\/strong><\/span><\/span><\/p>\n<p><span><span style=\"font-size: x-large;\">Asterix und Obelix reisen nach Rom, um ihren Freund Tragicomix aus der Gewalt des r\u00f6mischen Imperiums zu befreien. Tragicomix soll als Gladiator in der Arena k\u00e4mpfen \u2013 doch unsere Gallier w\u00e4ren nicht sie selbst, w\u00fcrden sie das einfach so hinnehmen. Mit Mut, Zaubertrank und jeder Menge List stellen sich Asterix und Obelix den r\u00f6mischen Wachen, erleben turbulente Abenteuer und sorgen f\u00fcr urkomische Situationen.<\/span><\/span><\/p>\n<p><span><span style=\"font-size: x-large;\">Ein spannendes und humorvolles Abenteuer voller Cleverness, Mut und gallischem Charme \u2013 typisch Asterix!<\/span><\/span><\/p>\n<p><span><span style=\"font-size: x-large;\">\u2705 Nach Bezahlung erhalten Sie sofort Ihren pers\u00f6nlichen Downloadlink f\u00fcr:<br \/>\n\ud83d\udcf1 <strong>Handy\u2003|\u2003\ud83d\udcbb Tablet\u2003|\u2003\ud83c\udfa7 MP3\u2003|\u2003\ud83d\udda5\ufe0f PC<\/strong><\/span><\/span><\/p>\n<p><span><span style=\"font-size: x-large;\">Erleben Sie\u00a0<em>Asterix als Gladiator<\/em>\u00a0\u2013\u00a0<strong>jederzeit und so oft Sie wollen!<\/strong><\/span><\/span><\/p>","protected":false},"excerpt":{"rendered":"<p>\ud83c\udfa7\u00a0H\u00f6rspiel: Asterix als Gladiator Inhalt Asterix und Obelix reisen nach Rom, um ihren Freund Tragicomix aus der Gewalt des r\u00f6mischen Imperiums zu befreien. Tragicomix soll als Gladiator in der Arena k\u00e4mpfen \u2013 doch unsere Gallier w\u00e4ren nicht sie selbst, w\u00fcrden sie das einfach so hinnehmen. Mit Mut, Zaubertrank und jeder Menge List stellen sich Asterix [&hellip;]<\/p>\n","protected":false},"featured_media":537,"comment_status":"open","ping_status":"closed","template":"","meta":[],"product_brand":[],"product_cat":[33],"product_tag":[],"class_list":{"0":"post-536","1":"product","2":"type-product","3":"status-publish","4":"has-post-thumbnail","6":"product_cat-hoerspiel-comics","8":"first","9":"instock","10":"sale","11":"virtual","12":"purchasable","13":"product-type-simple"},"jetpack_sharing_enabled":true,"_links":{"self":[{"href":"https:\/\/audiobook-24.com\/en\/wp-json\/wp\/v2\/product\/536","targetHints":{"allow":["GET"]}}],"collection":[{"href":"https:\/\/audiobook-24.com\/en\/wp-json\/wp\/v2\/product"}],"about":[{"href":"https:\/\/audiobook-24.com\/en\/wp-json\/wp\/v2\/types\/product"}],"replies":[{"embeddable":true,"href":"https:\/\/audiobook-24.com\/en\/wp-json\/wp\/v2\/comments?post=536"}],"wp:featuredmedia":[{"embeddable":true,"href":"https:\/\/audiobook-24.com\/en\/wp-json\/wp\/v2\/media\/537"}],"wp:attachment":[{"href":"https:\/\/audiobook-24.com\/en\/wp-json\/wp\/v2\/media?parent=536"}],"wp:term":[{"taxonomy":"product_brand","embeddable":true,"href":"https:\/\/audiobook-24.com\/en\/wp-json\/wp\/v2\/product_brand?post=536"},{"taxonomy":"product_cat","embeddable":true,"href":"https:\/\/audiobook-24.com\/en\/wp-json\/wp\/v2\/product_cat?post=536"},{"taxonomy":"product_tag","embeddable":true,"href":"https:\/\/audiobook-24.com\/en\/wp-json\/wp\/v2\/product_tag?post=536"}],"curies":[{"name":"wp","href":"https:\/\/api.w.org\/{rel}","templated":true}]}}