{"id":512,"date":"2025-11-15T21:49:59","date_gmt":"2025-11-15T21:49:59","guid":{"rendered":"https:\/\/audiobook-24.com\/?post_type=product&#038;p=512"},"modified":"2025-11-15T21:49:59","modified_gmt":"2025-11-15T21:49:59","slug":"%f0%9f%93%9a-ebook-erotik-magazin-playboy-germany-kalender-2020","status":"publish","type":"product","link":"https:\/\/audiobook-24.com\/en\/product\/%f0%9f%93%9a-ebook-erotik-magazin-playboy-germany-kalender-2020\/","title":{"rendered":"\ud83d\udcda Ebook Erotik Magazin: Playboy Germany \u2013 Kalender 2020"},"content":{"rendered":"<div>\n<div>\n<p><span style=\"font-size: x-large;\">\ud83d\udcda\u00a0<strong>Ebook Erotik Magazin: Playboy Germany \u2013 Kalender 2020<\/strong><\/span><\/p>\n<p><span style=\"font-size: x-large;\">Der offizielle Playboy-Kalender 2020 zeigt 12 atemberaubende Playmates in exklusiven Fotoshootings \u2013 ein Monat sch\u00f6ner als der andere. Ein echter Hingucker f\u00fcr alle, die sich das ganze Jahr \u00fcber stilvolle Erotik w\u00fcnschen.<\/span><\/p>\n<\/div>\n<p>&nbsp;<\/p>\n<div>\n<p><span style=\"font-size: x-large;\">\u00a0<\/span>\u2705 Nach der Bezahlung erhalten Sie sofort Ihren pers\u00f6nlichen Downloadlink \u2013<\/p>\n<\/div>\n<\/div>\n<div>\n<p><strong><span style=\"font-size: x-large;\"><br \/>\nf\u00fcr \ud83d\udcf1 Handy | \ud83d\udcbb Tablet | \ud83d\udda5\ufe0f PC | \ud83d\udcd6 E-Reader \u2013<br \/>\nund k\u00f6nnen ihn jederzeit und so oft Sie wollen genie\u00dfen.<\/span><\/strong><\/p>\n<\/div>","protected":false},"excerpt":{"rendered":"<p>\ud83d\udcda\u00a0Ebook Erotik Magazin: Playboy Germany \u2013 Kalender 2020 Der offizielle Playboy-Kalender 2020 zeigt 12 atemberaubende Playmates in exklusiven Fotoshootings \u2013 ein Monat sch\u00f6ner als der andere. Ein echter Hingucker f\u00fcr alle, die sich das ganze Jahr \u00fcber stilvolle Erotik w\u00fcnschen. &nbsp; \u00a0\u2705 Nach der Bezahlung erhalten Sie sofort Ihren pers\u00f6nlichen Downloadlink \u2013 f\u00fcr \ud83d\udcf1 Handy [&hellip;]<\/p>\n","protected":false},"featured_media":513,"comment_status":"open","ping_status":"closed","template":"","meta":[],"product_brand":[],"product_cat":[29,27],"product_tag":[],"class_list":{"0":"post-512","1":"product","2":"type-product","3":"status-publish","4":"has-post-thumbnail","6":"product_cat-erotik","7":"product_cat-playboy-penthouse","9":"first","10":"instock","11":"sale","12":"virtual","13":"purchasable","14":"product-type-simple"},"jetpack_sharing_enabled":true,"_links":{"self":[{"href":"https:\/\/audiobook-24.com\/en\/wp-json\/wp\/v2\/product\/512","targetHints":{"allow":["GET"]}}],"collection":[{"href":"https:\/\/audiobook-24.com\/en\/wp-json\/wp\/v2\/product"}],"about":[{"href":"https:\/\/audiobook-24.com\/en\/wp-json\/wp\/v2\/types\/product"}],"replies":[{"embeddable":true,"href":"https:\/\/audiobook-24.com\/en\/wp-json\/wp\/v2\/comments?post=512"}],"wp:featuredmedia":[{"embeddable":true,"href":"https:\/\/audiobook-24.com\/en\/wp-json\/wp\/v2\/media\/513"}],"wp:attachment":[{"href":"https:\/\/audiobook-24.com\/en\/wp-json\/wp\/v2\/media?parent=512"}],"wp:term":[{"taxonomy":"product_brand","embeddable":true,"href":"https:\/\/audiobook-24.com\/en\/wp-json\/wp\/v2\/product_brand?post=512"},{"taxonomy":"product_cat","embeddable":true,"href":"https:\/\/audiobook-24.com\/en\/wp-json\/wp\/v2\/product_cat?post=512"},{"taxonomy":"product_tag","embeddable":true,"href":"https:\/\/audiobook-24.com\/en\/wp-json\/wp\/v2\/product_tag?post=512"}],"curies":[{"name":"wp","href":"https:\/\/api.w.org\/{rel}","templated":true}]}}