{"id":508,"date":"2025-11-15T21:47:34","date_gmt":"2025-11-15T21:47:34","guid":{"rendered":"https:\/\/audiobook-24.com\/?post_type=product&#038;p=508"},"modified":"2025-11-15T21:47:34","modified_gmt":"2025-11-15T21:47:34","slug":"%f0%9f%93%9a-ebook-erotik-magazin-playboy-maerz-2025","status":"publish","type":"product","link":"https:\/\/audiobook-24.com\/en\/product\/%f0%9f%93%9a-ebook-erotik-magazin-playboy-maerz-2025\/","title":{"rendered":"\ud83d\udcda eBook Erotik Magazin: Playboy \u2013 M\u00e4rz 2025-"},"content":{"rendered":"<p><span style=\"font-family: Open Sans, sans-serif;\"><b><span style=\"font-size: x-large;\">\ud83d\udcda\u00a0<strong>eBook Erotik Magazin: Playboy \u2013 M\u00e4rz 2025<\/strong><\/span><\/b><\/span><\/p>\n<p><span style=\"font-family: Open Sans, sans-serif;\"><b><span style=\"font-size: x-large;\">Stilvoll, sinnlich, ikonisch \u2013 die M\u00e4rz-Ausgabe 2025 des Playboy Magazins bringt alles mit, was das Herz anspruchsvoller Leserinnen und Leser h\u00f6her schlagen l\u00e4sst. Erotik trifft auf Eleganz, Fotokunst auf Pers\u00f6nlichkeit. Die moderne Weiblichkeit zeigt sich in dieser Ausgabe selbstbewusst, nat\u00fcrlich und verf\u00fchrerisch wie nie.<\/span><\/b><\/span><\/p>\n<p><span style=\"font-family: Open Sans, sans-serif;\"><b><span style=\"font-size: x-large;\">Ein Muss f\u00fcr alle, die digitale Erotikmagazine mit Niveau und Stil zu sch\u00e4tzen wissen. Ob unterwegs oder zuhause \u2013 genie\u00dfen Sie diese exklusive Ausgabe jederzeit auf Ihrem Lieblingsger\u00e4t.<\/span><\/b><\/span><\/p>\n<p><span style=\"font-family: Open Sans, sans-serif;\"><b><span style=\"font-size: x-large;\"><strong>Kompatibel mit \ud83d\udcf1 Smartphone | \ud83d\udcbb Tablet | \ud83d\udda5\ufe0f PC | \ud83d\udcd6 E-Reader \u2013 unbegrenzt, jederzeit und \u00fcberall abrufbar.<\/strong><\/span><\/b><\/span><\/p>","protected":false},"excerpt":{"rendered":"<p>\ud83d\udcda\u00a0eBook Erotik Magazin: Playboy \u2013 M\u00e4rz 2025 Stilvoll, sinnlich, ikonisch \u2013 die M\u00e4rz-Ausgabe 2025 des Playboy Magazins bringt alles mit, was das Herz anspruchsvoller Leserinnen und Leser h\u00f6her schlagen l\u00e4sst. Erotik trifft auf Eleganz, Fotokunst auf Pers\u00f6nlichkeit. Die moderne Weiblichkeit zeigt sich in dieser Ausgabe selbstbewusst, nat\u00fcrlich und verf\u00fchrerisch wie nie. Ein Muss f\u00fcr alle, [&hellip;]<\/p>\n","protected":false},"featured_media":509,"comment_status":"open","ping_status":"closed","template":"","meta":[],"product_brand":[],"product_cat":[29,27],"product_tag":[],"class_list":{"0":"post-508","1":"product","2":"type-product","3":"status-publish","4":"has-post-thumbnail","6":"product_cat-erotik","7":"product_cat-playboy-penthouse","9":"first","10":"instock","11":"sale","12":"virtual","13":"purchasable","14":"product-type-simple"},"jetpack_sharing_enabled":true,"_links":{"self":[{"href":"https:\/\/audiobook-24.com\/en\/wp-json\/wp\/v2\/product\/508","targetHints":{"allow":["GET"]}}],"collection":[{"href":"https:\/\/audiobook-24.com\/en\/wp-json\/wp\/v2\/product"}],"about":[{"href":"https:\/\/audiobook-24.com\/en\/wp-json\/wp\/v2\/types\/product"}],"replies":[{"embeddable":true,"href":"https:\/\/audiobook-24.com\/en\/wp-json\/wp\/v2\/comments?post=508"}],"wp:featuredmedia":[{"embeddable":true,"href":"https:\/\/audiobook-24.com\/en\/wp-json\/wp\/v2\/media\/509"}],"wp:attachment":[{"href":"https:\/\/audiobook-24.com\/en\/wp-json\/wp\/v2\/media?parent=508"}],"wp:term":[{"taxonomy":"product_brand","embeddable":true,"href":"https:\/\/audiobook-24.com\/en\/wp-json\/wp\/v2\/product_brand?post=508"},{"taxonomy":"product_cat","embeddable":true,"href":"https:\/\/audiobook-24.com\/en\/wp-json\/wp\/v2\/product_cat?post=508"},{"taxonomy":"product_tag","embeddable":true,"href":"https:\/\/audiobook-24.com\/en\/wp-json\/wp\/v2\/product_tag?post=508"}],"curies":[{"name":"wp","href":"https:\/\/api.w.org\/{rel}","templated":true}]}}