{"id":502,"date":"2025-11-15T21:42:52","date_gmt":"2025-11-15T21:42:52","guid":{"rendered":"https:\/\/audiobook-24.com\/?post_type=product&#038;p=502"},"modified":"2025-11-15T21:42:53","modified_gmt":"2025-11-15T21:42:53","slug":"%f0%9f%93%9a-ebook-erotik-playboy-germany-special-edition-50-schoenste-serienstars","status":"publish","type":"product","link":"https:\/\/audiobook-24.com\/en\/product\/%f0%9f%93%9a-ebook-erotik-playboy-germany-special-edition-50-schoenste-serienstars\/","title":{"rendered":"\ud83d\udcda eBook Erotik: Playboy Germany Special Edition \u2013 50 Sch\u00f6nste Serienstars"},"content":{"rendered":"<p><span style=\"font-size: xx-large;\">\ud83d\udcda\u00a0<strong>eBook Erotik: Playboy Germany Special Edition \u2013 50 Sch\u00f6nste Serienstars<\/strong><\/span><\/p>\n<p><span style=\"font-size: xx-large;\"><br \/>\n<\/span><strong><span style=\"font-size: x-large;\">Inhalt<\/span><\/strong><\/p>\n<p><span style=\"font-size: x-large;\">Die Special Edition des\u00a0<em>Playboy Germany<\/em>\u00a0pr\u00e4sentiert die 50 sch\u00f6nsten Serienstars in exklusiven Fotostrecken und spannenden Portr\u00e4ts. Stilvolle Erotik trifft auf Glamour, Unterhaltung und Lifestyle \u2013 ein Highlight f\u00fcr Fans von Serien, Film und TV-Stars. Tauchen Sie ein in exklusive Einblicke, Interviews und faszinierende Bilder, die das besondere Flair dieser Ausgabe ausmachen.<\/span><\/p>\n<p><span style=\"font-size: x-large;\">\u2705 Nach der Bezahlung erhalten Sie sofort Ihren pers\u00f6nlichen Downloadlink f\u00fcr:<\/span><\/p>\n<p><span style=\"font-size: x-large;\"><br \/>\n\ud83d\udcf1 Handy\u2003|\u2003\ud83d\udcbb Tablet\u2003|\u2003\ud83d\udda5\ufe0f PC\u2003|\u2003\ud83c\udfa7 MP4-Player<\/span><\/p>\n<p><span style=\"font-size: x-large;\">Ein eBook voller Eleganz, Erotik und Entertainment \u2013 genie\u00dfen Sie die\u00a0<em>Playboy Germany Special Edition \u2013 50 Sch\u00f6nste Serienstars<\/em>\u00a0jederzeit und so oft Sie wollen!<\/span><\/p>","protected":false},"excerpt":{"rendered":"<p>\ud83d\udcda\u00a0eBook Erotik: Playboy Germany Special Edition \u2013 50 Sch\u00f6nste Serienstars Inhalt Die Special Edition des\u00a0Playboy Germany\u00a0pr\u00e4sentiert die 50 sch\u00f6nsten Serienstars in exklusiven Fotostrecken und spannenden Portr\u00e4ts. Stilvolle Erotik trifft auf Glamour, Unterhaltung und Lifestyle \u2013 ein Highlight f\u00fcr Fans von Serien, Film und TV-Stars. Tauchen Sie ein in exklusive Einblicke, Interviews und faszinierende Bilder, die [&hellip;]<\/p>\n","protected":false},"featured_media":503,"comment_status":"open","ping_status":"closed","template":"","meta":[],"product_brand":[],"product_cat":[29,27],"product_tag":[],"class_list":{"0":"post-502","1":"product","2":"type-product","3":"status-publish","4":"has-post-thumbnail","6":"product_cat-erotik","7":"product_cat-playboy-penthouse","9":"first","10":"instock","11":"sale","12":"virtual","13":"purchasable","14":"product-type-simple"},"jetpack_sharing_enabled":true,"_links":{"self":[{"href":"https:\/\/audiobook-24.com\/en\/wp-json\/wp\/v2\/product\/502","targetHints":{"allow":["GET"]}}],"collection":[{"href":"https:\/\/audiobook-24.com\/en\/wp-json\/wp\/v2\/product"}],"about":[{"href":"https:\/\/audiobook-24.com\/en\/wp-json\/wp\/v2\/types\/product"}],"replies":[{"embeddable":true,"href":"https:\/\/audiobook-24.com\/en\/wp-json\/wp\/v2\/comments?post=502"}],"wp:featuredmedia":[{"embeddable":true,"href":"https:\/\/audiobook-24.com\/en\/wp-json\/wp\/v2\/media\/503"}],"wp:attachment":[{"href":"https:\/\/audiobook-24.com\/en\/wp-json\/wp\/v2\/media?parent=502"}],"wp:term":[{"taxonomy":"product_brand","embeddable":true,"href":"https:\/\/audiobook-24.com\/en\/wp-json\/wp\/v2\/product_brand?post=502"},{"taxonomy":"product_cat","embeddable":true,"href":"https:\/\/audiobook-24.com\/en\/wp-json\/wp\/v2\/product_cat?post=502"},{"taxonomy":"product_tag","embeddable":true,"href":"https:\/\/audiobook-24.com\/en\/wp-json\/wp\/v2\/product_tag?post=502"}],"curies":[{"name":"wp","href":"https:\/\/api.w.org\/{rel}","templated":true}]}}