{"id":496,"date":"2025-11-15T21:37:56","date_gmt":"2025-11-15T21:37:56","guid":{"rendered":"https:\/\/audiobook-24.com\/?post_type=product&#038;p=496"},"modified":"2025-11-15T21:37:56","modified_gmt":"2025-11-15T21:37:56","slug":"%f0%9f%93%9a-ebook-erotik-magazin-playboy-maerz-2007-sofort-download","status":"publish","type":"product","link":"https:\/\/audiobook-24.com\/en\/product\/%f0%9f%93%9a-ebook-erotik-magazin-playboy-maerz-2007-sofort-download\/","title":{"rendered":"\ud83d\udcda Ebook Erotik Magazin: Playboy M\u00e4rz 2007 sofort Download"},"content":{"rendered":"<h2>\ud83d\udcda\u00a0<strong>Ebook Erotik Magazin: Playboy 3 \u2013 M\u00e4rz 2007<\/strong><\/h2>\n<p><span style=\"font-size: x-large;\">Die M\u00e4rzausgabe 2007 pr\u00e4sentiert exklusive Fotostrecken, spannende Interviews mit prominenten Pers\u00f6nlichkeiten und Artikel zu Lifestyle, Kultur und Entertainment. Ein Mix aus Erotik, Stil und anspruchsvoller Unterhaltung \u2013 klassisch im Playboy-Stil.<\/span><\/p>\n<p><strong><span style=\"font-size: x-large;\">\u2705 Nach der Bezahlung erhalten Sie sofort Ihren pers\u00f6nlichen Downloadlink \u2013<\/span><\/strong><\/p>\n<p><strong><span style=\"font-size: x-large;\"><br \/>\nf\u00fcr \ud83d\udcf1 Handy | \ud83d\udcbb Tablet | \ud83d\udda5\ufe0f PC | \ud83d\udcda E-Reader \u2013<br \/>\nund k\u00f6nnen ihn jederzeit und so oft Sie wollen genie\u00dfen.<\/span><\/strong><\/p>","protected":false},"excerpt":{"rendered":"<p>\ud83d\udcda\u00a0Ebook Erotik Magazin: Playboy 3 \u2013 M\u00e4rz 2007 Die M\u00e4rzausgabe 2007 pr\u00e4sentiert exklusive Fotostrecken, spannende Interviews mit prominenten Pers\u00f6nlichkeiten und Artikel zu Lifestyle, Kultur und Entertainment. Ein Mix aus Erotik, Stil und anspruchsvoller Unterhaltung \u2013 klassisch im Playboy-Stil. \u2705 Nach der Bezahlung erhalten Sie sofort Ihren pers\u00f6nlichen Downloadlink \u2013 f\u00fcr \ud83d\udcf1 Handy | \ud83d\udcbb Tablet [&hellip;]<\/p>\n","protected":false},"featured_media":497,"comment_status":"open","ping_status":"closed","template":"","meta":[],"product_brand":[],"product_cat":[29,32],"product_tag":[],"class_list":{"0":"post-496","1":"product","2":"type-product","3":"status-publish","4":"has-post-thumbnail","6":"product_cat-erotik","7":"product_cat-us-hustler-usw","9":"first","10":"instock","11":"sale","12":"virtual","13":"purchasable","14":"product-type-simple"},"jetpack_sharing_enabled":true,"_links":{"self":[{"href":"https:\/\/audiobook-24.com\/en\/wp-json\/wp\/v2\/product\/496","targetHints":{"allow":["GET"]}}],"collection":[{"href":"https:\/\/audiobook-24.com\/en\/wp-json\/wp\/v2\/product"}],"about":[{"href":"https:\/\/audiobook-24.com\/en\/wp-json\/wp\/v2\/types\/product"}],"replies":[{"embeddable":true,"href":"https:\/\/audiobook-24.com\/en\/wp-json\/wp\/v2\/comments?post=496"}],"wp:featuredmedia":[{"embeddable":true,"href":"https:\/\/audiobook-24.com\/en\/wp-json\/wp\/v2\/media\/497"}],"wp:attachment":[{"href":"https:\/\/audiobook-24.com\/en\/wp-json\/wp\/v2\/media?parent=496"}],"wp:term":[{"taxonomy":"product_brand","embeddable":true,"href":"https:\/\/audiobook-24.com\/en\/wp-json\/wp\/v2\/product_brand?post=496"},{"taxonomy":"product_cat","embeddable":true,"href":"https:\/\/audiobook-24.com\/en\/wp-json\/wp\/v2\/product_cat?post=496"},{"taxonomy":"product_tag","embeddable":true,"href":"https:\/\/audiobook-24.com\/en\/wp-json\/wp\/v2\/product_tag?post=496"}],"curies":[{"name":"wp","href":"https:\/\/api.w.org\/{rel}","templated":true}]}}