{"id":468,"date":"2025-11-15T21:16:06","date_gmt":"2025-11-15T21:16:06","guid":{"rendered":"https:\/\/audiobook-24.com\/?post_type=product&#038;p=468"},"modified":"2025-11-15T21:16:07","modified_gmt":"2025-11-15T21:16:07","slug":"%f0%9f%93%9a-ebook-erotik-playboy-germany-tattoo-sofort-download","status":"publish","type":"product","link":"https:\/\/audiobook-24.com\/en\/product\/%f0%9f%93%9a-ebook-erotik-playboy-germany-tattoo-sofort-download\/","title":{"rendered":"\ud83d\udcda eBook Erotik: Playboy Germany \u2013 Tattoo sofort Download"},"content":{"rendered":"<div>\n<p><span style=\"font-size: xx-large;\">\ud83d\udcda\u00a0<strong>eBook Erotik: Playboy Germany \u2013 Tattoo<\/strong><\/span><\/p>\n<p><span style=\"font-size: xx-large;\"><br \/>\n<strong><span style=\"font-size: x-large;\">Inhalt<\/span><\/strong><\/span><\/p>\n<p><span style=\"font-size: xx-large;\"><span style=\"font-size: x-large;\">Die\u00a0<em>Playboy Germany \u2013 Tattoo<\/em>\u00a0Ausgabe vereint sinnliche Erotik mit der faszinierenden Welt der Tattoos. Exklusive Fotostrecken, spannende Interviews und Reportagen zeigen die \u00c4sthetik, Kunst und Pers\u00f6nlichkeit hinter jeder T\u00e4towierung. Neben erotischen Highlights erwarten Sie Einblicke in Lifestyle, Trends und kreative Ideen \u2013 modern, stilvoll und unterhaltsam.<\/span><\/span><\/p>\n<p><span style=\"font-size: xx-large;\"><br \/>\n<\/span><\/div>\n<p>&nbsp;<\/p>\n<p><strong><span style=\"font-size: x-large;\">\u2705 Nach der Bezahlung erhalten Sie sofort Ihren pers\u00f6nlichen Downloadlink\u00a0<\/span><\/strong><\/p>\n<p><strong><span style=\"font-size: x-large;\"><br \/>\nf\u00fcr \ud83d\udcf1 Handy | \ud83d\udcbb Tablet | \ud83d\udda5\ufe0f PC | \ud83d\udcda E-Reader \u2013<br \/>\nund k\u00f6nnen ihn jederzeit und so oft Sie wollen genie\u00dfen.<\/span><\/strong><\/p>","protected":false},"excerpt":{"rendered":"<p>\ud83d\udcda\u00a0eBook Erotik: Playboy Germany \u2013 Tattoo Inhalt Die\u00a0Playboy Germany \u2013 Tattoo\u00a0Ausgabe vereint sinnliche Erotik mit der faszinierenden Welt der Tattoos. Exklusive Fotostrecken, spannende Interviews und Reportagen zeigen die \u00c4sthetik, Kunst und Pers\u00f6nlichkeit hinter jeder T\u00e4towierung. Neben erotischen Highlights erwarten Sie Einblicke in Lifestyle, Trends und kreative Ideen \u2013 modern, stilvoll und unterhaltsam. &nbsp; \u2705 Nach [&hellip;]<\/p>\n","protected":false},"featured_media":469,"comment_status":"open","ping_status":"closed","template":"","meta":[],"product_brand":[],"product_cat":[29,27],"product_tag":[],"class_list":{"0":"post-468","1":"product","2":"type-product","3":"status-publish","4":"has-post-thumbnail","6":"product_cat-erotik","7":"product_cat-playboy-penthouse","9":"first","10":"instock","11":"sale","12":"virtual","13":"purchasable","14":"product-type-simple"},"jetpack_sharing_enabled":true,"_links":{"self":[{"href":"https:\/\/audiobook-24.com\/en\/wp-json\/wp\/v2\/product\/468","targetHints":{"allow":["GET"]}}],"collection":[{"href":"https:\/\/audiobook-24.com\/en\/wp-json\/wp\/v2\/product"}],"about":[{"href":"https:\/\/audiobook-24.com\/en\/wp-json\/wp\/v2\/types\/product"}],"replies":[{"embeddable":true,"href":"https:\/\/audiobook-24.com\/en\/wp-json\/wp\/v2\/comments?post=468"}],"wp:featuredmedia":[{"embeddable":true,"href":"https:\/\/audiobook-24.com\/en\/wp-json\/wp\/v2\/media\/469"}],"wp:attachment":[{"href":"https:\/\/audiobook-24.com\/en\/wp-json\/wp\/v2\/media?parent=468"}],"wp:term":[{"taxonomy":"product_brand","embeddable":true,"href":"https:\/\/audiobook-24.com\/en\/wp-json\/wp\/v2\/product_brand?post=468"},{"taxonomy":"product_cat","embeddable":true,"href":"https:\/\/audiobook-24.com\/en\/wp-json\/wp\/v2\/product_cat?post=468"},{"taxonomy":"product_tag","embeddable":true,"href":"https:\/\/audiobook-24.com\/en\/wp-json\/wp\/v2\/product_tag?post=468"}],"curies":[{"name":"wp","href":"https:\/\/api.w.org\/{rel}","templated":true}]}}