{"id":454,"date":"2025-11-15T21:03:09","date_gmt":"2025-11-15T21:03:09","guid":{"rendered":"https:\/\/audiobook-24.com\/?post_type=product&#038;p=454"},"modified":"2025-11-15T21:03:09","modified_gmt":"2025-11-15T21:03:09","slug":"%f0%9f%93%9a-ebook-erotik-playboy-germany-02-20-sofort-download","status":"publish","type":"product","link":"https:\/\/audiobook-24.com\/en\/product\/%f0%9f%93%9a-ebook-erotik-playboy-germany-02-20-sofort-download\/","title":{"rendered":"\ud83d\udcda eBook Erotik: Playboy Germany \u2013 02-20 sofort Download"},"content":{"rendered":"<p><span style=\"font-size: xx-large;\">\ud83d\udcda\u00a0<strong>eBook Erotik: Playboy Germany \u2013 Spezial US Stars 2020<\/strong><\/span><\/p>\n<p><span style=\"font-size: xx-large;\"><br \/>\n<\/span><strong><span style=\"font-size: x-large;\">Inhalt<\/span><\/strong><\/p>\n<p><span style=\"font-size: x-large;\">Die Ausgabe\u00a0<em>Playboy Germany Spezial US Stars 2020<\/em>\u00a0pr\u00e4sentiert exklusive Fotostrecken der sch\u00f6nsten US-Promis. Glamour, Stil und sinnliche Erotik treffen auf spannende Hintergrundberichte und Interviews. Neben verf\u00fchrerischen Bildern erwarten Sie spannende Einblicke in Lifestyle, Film, Serien und die Welt der Stars.<\/span><\/p>\n<p><span style=\"font-size: x-large;\">\u2705 Nach der Bezahlung erhalten Sie sofort Ihren pers\u00f6nlichen Downloadlink f\u00fcr:<\/span><\/p>","protected":false},"excerpt":{"rendered":"<p>\ud83d\udcda\u00a0eBook Erotik: Playboy Germany \u2013 Spezial US Stars 2020 Inhalt Die Ausgabe\u00a0Playboy Germany Spezial US Stars 2020\u00a0pr\u00e4sentiert exklusive Fotostrecken der sch\u00f6nsten US-Promis. Glamour, Stil und sinnliche Erotik treffen auf spannende Hintergrundberichte und Interviews. Neben verf\u00fchrerischen Bildern erwarten Sie spannende Einblicke in Lifestyle, Film, Serien und die Welt der Stars. \u2705 Nach der Bezahlung erhalten Sie [&hellip;]<\/p>\n","protected":false},"featured_media":455,"comment_status":"open","ping_status":"closed","template":"","meta":[],"product_brand":[],"product_cat":[29,27],"product_tag":[],"class_list":{"0":"post-454","1":"product","2":"type-product","3":"status-publish","4":"has-post-thumbnail","6":"product_cat-erotik","7":"product_cat-playboy-penthouse","9":"first","10":"instock","11":"sale","12":"virtual","13":"purchasable","14":"product-type-simple"},"jetpack_sharing_enabled":true,"_links":{"self":[{"href":"https:\/\/audiobook-24.com\/en\/wp-json\/wp\/v2\/product\/454","targetHints":{"allow":["GET"]}}],"collection":[{"href":"https:\/\/audiobook-24.com\/en\/wp-json\/wp\/v2\/product"}],"about":[{"href":"https:\/\/audiobook-24.com\/en\/wp-json\/wp\/v2\/types\/product"}],"replies":[{"embeddable":true,"href":"https:\/\/audiobook-24.com\/en\/wp-json\/wp\/v2\/comments?post=454"}],"wp:featuredmedia":[{"embeddable":true,"href":"https:\/\/audiobook-24.com\/en\/wp-json\/wp\/v2\/media\/455"}],"wp:attachment":[{"href":"https:\/\/audiobook-24.com\/en\/wp-json\/wp\/v2\/media?parent=454"}],"wp:term":[{"taxonomy":"product_brand","embeddable":true,"href":"https:\/\/audiobook-24.com\/en\/wp-json\/wp\/v2\/product_brand?post=454"},{"taxonomy":"product_cat","embeddable":true,"href":"https:\/\/audiobook-24.com\/en\/wp-json\/wp\/v2\/product_cat?post=454"},{"taxonomy":"product_tag","embeddable":true,"href":"https:\/\/audiobook-24.com\/en\/wp-json\/wp\/v2\/product_tag?post=454"}],"curies":[{"name":"wp","href":"https:\/\/api.w.org\/{rel}","templated":true}]}}