{"id":452,"date":"2025-11-15T21:01:33","date_gmt":"2025-11-15T21:01:33","guid":{"rendered":"https:\/\/audiobook-24.com\/?post_type=product&#038;p=452"},"modified":"2025-11-15T21:01:33","modified_gmt":"2025-11-15T21:01:33","slug":"%f0%9f%93%9a-ebook-erotik-playboy-germany-best-of-sports","status":"publish","type":"product","link":"https:\/\/audiobook-24.com\/en\/product\/%f0%9f%93%9a-ebook-erotik-playboy-germany-best-of-sports\/","title":{"rendered":"\ud83d\udcda eBook Erotik: Playboy Germany \u2013 Best of  sports"},"content":{"rendered":"<div>\n<div>\n<p><span style=\"font-family: Open Sans, sans-serif;\"><b><span style=\"font-size: x-large;\">\ud83d\udcda\u00a0<strong>eBook Erotik: Playboy Germany Special Edition \u2013 Best of Sports 2021<\/strong><\/span><\/b><\/span><\/p>\n<p><span style=\"font-family: Open Sans, sans-serif;\"><b><span style=\"font-size: x-large;\"><br \/>\n<strong>Inhalt<\/strong><\/span><\/b><\/span><\/p>\n<p><span style=\"font-family: Open Sans, sans-serif;\"><b><span style=\"font-size: x-large;\">Die Special Edition\u00a0<em>Best of Sports 2021<\/em>\u00a0vereint Erotik, Glamour und sportliche \u00c4sthetik. Exklusive Fotostrecken zeigen die sch\u00f6nsten Athletinnen und Models in dynamischen, verf\u00fchrerischen Szenen. Dazu erwarten Sie spannende Interviews, Reportagen und Einblicke in Lifestyle, Fitness und Trends \u2013 modern, stilvoll und unterhaltsam.<\/span><\/b><\/span><\/p>\n<p><span style=\"font-family: Open Sans, sans-serif;\"><b><span style=\"font-size: x-large;\">\u00a0<\/span><\/b><\/span><\/p>\n<\/div>\n<\/div>\n<p>&nbsp;<\/p>\n<div>\n<p><span style=\"font-family: Open Sans, sans-serif;\"><b><span style=\"font-size: x-large;\"><strong>\u2705 Nach der Bezahlung erhalten Sie sofort Ihren pers\u00f6nlichen Downloadlink \u2013<\/strong><\/span><\/b><\/span><\/p>\n<p><span style=\"font-family: Open Sans, sans-serif;\"><b><span style=\"font-size: x-large;\"><strong><br \/>\nf\u00fcr \ud83d\udcf1 Handy | \ud83d\udcbb Tablet | \ud83d\udda5\ufe0f PC | \ud83d\udcda E-Reader \u2013<br \/>\nund k\u00f6nnen ihn jederzeit und so oft Sie wollen genie\u00dfen.<\/strong><\/span><\/b><\/span><\/p>\n<\/div>\n<p>&nbsp;<\/p>\n<div>\n<div><span style=\"color: #202020; font-family: Arial, Helvetica Neue, Helvetica, sans-serif; font-size: xx-large;\"><b>\u00a0<\/b><\/span><\/div>\n<\/div>","protected":false},"excerpt":{"rendered":"<p>\ud83d\udcda\u00a0eBook Erotik: Playboy Germany Special Edition \u2013 Best of Sports 2021 Inhalt Die Special Edition\u00a0Best of Sports 2021\u00a0vereint Erotik, Glamour und sportliche \u00c4sthetik. Exklusive Fotostrecken zeigen die sch\u00f6nsten Athletinnen und Models in dynamischen, verf\u00fchrerischen Szenen. Dazu erwarten Sie spannende Interviews, Reportagen und Einblicke in Lifestyle, Fitness und Trends \u2013 modern, stilvoll und unterhaltsam. \u00a0 &nbsp; [&hellip;]<\/p>\n","protected":false},"featured_media":453,"comment_status":"open","ping_status":"closed","template":"","meta":[],"product_brand":[],"product_cat":[29,27],"product_tag":[],"class_list":{"0":"post-452","1":"product","2":"type-product","3":"status-publish","4":"has-post-thumbnail","6":"product_cat-erotik","7":"product_cat-playboy-penthouse","9":"first","10":"instock","11":"sale","12":"virtual","13":"purchasable","14":"product-type-simple"},"jetpack_sharing_enabled":true,"_links":{"self":[{"href":"https:\/\/audiobook-24.com\/en\/wp-json\/wp\/v2\/product\/452","targetHints":{"allow":["GET"]}}],"collection":[{"href":"https:\/\/audiobook-24.com\/en\/wp-json\/wp\/v2\/product"}],"about":[{"href":"https:\/\/audiobook-24.com\/en\/wp-json\/wp\/v2\/types\/product"}],"replies":[{"embeddable":true,"href":"https:\/\/audiobook-24.com\/en\/wp-json\/wp\/v2\/comments?post=452"}],"wp:featuredmedia":[{"embeddable":true,"href":"https:\/\/audiobook-24.com\/en\/wp-json\/wp\/v2\/media\/453"}],"wp:attachment":[{"href":"https:\/\/audiobook-24.com\/en\/wp-json\/wp\/v2\/media?parent=452"}],"wp:term":[{"taxonomy":"product_brand","embeddable":true,"href":"https:\/\/audiobook-24.com\/en\/wp-json\/wp\/v2\/product_brand?post=452"},{"taxonomy":"product_cat","embeddable":true,"href":"https:\/\/audiobook-24.com\/en\/wp-json\/wp\/v2\/product_cat?post=452"},{"taxonomy":"product_tag","embeddable":true,"href":"https:\/\/audiobook-24.com\/en\/wp-json\/wp\/v2\/product_tag?post=452"}],"curies":[{"name":"wp","href":"https:\/\/api.w.org\/{rel}","templated":true}]}}