{"id":450,"date":"2025-11-15T20:59:55","date_gmt":"2025-11-15T20:59:55","guid":{"rendered":"https:\/\/audiobook-24.com\/?post_type=product&#038;p=450"},"modified":"2025-11-15T20:59:55","modified_gmt":"2025-11-15T20:59:55","slug":"%f0%9f%93%98-e-book-playboy-germany-special-edition-non-blondes","status":"publish","type":"product","link":"https:\/\/audiobook-24.com\/en\/product\/%f0%9f%93%98-e-book-playboy-germany-special-edition-non-blondes\/","title":{"rendered":"\ud83d\udcd8 E-Book Playboy Germany \u2013 Special Edition: Non Blondes"},"content":{"rendered":"<h2><strong>\ud83d\udcd8\u00a0E-Book Playboy Germany \u2013 Special Edition: Non Blondes<\/strong><\/h2>\n<div>\n<p><span style=\"font-family: Arial, Helvetica Neue, Helvetica, sans-serif;\"><span style=\"font-size: large;\"><strong>Mutig. Anders. Inspirierend.<\/strong><br \/>\nDie Special Edition\u00a0<strong>Non Blondes<\/strong>\u00a0des\u00a0<strong>Playboy Germany<\/strong>\u00a0feiert die Vielfalt jenseits klassischer Sch\u00f6nheitsideale.<br \/>\nErlebe exklusive Fotostrecken, spannende Interviews und Lifestyle-Themen, die selbstbewusste Pers\u00f6nlichkeiten und au\u00dfergew\u00f6hnliche Geschichten in den Vordergrund stellen.<\/span><\/span><\/p>\n<p><span style=\"font-family: Arial, Helvetica Neue, Helvetica, sans-serif;\"><span style=\"font-size: large;\">Eine digitale Ausgabe voller Eleganz, Inspiration und modernen Statements \u2013 stilvoll, hochwertig und jederzeit verf\u00fcgbar.<\/span><\/span><\/p>\n<p><span style=\"font-family: Arial, Helvetica Neue, Helvetica, sans-serif;\"><span style=\"font-size: large;\">\ud83d\udcd6\u00a0<strong>Format:<\/strong>\u00a0E-Book<br \/>\n\ud83d\udcf2\u00a0<strong>Verf\u00fcgbarkeit:<\/strong>\u00a0Sofort nach dem Kauf als Download erh\u00e4ltlich<br \/>\n\ud83d\udcbb\ud83d\udcf1\ud83d\udcda\u00a0<strong>Lesbar auf:<\/strong>\u00a0<strong>PC, Handy, Tablet und allen E-Book-Readern<\/strong><br \/>\n\u267e\ufe0f\u00a0<strong>Besonderheit:<\/strong>\u00a0<strong>Einmal gekauft \u2013 geh\u00f6rt es dir f\u00fcr immer und kann jederzeit unbegrenzt gelesen werden<\/strong><\/span><\/span><\/p>\n<\/div>","protected":false},"excerpt":{"rendered":"<p>\ud83d\udcd8\u00a0E-Book Playboy Germany \u2013 Special Edition: Non Blondes Mutig. Anders. Inspirierend. Die Special Edition\u00a0Non Blondes\u00a0des\u00a0Playboy Germany\u00a0feiert die Vielfalt jenseits klassischer Sch\u00f6nheitsideale. Erlebe exklusive Fotostrecken, spannende Interviews und Lifestyle-Themen, die selbstbewusste Pers\u00f6nlichkeiten und au\u00dfergew\u00f6hnliche Geschichten in den Vordergrund stellen. Eine digitale Ausgabe voller Eleganz, Inspiration und modernen Statements \u2013 stilvoll, hochwertig und jederzeit verf\u00fcgbar. \ud83d\udcd6\u00a0Format:\u00a0E-Book \ud83d\udcf2\u00a0Verf\u00fcgbarkeit:\u00a0Sofort [&hellip;]<\/p>\n","protected":false},"featured_media":451,"comment_status":"open","ping_status":"closed","template":"","meta":[],"product_brand":[],"product_cat":[29,27],"product_tag":[],"class_list":{"0":"post-450","1":"product","2":"type-product","3":"status-publish","4":"has-post-thumbnail","6":"product_cat-erotik","7":"product_cat-playboy-penthouse","9":"first","10":"instock","11":"sale","12":"virtual","13":"purchasable","14":"product-type-simple"},"jetpack_sharing_enabled":true,"_links":{"self":[{"href":"https:\/\/audiobook-24.com\/en\/wp-json\/wp\/v2\/product\/450","targetHints":{"allow":["GET"]}}],"collection":[{"href":"https:\/\/audiobook-24.com\/en\/wp-json\/wp\/v2\/product"}],"about":[{"href":"https:\/\/audiobook-24.com\/en\/wp-json\/wp\/v2\/types\/product"}],"replies":[{"embeddable":true,"href":"https:\/\/audiobook-24.com\/en\/wp-json\/wp\/v2\/comments?post=450"}],"wp:featuredmedia":[{"embeddable":true,"href":"https:\/\/audiobook-24.com\/en\/wp-json\/wp\/v2\/media\/451"}],"wp:attachment":[{"href":"https:\/\/audiobook-24.com\/en\/wp-json\/wp\/v2\/media?parent=450"}],"wp:term":[{"taxonomy":"product_brand","embeddable":true,"href":"https:\/\/audiobook-24.com\/en\/wp-json\/wp\/v2\/product_brand?post=450"},{"taxonomy":"product_cat","embeddable":true,"href":"https:\/\/audiobook-24.com\/en\/wp-json\/wp\/v2\/product_cat?post=450"},{"taxonomy":"product_tag","embeddable":true,"href":"https:\/\/audiobook-24.com\/en\/wp-json\/wp\/v2\/product_tag?post=450"}],"curies":[{"name":"wp","href":"https:\/\/api.w.org\/{rel}","templated":true}]}}