{"id":445,"date":"2025-11-15T20:54:10","date_gmt":"2025-11-15T20:54:10","guid":{"rendered":"https:\/\/audiobook-24.com\/?post_type=product&#038;p=445"},"modified":"2025-11-15T20:54:11","modified_gmt":"2025-11-15T20:54:11","slug":"%f0%9f%93%98-e-book-fhm-sweden-october-2019","status":"publish","type":"product","link":"https:\/\/audiobook-24.com\/en\/product\/%f0%9f%93%98-e-book-fhm-sweden-october-2019\/","title":{"rendered":"\ud83d\udcd8 E-Book FHM Sweden \u2013 October 2019"},"content":{"rendered":"<h3>\ud83d\udcd8\u00a0<strong>E-Book FHM Sweden \u2013 October 2019<\/strong><\/h3>\n<p><span style=\"font-size: large;\"><strong>Stilvoll. Modern. Inspirierend.<\/strong><br \/>\nDie Oktober-Ausgabe 2019 des\u00a0<strong>FHM Sweden<\/strong>\u00a0bietet exklusive Fotostrecken, spannende Interviews und hochwertige Lifestyle-Themen f\u00fcr den modernen Leser.<br \/>\nVon faszinierenden Pers\u00f6nlichkeiten \u00fcber Mode, Technik, Reisen und Kultur bis hin zu Unterhaltung \u2013 diese Ausgabe vereint alles, was ein Premium-M\u00e4nnermagazin ausmacht, jetzt digital erlebbar.<\/span><\/p>\n<p><span style=\"font-size: large;\">Ein E-Book voller Stil, Unterhaltung und Inspiration \u2013 jederzeit und \u00fcberall verf\u00fcgbar.<\/span><\/p>\n<p><span style=\"font-size: large;\">\ud83d\udcd6\u00a0<strong>Format:<\/strong>\u00a0E-Book<br \/>\n\ud83d\udcf2\u00a0<strong>Verf\u00fcgbarkeit:<\/strong>\u00a0Sofort nach dem Kauf als Download erh\u00e4ltlich<br \/>\n\ud83d\udcbb\ud83d\udcf1\ud83d\udcda\u00a0<strong>Lesbar auf:<\/strong>\u00a0<strong>PC, Handy, Tablet und allen E-Book-Readern<\/strong><br \/>\n\u267e\ufe0f\u00a0<strong>Besonderheit:<\/strong>\u00a0<strong>Einmal gekauft \u2013 geh\u00f6rt es dir f\u00fcr immer und kann jederzeit unbegrenzt gelesen werden<\/strong><\/span><\/p>","protected":false},"excerpt":{"rendered":"<p>\ud83d\udcd8\u00a0E-Book FHM Sweden \u2013 October 2019 Stilvoll. Modern. Inspirierend. Die Oktober-Ausgabe 2019 des\u00a0FHM Sweden\u00a0bietet exklusive Fotostrecken, spannende Interviews und hochwertige Lifestyle-Themen f\u00fcr den modernen Leser. Von faszinierenden Pers\u00f6nlichkeiten \u00fcber Mode, Technik, Reisen und Kultur bis hin zu Unterhaltung \u2013 diese Ausgabe vereint alles, was ein Premium-M\u00e4nnermagazin ausmacht, jetzt digital erlebbar. Ein E-Book voller Stil, Unterhaltung [&hellip;]<\/p>\n","protected":false},"featured_media":446,"comment_status":"open","ping_status":"closed","template":"","meta":[],"product_brand":[],"product_cat":[29,32],"product_tag":[],"class_list":{"0":"post-445","1":"product","2":"type-product","3":"status-publish","4":"has-post-thumbnail","6":"product_cat-erotik","7":"product_cat-us-hustler-usw","9":"first","10":"instock","11":"sale","12":"virtual","13":"purchasable","14":"product-type-simple"},"jetpack_sharing_enabled":true,"_links":{"self":[{"href":"https:\/\/audiobook-24.com\/en\/wp-json\/wp\/v2\/product\/445","targetHints":{"allow":["GET"]}}],"collection":[{"href":"https:\/\/audiobook-24.com\/en\/wp-json\/wp\/v2\/product"}],"about":[{"href":"https:\/\/audiobook-24.com\/en\/wp-json\/wp\/v2\/types\/product"}],"replies":[{"embeddable":true,"href":"https:\/\/audiobook-24.com\/en\/wp-json\/wp\/v2\/comments?post=445"}],"wp:featuredmedia":[{"embeddable":true,"href":"https:\/\/audiobook-24.com\/en\/wp-json\/wp\/v2\/media\/446"}],"wp:attachment":[{"href":"https:\/\/audiobook-24.com\/en\/wp-json\/wp\/v2\/media?parent=445"}],"wp:term":[{"taxonomy":"product_brand","embeddable":true,"href":"https:\/\/audiobook-24.com\/en\/wp-json\/wp\/v2\/product_brand?post=445"},{"taxonomy":"product_cat","embeddable":true,"href":"https:\/\/audiobook-24.com\/en\/wp-json\/wp\/v2\/product_cat?post=445"},{"taxonomy":"product_tag","embeddable":true,"href":"https:\/\/audiobook-24.com\/en\/wp-json\/wp\/v2\/product_tag?post=445"}],"curies":[{"name":"wp","href":"https:\/\/api.w.org\/{rel}","templated":true}]}}