{"id":437,"date":"2025-11-15T20:38:30","date_gmt":"2025-11-15T20:38:30","guid":{"rendered":"https:\/\/audiobook-24.com\/?post_type=product&#038;p=437"},"modified":"2025-11-15T20:38:30","modified_gmt":"2025-11-15T20:38:30","slug":"%f0%9f%93%98-playboy-germany-april-2019-e-book","status":"publish","type":"product","link":"https:\/\/audiobook-24.com\/en\/product\/%f0%9f%93%98-playboy-germany-april-2019-e-book\/","title":{"rendered":"\ud83d\udcd8 Playboy Germany \u2013 April 2019 (E-Book)"},"content":{"rendered":"<h3>\ud83d\udcd8\u00a0<strong>Playboy Germany \u2013 April 2019 (E-Book)<\/strong><\/h3>\n<p><span style=\"font-size: large;\"><strong>Stil. Klasse. Leidenschaft.<\/strong><br \/>\nDie April-Ausgabe 2019 des\u00a0<strong>Playboy Germany<\/strong>\u00a0steht ganz im Zeichen von Eleganz, Lifestyle und spannenden Reportagen. Neben exklusiven Interviews, hochwertigen Fotostrecken und faszinierenden Hintergrundgeschichten bietet dieses Magazin alles, was anspruchsvolle Leser sch\u00e4tzen.<\/span><\/p>\n<p><span style=\"font-size: large;\"><strong>Coverstar:<\/strong>\u00a0<em>Valentina Pahde<\/em>\u00a0\u2013 die erfolgreiche Schauspielerin zeigt sich von ihrer sinnlichen Seite und spricht offen \u00fcber Karriere, Tr\u00e4ume und Mut zur Ver\u00e4nderung.<br \/>\n<strong>Playmate des Monats:<\/strong>\u00a0<em>Lada Kravchenko<\/em>\u00a0\u2013 international, selbstbewusst, beeindruckend.<\/span><\/p>\n<p><span style=\"font-size: large;\">Dazu erwarten dich inspirierende Lifestyle-Themen, Automobil-Highlights, gesellschaftliche Reportagen und spannende Gespr\u00e4che mit Pers\u00f6nlichkeiten aus Kultur, Musik und Sport.<\/span><\/p>\n<p><span style=\"font-size: large;\">Ein E-Book voller Esprit, Stil und Unterhaltung \u2013 perfekt f\u00fcr alle, die das Besondere lieben.<\/span><\/p>\n<p><span style=\"font-size: large;\">\ud83d\udcd6\u00a0<strong>Format:<\/strong>\u00a0E-Book<br \/>\n\ud83d\udcf2\u00a0<strong>Verf\u00fcgbarkeit:<\/strong>\u00a0Sofort nach dem Kauf als Download erh\u00e4ltlich<br \/>\n\ud83d\udcbb\ud83d\udcf1\ud83d\udcda\u00a0<strong>Lesbar auf:<\/strong>\u00a0<strong>PC, Handy, Tablet und allen E-Book-Readern<\/strong><br \/>\n\u267e\ufe0f\u00a0<strong>Besonderheit:<\/strong>\u00a0<strong>Einmal gekauft \u2013 geh\u00f6rt es dir f\u00fcr immer und kann jederzeit und unbegrenzt gelesen werden<\/strong><\/span><\/p>","protected":false},"excerpt":{"rendered":"<p>\ud83d\udcd8\u00a0Playboy Germany \u2013 April 2019 (E-Book) Stil. Klasse. Leidenschaft. Die April-Ausgabe 2019 des\u00a0Playboy Germany\u00a0steht ganz im Zeichen von Eleganz, Lifestyle und spannenden Reportagen. Neben exklusiven Interviews, hochwertigen Fotostrecken und faszinierenden Hintergrundgeschichten bietet dieses Magazin alles, was anspruchsvolle Leser sch\u00e4tzen. Coverstar:\u00a0Valentina Pahde\u00a0\u2013 die erfolgreiche Schauspielerin zeigt sich von ihrer sinnlichen Seite und spricht offen \u00fcber Karriere, [&hellip;]<\/p>\n","protected":false},"featured_media":438,"comment_status":"open","ping_status":"closed","template":"","meta":[],"product_brand":[],"product_cat":[29,27],"product_tag":[],"class_list":{"0":"post-437","1":"product","2":"type-product","3":"status-publish","4":"has-post-thumbnail","6":"product_cat-erotik","7":"product_cat-playboy-penthouse","9":"first","10":"instock","11":"sale","12":"virtual","13":"purchasable","14":"product-type-simple"},"jetpack_sharing_enabled":true,"_links":{"self":[{"href":"https:\/\/audiobook-24.com\/en\/wp-json\/wp\/v2\/product\/437","targetHints":{"allow":["GET"]}}],"collection":[{"href":"https:\/\/audiobook-24.com\/en\/wp-json\/wp\/v2\/product"}],"about":[{"href":"https:\/\/audiobook-24.com\/en\/wp-json\/wp\/v2\/types\/product"}],"replies":[{"embeddable":true,"href":"https:\/\/audiobook-24.com\/en\/wp-json\/wp\/v2\/comments?post=437"}],"wp:featuredmedia":[{"embeddable":true,"href":"https:\/\/audiobook-24.com\/en\/wp-json\/wp\/v2\/media\/438"}],"wp:attachment":[{"href":"https:\/\/audiobook-24.com\/en\/wp-json\/wp\/v2\/media?parent=437"}],"wp:term":[{"taxonomy":"product_brand","embeddable":true,"href":"https:\/\/audiobook-24.com\/en\/wp-json\/wp\/v2\/product_brand?post=437"},{"taxonomy":"product_cat","embeddable":true,"href":"https:\/\/audiobook-24.com\/en\/wp-json\/wp\/v2\/product_cat?post=437"},{"taxonomy":"product_tag","embeddable":true,"href":"https:\/\/audiobook-24.com\/en\/wp-json\/wp\/v2\/product_tag?post=437"}],"curies":[{"name":"wp","href":"https:\/\/api.w.org\/{rel}","templated":true}]}}