{"id":433,"date":"2025-11-15T20:35:11","date_gmt":"2025-11-15T20:35:11","guid":{"rendered":"https:\/\/audiobook-24.com\/?post_type=product&#038;p=433"},"modified":"2025-11-15T20:35:11","modified_gmt":"2025-11-15T20:35:11","slug":"%f0%9f%93%98-playboy-germany-special-digital-edition-fit-for-life-e-book","status":"publish","type":"product","link":"https:\/\/audiobook-24.com\/en\/product\/%f0%9f%93%98-playboy-germany-special-digital-edition-fit-for-life-e-book\/","title":{"rendered":"\ud83d\udcd8 Playboy Germany \u2013 Special Digital Edition: Fit for Life (E-Book)"},"content":{"rendered":"<h1>\ud83d\udcd8\u00a0Playboy Germany \u2013 Special Digital Edition: Fit for Life (E-Book)<\/h1>\n<div>\n<p><span style=\"font-size: large;\"><strong>Stilvoll. Stark. Selbstbewusst.<\/strong><br \/>\nDie Special Digital Edition\u00a0<strong>Fit for Life<\/strong>\u00a0des\u00a0<strong>Playboy Germany<\/strong>\u00a0widmet sich dem modernen Lifestyle zwischen Fitness, Balance und Attraktivit\u00e4t.<br \/>\nDiese Ausgabe pr\u00e4sentiert inspirierende Pers\u00f6nlichkeiten, hochwertige Fotostrecken, exklusive Interviews und praktische Tipps rund um Bewegung, Ern\u00e4hrung und mentale St\u00e4rke \u2013 alles mit der bekannten Playboy-Eleganz.<\/span><\/p>\n<p><span style=\"font-size: large;\">Ein Magazin f\u00fcr alle, die K\u00f6rper und Geist in Einklang bringen m\u00f6chten \u2013 mit Stil, Motivation und einem Hauch Luxus.<\/span><\/p>\n<p><span style=\"font-size: large;\">\ud83d\udcd6\u00a0<strong>Format:<\/strong>\u00a0E-Book<br \/>\n\ud83d\udcf2\u00a0<strong>Verf\u00fcgbarkeit:<\/strong>\u00a0Sofort nach dem Kauf als Download erh\u00e4ltlich<br \/>\n\ud83d\udcbb\ud83d\udcf1\ud83d\udcda\u00a0<strong>Lesbar auf:<\/strong>\u00a0<strong>PC, Handy, Tablet und allen E-Book-Readern<\/strong><br \/>\n\u267e\ufe0f\u00a0<strong>Besonderheit:<\/strong>\u00a0<strong>Einmal gekauft \u2013 geh\u00f6rt es dir f\u00fcr immer und kann jederzeit und unbegrenzt gelesen werden<\/strong><\/span><\/p>\n<\/div>","protected":false},"excerpt":{"rendered":"<p>\ud83d\udcd8\u00a0Playboy Germany \u2013 Special Digital Edition: Fit for Life (E-Book) Stilvoll. Stark. Selbstbewusst. Die Special Digital Edition\u00a0Fit for Life\u00a0des\u00a0Playboy Germany\u00a0widmet sich dem modernen Lifestyle zwischen Fitness, Balance und Attraktivit\u00e4t. Diese Ausgabe pr\u00e4sentiert inspirierende Pers\u00f6nlichkeiten, hochwertige Fotostrecken, exklusive Interviews und praktische Tipps rund um Bewegung, Ern\u00e4hrung und mentale St\u00e4rke \u2013 alles mit der bekannten Playboy-Eleganz. Ein [&hellip;]<\/p>\n","protected":false},"featured_media":434,"comment_status":"open","ping_status":"closed","template":"","meta":[],"product_brand":[],"product_cat":[29,27],"product_tag":[],"class_list":{"0":"post-433","1":"product","2":"type-product","3":"status-publish","4":"has-post-thumbnail","6":"product_cat-erotik","7":"product_cat-playboy-penthouse","9":"first","10":"instock","11":"sale","12":"virtual","13":"purchasable","14":"product-type-simple"},"jetpack_sharing_enabled":true,"_links":{"self":[{"href":"https:\/\/audiobook-24.com\/en\/wp-json\/wp\/v2\/product\/433","targetHints":{"allow":["GET"]}}],"collection":[{"href":"https:\/\/audiobook-24.com\/en\/wp-json\/wp\/v2\/product"}],"about":[{"href":"https:\/\/audiobook-24.com\/en\/wp-json\/wp\/v2\/types\/product"}],"replies":[{"embeddable":true,"href":"https:\/\/audiobook-24.com\/en\/wp-json\/wp\/v2\/comments?post=433"}],"wp:featuredmedia":[{"embeddable":true,"href":"https:\/\/audiobook-24.com\/en\/wp-json\/wp\/v2\/media\/434"}],"wp:attachment":[{"href":"https:\/\/audiobook-24.com\/en\/wp-json\/wp\/v2\/media?parent=433"}],"wp:term":[{"taxonomy":"product_brand","embeddable":true,"href":"https:\/\/audiobook-24.com\/en\/wp-json\/wp\/v2\/product_brand?post=433"},{"taxonomy":"product_cat","embeddable":true,"href":"https:\/\/audiobook-24.com\/en\/wp-json\/wp\/v2\/product_cat?post=433"},{"taxonomy":"product_tag","embeddable":true,"href":"https:\/\/audiobook-24.com\/en\/wp-json\/wp\/v2\/product_tag?post=433"}],"curies":[{"name":"wp","href":"https:\/\/api.w.org\/{rel}","templated":true}]}}