{"id":425,"date":"2025-11-15T20:31:02","date_gmt":"2025-11-15T20:31:02","guid":{"rendered":"https:\/\/audiobook-24.com\/?post_type=product&#038;p=425"},"modified":"2025-11-15T20:31:03","modified_gmt":"2025-11-15T20:31:03","slug":"playboy-magazin-august-ausgabe-nr-08-isi-glueck-spanien","status":"publish","type":"product","link":"https:\/\/audiobook-24.com\/en\/product\/playboy-magazin-august-ausgabe-nr-08-isi-glueck-spanien\/","title":{"rendered":"Playboy Magazin \u2013 August Ausgabe Nr. 08 | Isi Gl\u00fcck Spanien.."},"content":{"rendered":"<div><span style=\"font-family: Open Sans, sans-serif;\"><b><span style=\"font-size: x-large;\"><strong>Playboy Magazin \u2013 August Ausgabe Nr. 08 | Isi Gl\u00fcck Special<\/strong><\/span><\/b><\/span><\/div>\n<p>&nbsp;<\/p>\n<p>&nbsp;<\/p>\n<p><span style=\"font-family: Open Sans, sans-serif;\"><b><span style=\"font-size: x-large;\">Stilvoll, sinnlich, ikonisch \u2013 die\u00a0\u00a0August-Ausgabe 2025\u00a0\u00a0des Playboy Magazins bringt alles mit, was das Herz anspruchsvoller Leserinnen und Leser h\u00f6her schlagen l\u00e4sst. Erotik trifft auf Eleganz, Fotokunst auf Pers\u00f6nlichkeit. Die moderne Weiblichkeit zeigt sich in dieser Ausgabe selbstbewusst, nat\u00fcrlich und verf\u00fchrerisch wie nie.<\/span><\/b><\/span><\/p>\n<p><span style=\"font-family: Open Sans, sans-serif;\"><b><span style=\"font-size: x-large;\">Ein Muss f\u00fcr alle, die digitale Erotikmagazine mit Niveau und Stil zu sch\u00e4tzen wissen. Ob unterwegs oder zuhause \u2013 genie\u00dfen Sie diese exklusive Ausgabe jederzeit auf Ihrem Lieblingsger\u00e4t.<\/span><\/b><\/span><\/p>\n<p><span style=\"font-family: Open Sans, sans-serif;\"><b><span style=\"font-size: x-large;\"><strong>Kompatibel mit \ud83d\udcf1 Smartphone | \ud83d\udcbb Tablet | \ud83d\udda5\ufe0f PC | \ud83d\udcd6 E-Reader \u2013 unbegrenzt, jederzeit und \u00fcberall abrufbar.<\/strong><\/span><\/b><\/span><\/p>","protected":false},"excerpt":{"rendered":"<p>Playboy Magazin \u2013 August Ausgabe Nr. 08 | Isi Gl\u00fcck Special &nbsp; &nbsp; Stilvoll, sinnlich, ikonisch \u2013 die\u00a0\u00a0August-Ausgabe 2025\u00a0\u00a0des Playboy Magazins bringt alles mit, was das Herz anspruchsvoller Leserinnen und Leser h\u00f6her schlagen l\u00e4sst. Erotik trifft auf Eleganz, Fotokunst auf Pers\u00f6nlichkeit. Die moderne Weiblichkeit zeigt sich in dieser Ausgabe selbstbewusst, nat\u00fcrlich und verf\u00fchrerisch wie nie. [&hellip;]<\/p>\n","protected":false},"featured_media":426,"comment_status":"open","ping_status":"closed","template":"","meta":[],"product_brand":[],"product_cat":[29,27],"product_tag":[],"class_list":{"0":"post-425","1":"product","2":"type-product","3":"status-publish","4":"has-post-thumbnail","6":"product_cat-erotik","7":"product_cat-playboy-penthouse","9":"first","10":"instock","11":"sale","12":"virtual","13":"purchasable","14":"product-type-simple"},"jetpack_sharing_enabled":true,"_links":{"self":[{"href":"https:\/\/audiobook-24.com\/en\/wp-json\/wp\/v2\/product\/425","targetHints":{"allow":["GET"]}}],"collection":[{"href":"https:\/\/audiobook-24.com\/en\/wp-json\/wp\/v2\/product"}],"about":[{"href":"https:\/\/audiobook-24.com\/en\/wp-json\/wp\/v2\/types\/product"}],"replies":[{"embeddable":true,"href":"https:\/\/audiobook-24.com\/en\/wp-json\/wp\/v2\/comments?post=425"}],"wp:featuredmedia":[{"embeddable":true,"href":"https:\/\/audiobook-24.com\/en\/wp-json\/wp\/v2\/media\/426"}],"wp:attachment":[{"href":"https:\/\/audiobook-24.com\/en\/wp-json\/wp\/v2\/media?parent=425"}],"wp:term":[{"taxonomy":"product_brand","embeddable":true,"href":"https:\/\/audiobook-24.com\/en\/wp-json\/wp\/v2\/product_brand?post=425"},{"taxonomy":"product_cat","embeddable":true,"href":"https:\/\/audiobook-24.com\/en\/wp-json\/wp\/v2\/product_cat?post=425"},{"taxonomy":"product_tag","embeddable":true,"href":"https:\/\/audiobook-24.com\/en\/wp-json\/wp\/v2\/product_tag?post=425"}],"curies":[{"name":"wp","href":"https:\/\/api.w.org\/{rel}","templated":true}]}}