{"id":378,"date":"2025-11-15T18:08:36","date_gmt":"2025-11-15T18:08:36","guid":{"rendered":"https:\/\/audiobook-24.com\/?post_type=product&#038;p=378"},"modified":"2025-11-15T18:08:36","modified_gmt":"2025-11-15T18:08:36","slug":"%f0%9f%93%96-ebook-erotik-magazin-heft-playboy-germany-special-edition-girls-exotic","status":"publish","type":"product","link":"https:\/\/audiobook-24.com\/en\/product\/%f0%9f%93%96-ebook-erotik-magazin-heft-playboy-germany-special-edition-girls-exotic\/","title":{"rendered":"\ud83d\udcd6 Ebook Erotik Magazin\/Heft: Playboy Germany Special Edition \u2013 Girls Exotic"},"content":{"rendered":"<h1><b><span style=\"font-size: x-large;\">\ud83d\udcd6 Ebook Erotik Magazin\/Heft: Playboy Germany Special Edition \u2013 Girls Exotic Dreams<\/span><\/b><\/h1>\n<h2><b><span style=\"font-size: x-large;\">Inhalt<\/span><\/b><\/h2>\n<p><b><span style=\"font-size: large;\">Die\u00a0<strong>Special Edition Girls Exotic Dreams<\/strong>\u00a0des Playboy Germany entf\u00fchrt die Leserinnen und Leser in eine Welt voller sinnlicher Fantasie und exotischer Sch\u00f6nheit. Mit exklusiven Fotostrecken, faszinierenden Artikeln und stilvollen Inszenierungen zeigt diese Ausgabe Models in verf\u00fchrerischen Settings und pr\u00e4sentiert abwechslungsreiche Inhalte, die Erotik, Eleganz und Inspiration vereinen. Dieses Sonderheft bietet ein besonderes Leseerlebnis f\u00fcr alle, die exklusive Momente und \u00e4sthetische Erotik sch\u00e4tzen.<\/span><\/b><\/p>\n<p><b><span style=\"font-size: large;\">\u2705 Nach der Bezahlung erhalten Sie sofort den pers\u00f6nlichen Downloadlink f\u00fcr:<br \/>\n\ud83d\udcf1 Handy\u2003|\u2003\ud83d\udcbb Tablet\u2003|\u2003\ud83c\udfa7 MP3-Player\u2003|\u2003\ud83d\udda5\ufe0f PC<\/span><\/b><\/p>\n<p><b>Ein\u00a0<strong>Ebook Erotik Magazin\/Heft<\/strong>\u00a0voller Ausdruck, Inspiration und Unterhaltung \u2013 genie\u00dfen Sie\u00a0<em>Playboy Germany Special Edition \u2013 Girls Exotic Dreams<\/em>\u00a0jederzeit und so oft Sie wollen!<\/b><\/p>","protected":false},"excerpt":{"rendered":"<p>\ud83d\udcd6 Ebook Erotik Magazin\/Heft: Playboy Germany Special Edition \u2013 Girls Exotic Dreams Inhalt Die\u00a0Special Edition Girls Exotic Dreams\u00a0des Playboy Germany entf\u00fchrt die Leserinnen und Leser in eine Welt voller sinnlicher Fantasie und exotischer Sch\u00f6nheit. Mit exklusiven Fotostrecken, faszinierenden Artikeln und stilvollen Inszenierungen zeigt diese Ausgabe Models in verf\u00fchrerischen Settings und pr\u00e4sentiert abwechslungsreiche Inhalte, die Erotik, [&hellip;]<\/p>\n","protected":false},"featured_media":379,"comment_status":"open","ping_status":"closed","template":"","meta":[],"product_brand":[],"product_cat":[29,27],"product_tag":[],"class_list":{"0":"post-378","1":"product","2":"type-product","3":"status-publish","4":"has-post-thumbnail","6":"product_cat-erotik","7":"product_cat-playboy-penthouse","9":"first","10":"instock","11":"sale","12":"virtual","13":"purchasable","14":"product-type-simple"},"jetpack_sharing_enabled":true,"_links":{"self":[{"href":"https:\/\/audiobook-24.com\/en\/wp-json\/wp\/v2\/product\/378","targetHints":{"allow":["GET"]}}],"collection":[{"href":"https:\/\/audiobook-24.com\/en\/wp-json\/wp\/v2\/product"}],"about":[{"href":"https:\/\/audiobook-24.com\/en\/wp-json\/wp\/v2\/types\/product"}],"replies":[{"embeddable":true,"href":"https:\/\/audiobook-24.com\/en\/wp-json\/wp\/v2\/comments?post=378"}],"wp:featuredmedia":[{"embeddable":true,"href":"https:\/\/audiobook-24.com\/en\/wp-json\/wp\/v2\/media\/379"}],"wp:attachment":[{"href":"https:\/\/audiobook-24.com\/en\/wp-json\/wp\/v2\/media?parent=378"}],"wp:term":[{"taxonomy":"product_brand","embeddable":true,"href":"https:\/\/audiobook-24.com\/en\/wp-json\/wp\/v2\/product_brand?post=378"},{"taxonomy":"product_cat","embeddable":true,"href":"https:\/\/audiobook-24.com\/en\/wp-json\/wp\/v2\/product_cat?post=378"},{"taxonomy":"product_tag","embeddable":true,"href":"https:\/\/audiobook-24.com\/en\/wp-json\/wp\/v2\/product_tag?post=378"}],"curies":[{"name":"wp","href":"https:\/\/api.w.org\/{rel}","templated":true}]}}