{"id":373,"date":"2025-11-15T18:04:52","date_gmt":"2025-11-15T18:04:52","guid":{"rendered":"https:\/\/audiobook-24.com\/?post_type=product&#038;p=373"},"modified":"2025-11-15T18:04:52","modified_gmt":"2025-11-15T18:04:52","slug":"%f0%9f%93%96-ebook-erotik-magazin-heft-playboy-germany-special-edition-20-beach-babes","status":"publish","type":"product","link":"https:\/\/audiobook-24.com\/en\/product\/%f0%9f%93%96-ebook-erotik-magazin-heft-playboy-germany-special-edition-20-beach-babes\/","title":{"rendered":"\ud83d\udcd6 Ebook Erotik Magazin\/Heft: Playboy Germany Special Edition \u2013 20 Beach Babes"},"content":{"rendered":"<h1><b><span style=\"font-size: x-large;\">\ud83d\udcd6 Ebook Erotik Magazin\/Heft: Playboy Germany Special Edition \u2013 20 Beach Babes [2019]<\/span><\/b><\/h1>\n<h2><b>Inhalt<\/b><\/h2>\n<p><b><span style=\"font-size: large;\">Die\u00a0<strong>Special Edition 20 Beach Babes [2019]<\/strong>\u00a0des Playboy Germany pr\u00e4sentiert die hei\u00dfesten Sommermodels in exklusiven Fotostrecken voller Sinnlichkeit und Charme. Mit stilvoller Inszenierung, abwechslungsreichen Artikeln und attraktiven Portr\u00e4ts bietet diese Ausgabe ein unterhaltsames und inspirierendes Leseerlebnis. Leserinnen und Leser k\u00f6nnen sich auf elegante Erotik, sommerliche Atmosph\u00e4re und hochwertige Gestaltung freuen, die diese Sonderausgabe zu einem besonderen Highlight macht.<\/span><\/b><\/p>\n<p><b><span style=\"font-size: large;\">\u2705 Nach der Bezahlung erhalten Sie sofort den pers\u00f6nlichen Downloadlink f\u00fcr:<br \/>\n\ud83d\udcf1 Handy\u2003|\u2003\ud83d\udcbb Tablet\u2003|\u2003\ud83c\udfa7 MP3-Player\u2003|\u2003\ud83d\udda5\ufe0f PC<\/span><\/b><\/p>\n<p><b><span style=\"font-size: large;\">Ein\u00a0<strong>Ebook Erotik Magazin\/Heft<\/strong>\u00a0voller Ausdruck, Inspiration und Unterhaltung \u2013 genie\u00dfen Sie\u00a0<em>Playboy Germany Special Edition \u2013 20 Beach Babes [2019]<\/em>\u00a0jederzeit und so oft Sie wollen!<\/span><\/b><\/p>\n","protected":false},"excerpt":{"rendered":"<p>\ud83d\udcd6 Ebook Erotik Magazin\/Heft: Playboy Germany Special Edition \u2013 20 Beach Babes [2019] Inhalt Die\u00a0Special Edition 20 Beach Babes [2019]\u00a0des Playboy Germany pr\u00e4sentiert die hei\u00dfesten Sommermodels in exklusiven Fotostrecken voller Sinnlichkeit und Charme. Mit stilvoller Inszenierung, abwechslungsreichen Artikeln und attraktiven Portr\u00e4ts bietet diese Ausgabe ein unterhaltsames und inspirierendes Leseerlebnis. Leserinnen und Leser k\u00f6nnen sich auf [&hellip;]<\/p>\n","protected":false},"featured_media":374,"comment_status":"open","ping_status":"closed","template":"","meta":[],"product_brand":[],"product_cat":[29,27],"product_tag":[],"class_list":{"0":"post-373","1":"product","2":"type-product","3":"status-publish","4":"has-post-thumbnail","6":"product_cat-erotik","7":"product_cat-playboy-penthouse","9":"first","10":"instock","11":"sale","12":"virtual","13":"purchasable","14":"product-type-simple"},"jetpack_sharing_enabled":true,"_links":{"self":[{"href":"https:\/\/audiobook-24.com\/en\/wp-json\/wp\/v2\/product\/373","targetHints":{"allow":["GET"]}}],"collection":[{"href":"https:\/\/audiobook-24.com\/en\/wp-json\/wp\/v2\/product"}],"about":[{"href":"https:\/\/audiobook-24.com\/en\/wp-json\/wp\/v2\/types\/product"}],"replies":[{"embeddable":true,"href":"https:\/\/audiobook-24.com\/en\/wp-json\/wp\/v2\/comments?post=373"}],"wp:featuredmedia":[{"embeddable":true,"href":"https:\/\/audiobook-24.com\/en\/wp-json\/wp\/v2\/media\/374"}],"wp:attachment":[{"href":"https:\/\/audiobook-24.com\/en\/wp-json\/wp\/v2\/media?parent=373"}],"wp:term":[{"taxonomy":"product_brand","embeddable":true,"href":"https:\/\/audiobook-24.com\/en\/wp-json\/wp\/v2\/product_brand?post=373"},{"taxonomy":"product_cat","embeddable":true,"href":"https:\/\/audiobook-24.com\/en\/wp-json\/wp\/v2\/product_cat?post=373"},{"taxonomy":"product_tag","embeddable":true,"href":"https:\/\/audiobook-24.com\/en\/wp-json\/wp\/v2\/product_tag?post=373"}],"curies":[{"name":"wp","href":"https:\/\/api.w.org\/{rel}","templated":true}]}}