{"id":361,"date":"2025-11-15T17:34:54","date_gmt":"2025-11-15T17:34:54","guid":{"rendered":"https:\/\/audiobook-24.com\/?post_type=product&#038;p=361"},"modified":"2025-11-15T17:34:54","modified_gmt":"2025-11-15T17:34:54","slug":"%f0%9f%93%96-ebook-erotik-magazin-heft-playboy-germany-februar-2023","status":"publish","type":"product","link":"https:\/\/audiobook-24.com\/en\/product\/%f0%9f%93%96-ebook-erotik-magazin-heft-playboy-germany-februar-2023\/","title":{"rendered":"\ud83d\udcd6 Ebook Erotik Magazin\/Heft: Playboy Germany \u2013 Februar 2023"},"content":{"rendered":"<div>\n<h1><b><span style=\"font-size: x-large;\">\ud83d\udcd6 Ebook Erotik Magazin\/Heft: Playboy Germany \u2013 Februar 2023<\/span><\/b><\/h1>\n<h2><b>Inhalt<\/b><\/h2>\n<p><b><span style=\"font-size: large;\">Die\u00a0<strong>Ausgabe Februar 2023<\/strong>\u00a0des Playboy Germany pr\u00e4sentiert sich modern, stilvoll und voller spannender Inhalte. Mit exklusiven Fotostrecken, inspirierenden Interviews und vielseitigen Artikeln verbindet das Heft sinnliche Eleganz mit zeitgem\u00e4\u00dfem Lifestyle. Leserinnen und Leser erwartet eine hochwertige Mischung aus Erotik, Kultur und Unterhaltung, die f\u00fcr abwechslungsreiche und genussvolle Lesemomente sorgt.<\/span><\/b><\/p>\n<p><b><span style=\"font-size: large;\">\u2705 Nach der Bezahlung erhalten Sie sofort den pers\u00f6nlichen Downloadlink f\u00fcr:<br \/>\n\ud83d\udcf1 Handy\u2003|\u2003\ud83d\udcbb Tablet\u2003|\u2003\ud83c\udfa7 MP3-Player\u2003|\u2003\ud83d\udda5\ufe0f PC<\/span><\/b><\/p>\n<p><b><span style=\"font-size: large;\">Ein\u00a0<strong>Ebook Erotik Magazin\/Heft<\/strong>\u00a0voller Ausdruck, Inspiration und Unterhaltung \u2013 genie\u00dfen Sie\u00a0<em>Playboy Germany \u2013 Februar 2023<\/em>\u00a0jederzeit und so oft Sie wollen!<\/span><\/b><\/p>\n<\/div>\n<p>&nbsp;<\/p>\n<div>\n<h1><\/h1>\n<\/div>","protected":false},"excerpt":{"rendered":"<p>\ud83d\udcd6 Ebook Erotik Magazin\/Heft: Playboy Germany \u2013 Februar 2023 Inhalt Die\u00a0Ausgabe Februar 2023\u00a0des Playboy Germany pr\u00e4sentiert sich modern, stilvoll und voller spannender Inhalte. Mit exklusiven Fotostrecken, inspirierenden Interviews und vielseitigen Artikeln verbindet das Heft sinnliche Eleganz mit zeitgem\u00e4\u00dfem Lifestyle. Leserinnen und Leser erwartet eine hochwertige Mischung aus Erotik, Kultur und Unterhaltung, die f\u00fcr abwechslungsreiche und [&hellip;]<\/p>\n","protected":false},"featured_media":362,"comment_status":"open","ping_status":"closed","template":"","meta":[],"product_brand":[],"product_cat":[29,27],"product_tag":[],"class_list":{"0":"post-361","1":"product","2":"type-product","3":"status-publish","4":"has-post-thumbnail","6":"product_cat-erotik","7":"product_cat-playboy-penthouse","9":"first","10":"instock","11":"sale","12":"virtual","13":"purchasable","14":"product-type-simple"},"jetpack_sharing_enabled":true,"_links":{"self":[{"href":"https:\/\/audiobook-24.com\/en\/wp-json\/wp\/v2\/product\/361","targetHints":{"allow":["GET"]}}],"collection":[{"href":"https:\/\/audiobook-24.com\/en\/wp-json\/wp\/v2\/product"}],"about":[{"href":"https:\/\/audiobook-24.com\/en\/wp-json\/wp\/v2\/types\/product"}],"replies":[{"embeddable":true,"href":"https:\/\/audiobook-24.com\/en\/wp-json\/wp\/v2\/comments?post=361"}],"wp:featuredmedia":[{"embeddable":true,"href":"https:\/\/audiobook-24.com\/en\/wp-json\/wp\/v2\/media\/362"}],"wp:attachment":[{"href":"https:\/\/audiobook-24.com\/en\/wp-json\/wp\/v2\/media?parent=361"}],"wp:term":[{"taxonomy":"product_brand","embeddable":true,"href":"https:\/\/audiobook-24.com\/en\/wp-json\/wp\/v2\/product_brand?post=361"},{"taxonomy":"product_cat","embeddable":true,"href":"https:\/\/audiobook-24.com\/en\/wp-json\/wp\/v2\/product_cat?post=361"},{"taxonomy":"product_tag","embeddable":true,"href":"https:\/\/audiobook-24.com\/en\/wp-json\/wp\/v2\/product_tag?post=361"}],"curies":[{"name":"wp","href":"https:\/\/api.w.org\/{rel}","templated":true}]}}