{"id":3371,"date":"2026-05-08T23:46:15","date_gmt":"2026-05-08T23:46:15","guid":{"rendered":"https:\/\/audiobook-24.com\/?post_type=product&#038;p=3371"},"modified":"2026-05-08T23:48:24","modified_gmt":"2026-05-08T23:48:24","slug":"%f0%9f%8e%a7-hoerbuch-begrabt-meinen-rechten-fuss-auf-der-linken-spur","status":"publish","type":"product","link":"https:\/\/audiobook-24.com\/en\/product\/%f0%9f%8e%a7-hoerbuch-begrabt-meinen-rechten-fuss-auf-der-linken-spur\/","title":{"rendered":"\ud83c\udfa7 H\u00f6rbuch Begrabt meinen rechten Fu\u00df auf der linken Spur"},"content":{"rendered":"<p><strong>\ud83c\udfa7 H\u00f6rbuch Begrabt meinen rechten Fu\u00df auf der linken Spur<\/strong><\/p>\n<p>\u2013 Dietmar Wischmeyer \u2013 German \u201eBegrabt meinen rechten Fu\u00df auf der linken Spur\u201c ist eine bissige, humorvolle und zugleich pointierte Reise durch den allt\u00e4glichen Wahnsinn des modernen Lebens. Mit scharfem Blick und viel Ironie nimmt Dietmar Wischmeyer gesellschaftliche Eigenheiten, Verkehrswelten und menschliche Absurdit\u00e4ten aufs Korn. Zwischen satirischen Beobachtungen, schwarzem Humor und gnadenlos ehrlichen Kommentaren entfaltet sich ein H\u00f6rbuch voller Witz und Wiedererkennungswert. Dabei bleibt kein Klischee verschont \u2013 und genau das macht den besonderen Charme dieser unterhaltsamen Geschichten aus. Ein satirisches H\u00f6rerlebnis mit trockenem Humor und unverwechselbarem Stil. Erwartet werden:<\/p>\n<p>\ud83d\ude02 Schwarzer Humor &amp; bissige Gesellschaftssatire<\/p>\n<p>\ud83d\ude97 Skurrile Alltagsbeobachtungen &amp; absurde Situationen<\/p>\n<p>\u26a1 Ironische Pointen &amp; unterhaltsame Geschichten<\/p>\n<p>\ud83e\udde0 Wortwitz, Sarkasmus &amp; unverwechselbarer Stil Perfekt f\u00fcr Fans intelligenter Comedy und satirischer H\u00f6rb\u00fccher.<\/p>\n<p>\ud83d\udd0a Format: H\u00f6rbuch \/ Satire \/ Humor (MP3)<\/p>\n<p>\u2b07\ufe0f Sofortiger Download f\u00fcr Handy<\/p>\n<p>\u2b07\ufe0f Sofortiger Download f\u00fcr PC<\/p>\n<p>\u2b07\ufe0f Sofortiger Download f\u00fcrs Tablet<\/p>\n<p>\u2b07\ufe0f Kompatibel mit allen MP3-f\u00e4higen Ger\u00e4ten<\/p>\n<p>\ud83d\udc49 Einmal gekauft \u2013 f\u00fcr immer deins!<\/p>","protected":false},"excerpt":{"rendered":"<p>\ud83c\udfa7 H\u00f6rbuch Begrabt meinen rechten Fu\u00df auf der linken Spur \u2013 Dietmar Wischmeyer \u2013 German \u201eBegrabt meinen rechten Fu\u00df auf der linken Spur\u201c ist eine bissige, humorvolle und zugleich pointierte Reise durch den allt\u00e4glichen Wahnsinn des modernen Lebens. Mit scharfem Blick und viel Ironie nimmt Dietmar Wischmeyer gesellschaftliche Eigenheiten, Verkehrswelten und menschliche Absurdit\u00e4ten aufs Korn. [&hellip;]<\/p>\n","protected":false},"featured_media":3376,"comment_status":"open","ping_status":"closed","template":"","meta":[],"product_brand":[],"product_cat":[48],"product_tag":[],"class_list":{"0":"post-3371","1":"product","2":"type-product","3":"status-publish","4":"has-post-thumbnail","6":"product_cat-grusel-geschichten","8":"first","9":"instock","10":"sale","11":"virtual","12":"purchasable","13":"product-type-simple"},"jetpack_sharing_enabled":true,"_links":{"self":[{"href":"https:\/\/audiobook-24.com\/en\/wp-json\/wp\/v2\/product\/3371","targetHints":{"allow":["GET"]}}],"collection":[{"href":"https:\/\/audiobook-24.com\/en\/wp-json\/wp\/v2\/product"}],"about":[{"href":"https:\/\/audiobook-24.com\/en\/wp-json\/wp\/v2\/types\/product"}],"replies":[{"embeddable":true,"href":"https:\/\/audiobook-24.com\/en\/wp-json\/wp\/v2\/comments?post=3371"}],"wp:featuredmedia":[{"embeddable":true,"href":"https:\/\/audiobook-24.com\/en\/wp-json\/wp\/v2\/media\/3376"}],"wp:attachment":[{"href":"https:\/\/audiobook-24.com\/en\/wp-json\/wp\/v2\/media?parent=3371"}],"wp:term":[{"taxonomy":"product_brand","embeddable":true,"href":"https:\/\/audiobook-24.com\/en\/wp-json\/wp\/v2\/product_brand?post=3371"},{"taxonomy":"product_cat","embeddable":true,"href":"https:\/\/audiobook-24.com\/en\/wp-json\/wp\/v2\/product_cat?post=3371"},{"taxonomy":"product_tag","embeddable":true,"href":"https:\/\/audiobook-24.com\/en\/wp-json\/wp\/v2\/product_tag?post=3371"}],"curies":[{"name":"wp","href":"https:\/\/api.w.org\/{rel}","templated":true}]}}