{"id":3327,"date":"2026-05-05T22:48:17","date_gmt":"2026-05-05T22:48:17","guid":{"rendered":"https:\/\/audiobook-24.com\/?post_type=product&#038;p=3327"},"modified":"2026-05-05T22:48:17","modified_gmt":"2026-05-05T22:48:17","slug":"%f0%9f%8e%a7-hoerspiel-roter-drache-tkkg-german","status":"publish","type":"product","link":"https:\/\/audiobook-24.com\/en\/product\/%f0%9f%8e%a7-hoerspiel-roter-drache-tkkg-german\/","title":{"rendered":"\ud83c\udfa7 H\u00f6rspiel Roter Drache \u2013 TKKG \u2013 German"},"content":{"rendered":"<div class=\"\" data-turn-id-container=\"fa54a338-d490-4ddc-b078-2960f291d547\" data-is-intersecting=\"true\"><\/div>\n<div class=\"\" data-turn-id-container=\"request-69fa33b7-9148-8332-9b52-c29592de74f2-0\" data-is-intersecting=\"true\">\n<section class=\"text-token-text-primary w-full focus:outline-none [--shadow-height:45px] has-data-writing-block:pointer-events-none has-data-writing-block:-mt-(--shadow-height) has-data-writing-block:pt-(--shadow-height) [&amp;:has([data-writing-block])&gt;*]:pointer-events-auto R6Vx5W_threadScrollVars scroll-mb-[calc(var(--scroll-root-safe-area-inset-bottom,0px)+var(--thread-response-height))] scroll-mt-[calc(var(--header-height)+min(200px,max(70px,20svh)))]\" dir=\"auto\" data-turn-id=\"request-69fa33b7-9148-8332-9b52-c29592de74f2-0\" data-testid=\"conversation-turn-18\" data-scroll-anchor=\"false\" data-turn=\"assistant\">\n<div class=\"text-base my-auto mx-auto pb-10 [--thread-content-margin:var(--thread-content-margin-xs,calc(var(--spacing)*4))] @w-sm\/main:[--thread-content-margin:var(--thread-content-margin-sm,calc(var(--spacing)*6))] @w-lg\/main:[--thread-content-margin:var(--thread-content-margin-lg,calc(var(--spacing)*16))] px-(--thread-content-margin)\">\n<div class=\"[--thread-content-max-width:40rem] @w-lg\/main:[--thread-content-max-width:48rem] mx-auto max-w-(--thread-content-max-width) flex-1 group\/turn-messages focus-visible:outline-hidden relative flex w-full min-w-0 flex-col agent-turn\">\n<div class=\"flex max-w-full flex-col gap-4 grow\">\n<div class=\"min-h-8 text-message relative flex w-full flex-col items-end gap-2 text-start break-words whitespace-normal outline-none keyboard-focused:focus-ring [.text-message+&amp;]:mt-1\" dir=\"auto\" tabindex=\"0\" data-message-author-role=\"assistant\" data-message-id=\"690f6d3b-a3eb-4e10-b317-7c42e25b1768\" data-message-model-slug=\"gpt-5-3\" data-turn-start-message=\"true\">\n<div class=\"flex w-full flex-col gap-1 empty:hidden\">\n<div class=\"markdown prose dark:prose-invert w-full wrap-break-word light markdown-new-styling\">\n<p data-start=\"0\" data-end=\"100\">\ud83c\udfa7 H\u00f6rspiel <span class=\"hover:entity-accent entity-underline inline cursor-pointer align-baseline\"><span class=\"whitespace-normal\">Roter Drache<\/span><\/span> \u2013 <span class=\"hover:entity-accent entity-underline inline cursor-pointer align-baseline\"><span class=\"whitespace-normal\">TKKG<\/span><\/span> \u2013 German<\/p>\n<p data-start=\"102\" data-end=\"430\">\u201eRoter Drache\u201c f\u00fchrt Tim, Karl, Kl\u00f6\u00dfchen und Gaby in einen besonders mysteri\u00f6sen Fall, bei dem ein geheimnisvolles Symbol f\u00fcr Angst und Verwirrung sorgt.<br data-start=\"255\" data-end=\"258\" \/>Als r\u00e4tselhafte Ereignisse die Stadt ersch\u00fcttern, scheint eine unsichtbare Bedrohung im Hintergrund zu agieren \u2013 und niemand wei\u00df, wer als N\u00e4chstes betroffen sein k\u00f6nnte.<\/p>\n<p data-start=\"432\" data-end=\"651\">Die vier Freunde nehmen die Spur auf und geraten dabei in ein Netz aus Hinweisen, falschen F\u00e4hrten und gef\u00e4hrlichen Begegnungen.<br data-start=\"560\" data-end=\"563\" \/>Schnell wird klar: Hinter dem \u201eRoten Drachen\u201c steckt mehr, als zun\u00e4chst vermutet wird.<\/p>\n<p data-start=\"653\" data-end=\"740\">Ein packendes TKKG-Abenteuer voller Spannung, R\u00e4tsel und klassischem Detektiv-Charme.<\/p>\n<p data-start=\"742\" data-end=\"967\">Erwartet werden:<br data-start=\"758\" data-end=\"761\" \/>\ud83d\udc09 Geheimnisvolle Symbole &amp; r\u00e4tselhafte Vorf\u00e4lle<br data-start=\"809\" data-end=\"812\" \/>\ud83d\udd75\ufe0f\u200d\u2642\ufe0f Spannende Ermittlungen &amp; clevere Kombinationen<br data-start=\"865\" data-end=\"868\" \/>\u26a1 Action, Spannung &amp; \u00fcberraschende Wendungen<br data-start=\"912\" data-end=\"915\" \/>\ud83c\udfa7 Klassischer H\u00f6rspiel-Stil &amp; starke Freundschaft<\/p>\n<p data-start=\"969\" data-end=\"1039\">Perfekt f\u00fcr Fans der Kult-Detektivreihe und spannender Jugendkrimis.<\/p>\n<p data-start=\"1041\" data-end=\"1083\">\ud83d\udd0a Format: H\u00f6rspiel \/ Jugend-Krimi (MP3)<\/p>\n<p data-start=\"1085\" data-end=\"1234\">\u2b07\ufe0f Sofortiger Download f\u00fcr Handy<br data-start=\"1117\" data-end=\"1120\" \/>\u2b07\ufe0f Sofortiger Download f\u00fcr PC<br data-start=\"1149\" data-end=\"1152\" \/>\u2b07\ufe0f Sofortiger Download f\u00fcrs Tablet<br data-start=\"1186\" data-end=\"1189\" \/>\u2b07\ufe0f Kompatibel mit allen MP3-f\u00e4higen Ger\u00e4ten<\/p>\n<p data-start=\"1236\" data-end=\"1272\" data-is-last-node=\"\" data-is-only-node=\"\">\ud83d\udc49 Einmal gekauft \u2013 f\u00fcr immer deins!<\/p>\n<\/div>\n<\/div>\n<\/div>\n<\/div>\n<\/div>\n<\/div>\n<\/section>\n<\/div>\n","protected":false},"excerpt":{"rendered":"<p>\ud83c\udfa7 H\u00f6rspiel Roter Drache \u2013 TKKG \u2013 German \u201eRoter Drache\u201c f\u00fchrt Tim, Karl, Kl\u00f6\u00dfchen und Gaby in einen besonders mysteri\u00f6sen Fall, bei dem ein geheimnisvolles Symbol f\u00fcr Angst und Verwirrung sorgt.Als r\u00e4tselhafte Ereignisse die Stadt ersch\u00fcttern, scheint eine unsichtbare Bedrohung im Hintergrund zu agieren \u2013 und niemand wei\u00df, wer als N\u00e4chstes betroffen sein k\u00f6nnte. Die [&hellip;]<\/p>\n","protected":false},"featured_media":3335,"comment_status":"open","ping_status":"closed","template":"","meta":[],"product_brand":[],"product_cat":[35],"product_tag":[],"class_list":{"0":"post-3327","1":"product","2":"type-product","3":"status-publish","4":"has-post-thumbnail","6":"product_cat-hoerspiel-tkkg","8":"first","9":"instock","10":"sale","11":"virtual","12":"purchasable","13":"product-type-simple"},"jetpack_sharing_enabled":true,"_links":{"self":[{"href":"https:\/\/audiobook-24.com\/en\/wp-json\/wp\/v2\/product\/3327","targetHints":{"allow":["GET"]}}],"collection":[{"href":"https:\/\/audiobook-24.com\/en\/wp-json\/wp\/v2\/product"}],"about":[{"href":"https:\/\/audiobook-24.com\/en\/wp-json\/wp\/v2\/types\/product"}],"replies":[{"embeddable":true,"href":"https:\/\/audiobook-24.com\/en\/wp-json\/wp\/v2\/comments?post=3327"}],"wp:featuredmedia":[{"embeddable":true,"href":"https:\/\/audiobook-24.com\/en\/wp-json\/wp\/v2\/media\/3335"}],"wp:attachment":[{"href":"https:\/\/audiobook-24.com\/en\/wp-json\/wp\/v2\/media?parent=3327"}],"wp:term":[{"taxonomy":"product_brand","embeddable":true,"href":"https:\/\/audiobook-24.com\/en\/wp-json\/wp\/v2\/product_brand?post=3327"},{"taxonomy":"product_cat","embeddable":true,"href":"https:\/\/audiobook-24.com\/en\/wp-json\/wp\/v2\/product_cat?post=3327"},{"taxonomy":"product_tag","embeddable":true,"href":"https:\/\/audiobook-24.com\/en\/wp-json\/wp\/v2\/product_tag?post=3327"}],"curies":[{"name":"wp","href":"https:\/\/api.w.org\/{rel}","templated":true}]}}