{"id":3319,"date":"2026-05-05T20:52:39","date_gmt":"2026-05-05T20:52:39","guid":{"rendered":"https:\/\/audiobook-24.com\/?post_type=product&#038;p=3319"},"modified":"2026-05-05T22:36:21","modified_gmt":"2026-05-05T22:36:21","slug":"%f0%9f%8e%a7-hoerspiel-der-taeter-ist-unter-uns-tkkg-german","status":"publish","type":"product","link":"https:\/\/audiobook-24.com\/en\/product\/%f0%9f%8e%a7-hoerspiel-der-taeter-ist-unter-uns-tkkg-german\/","title":{"rendered":"\ud83c\udfa7 H\u00f6rspiel Der T\u00e4ter ist unter uns \u2013 TKKG \u2013 German"},"content":{"rendered":"<p data-start=\"0\" data-end=\"100\">\ud83c\udfa7 H\u00f6rspiel <span class=\"hover:entity-accent entity-underline inline cursor-pointer align-baseline\"><span class=\"whitespace-normal\">Der T\u00e4ter ist unter uns<\/span><\/span> \u2013 <span class=\"hover:entity-accent entity-underline inline cursor-pointer align-baseline\"><span class=\"whitespace-normal\">TKKG<\/span><\/span> \u2013 German<\/p>\n<p data-start=\"102\" data-end=\"430\">\u201eDer T\u00e4ter ist unter uns\u201c ist ein spannender Fall f\u00fcr Tim, Karl, Kl\u00f6\u00dfchen und Gaby, bei dem die Freunde einmal mehr ihren Sp\u00fcrsinn unter Beweis stellen m\u00fcssen.<br data-start=\"261\" data-end=\"264\" \/>Als ein r\u00e4tselhaftes Verbrechen f\u00fcr Unruhe sorgt, wird schnell klar: Der T\u00e4ter bewegt sich mitten unter ihnen \u2013 unerkannt und jederzeit bereit, erneut zuzuschlagen.<\/p>\n<p data-start=\"432\" data-end=\"627\">Mit Mut, Teamgeist und cleveren Ideen nehmen die vier Detektive die Ermittlungen auf.<br data-start=\"517\" data-end=\"520\" \/>Dabei sto\u00dfen sie auf falsche F\u00e4hrten, \u00fcberraschende Hinweise und geraten selbst in brenzlige Situationen.<\/p>\n<p data-start=\"629\" data-end=\"739\">Ein klassisches Abenteuer aus der Welt von TKKG, das mit Spannung, Witz und starkem Zusammenhalt begeistert.<\/p>\n<p data-start=\"741\" data-end=\"963\">Erwartet werden:<br data-start=\"757\" data-end=\"760\" \/>\ud83d\udd75\ufe0f\u200d\u2642\ufe0f Clevere Detektivarbeit &amp; spannende Spurensuche<br data-start=\"813\" data-end=\"816\" \/>\ud83c\udf92 Freundschaft, Teamgeist &amp; jugendlicher Mut<br data-start=\"861\" data-end=\"864\" \/>\u26a1 R\u00e4tsel, Geheimnisse &amp; \u00fcberraschende Wendungen<br data-start=\"911\" data-end=\"914\" \/>\ud83c\udfa7 Klassischer H\u00f6rspiel-Charme &amp; packende Story<\/p>\n<p data-start=\"965\" data-end=\"1031\">Perfekt f\u00fcr Fans der beliebten Jugend-Krimireihe mit Kultstatus.<\/p>\n<p data-start=\"1033\" data-end=\"1075\">\ud83d\udd0a Format: H\u00f6rspiel \/ Jugend-Krimi (MP3)<\/p>\n<p data-start=\"1077\" data-end=\"1226\">\u2b07\ufe0f Sofortiger Download f\u00fcr Handy<br data-start=\"1109\" data-end=\"1112\" \/>\u2b07\ufe0f Sofortiger Download f\u00fcr PC<br data-start=\"1141\" data-end=\"1144\" \/>\u2b07\ufe0f Sofortiger Download f\u00fcrs Tablet<br data-start=\"1178\" data-end=\"1181\" \/>\u2b07\ufe0f Kompatibel mit allen MP3-f\u00e4higen Ger\u00e4ten<\/p>\n<p data-start=\"1228\" data-end=\"1264\" data-is-last-node=\"\" data-is-only-node=\"\">\ud83d\udc49 Einmal gekauft \u2013 f\u00fcr immer deins!<\/p>","protected":false},"excerpt":{"rendered":"<p>\ud83c\udfa7 H\u00f6rspiel Der T\u00e4ter ist unter uns \u2013 TKKG \u2013 German \u201eDer T\u00e4ter ist unter uns\u201c ist ein spannender Fall f\u00fcr Tim, Karl, Kl\u00f6\u00dfchen und Gaby, bei dem die Freunde einmal mehr ihren Sp\u00fcrsinn unter Beweis stellen m\u00fcssen.Als ein r\u00e4tselhaftes Verbrechen f\u00fcr Unruhe sorgt, wird schnell klar: Der T\u00e4ter bewegt sich mitten unter ihnen \u2013 [&hellip;]<\/p>\n","protected":false},"featured_media":3326,"comment_status":"open","ping_status":"closed","template":"","meta":[],"product_brand":[],"product_cat":[35],"product_tag":[],"class_list":{"0":"post-3319","1":"product","2":"type-product","3":"status-publish","4":"has-post-thumbnail","6":"product_cat-hoerspiel-tkkg","8":"first","9":"instock","10":"sale","11":"virtual","12":"purchasable","13":"product-type-simple"},"jetpack_sharing_enabled":true,"_links":{"self":[{"href":"https:\/\/audiobook-24.com\/en\/wp-json\/wp\/v2\/product\/3319","targetHints":{"allow":["GET"]}}],"collection":[{"href":"https:\/\/audiobook-24.com\/en\/wp-json\/wp\/v2\/product"}],"about":[{"href":"https:\/\/audiobook-24.com\/en\/wp-json\/wp\/v2\/types\/product"}],"replies":[{"embeddable":true,"href":"https:\/\/audiobook-24.com\/en\/wp-json\/wp\/v2\/comments?post=3319"}],"wp:featuredmedia":[{"embeddable":true,"href":"https:\/\/audiobook-24.com\/en\/wp-json\/wp\/v2\/media\/3326"}],"wp:attachment":[{"href":"https:\/\/audiobook-24.com\/en\/wp-json\/wp\/v2\/media?parent=3319"}],"wp:term":[{"taxonomy":"product_brand","embeddable":true,"href":"https:\/\/audiobook-24.com\/en\/wp-json\/wp\/v2\/product_brand?post=3319"},{"taxonomy":"product_cat","embeddable":true,"href":"https:\/\/audiobook-24.com\/en\/wp-json\/wp\/v2\/product_cat?post=3319"},{"taxonomy":"product_tag","embeddable":true,"href":"https:\/\/audiobook-24.com\/en\/wp-json\/wp\/v2\/product_tag?post=3319"}],"curies":[{"name":"wp","href":"https:\/\/api.w.org\/{rel}","templated":true}]}}