{"id":3283,"date":"2026-04-15T20:44:37","date_gmt":"2026-04-15T20:44:37","guid":{"rendered":"https:\/\/audiobook-24.com\/?post_type=product&#038;p=3283"},"modified":"2026-04-15T20:44:37","modified_gmt":"2026-04-15T20:44:37","slug":"%f0%9f%8e%a7-hoerbuch-andreas-franz-reihe-02-mord-auf-raten-german","status":"publish","type":"product","link":"https:\/\/audiobook-24.com\/en\/product\/%f0%9f%8e%a7-hoerbuch-andreas-franz-reihe-02-mord-auf-raten-german\/","title":{"rendered":"\ud83c\udfa7 H\u00f6rbuch Andreas Franz \u2013 Reihe 02 \u2013 Mord auf Raten \u2013 German"},"content":{"rendered":"<p data-start=\"67\" data-end=\"400\">Mord auf Raten\u201c setzt die d\u00fcstere Krimi-Reihe von Andreas Franz konsequent fort und f\u00fchrt die Ermittler in einen besonders komplexen und nervenaufreibenden Fall.<br data-start=\"229\" data-end=\"232\" \/>Als mehrere scheinbar unabh\u00e4ngige Ereignisse auf einen geplanten Mord hindeuten, beginnt ein Wettlauf gegen die Zeit \u2013 denn das n\u00e4chste Opfer k\u00f6nnte bereits feststehen.<\/p>\n<p data-start=\"402\" data-end=\"647\">Die Ermittlungen enth\u00fcllen ein Geflecht aus finanziellen Interessen, pers\u00f6nlichen Konflikten und tief vergrabenen Geheimnissen.<br data-start=\"529\" data-end=\"532\" \/>Je weiter die Ermittler vordringen, desto klarer wird: Hier wird nicht spontan get\u00f6tet \u2013 hier wird kalt kalkuliert.<\/p>\n<p data-start=\"649\" data-end=\"752\">Ein spannender, vielschichtiger Thriller, der die Spannung stetig steigert und bis zum Schluss fesselt.<\/p>\n<p data-start=\"754\" data-end=\"985\">Erwartet werden:<br data-start=\"770\" data-end=\"773\" \/>\ud83c\udfad Ermittler im Dauerstress &amp; realistische Charaktere<br data-start=\"826\" data-end=\"829\" \/>\ud83e\ude78 Spannung, Verbrechen &amp; raffinierte T\u00e4uschungen<br data-start=\"878\" data-end=\"881\" \/>\ud83d\udd25 Dichte Atmosph\u00e4re &amp; klassischer Krimi-Stil<br data-start=\"926\" data-end=\"929\" \/>\ud83e\udde0 Psychologische Motive &amp; durchdachte T\u00e4terstrukturen<\/p>\n<p data-start=\"987\" data-end=\"1059\">Ein intensives H\u00f6rerlebnis f\u00fcr Fans deutscher Krimi-Reihen mit Tiefgang.<\/p>\n<p data-start=\"1061\" data-end=\"1106\">\ud83d\udd0a Format: H\u00f6rbuch \/ Krimi \/ Thriller (MP3)<\/p>\n<p data-start=\"1108\" data-end=\"1257\">\u2b07\ufe0f Sofortiger Download f\u00fcr Handy<br data-start=\"1140\" data-end=\"1143\" \/>\u2b07\ufe0f Sofortiger Download f\u00fcr PC<br data-start=\"1172\" data-end=\"1175\" \/>\u2b07\ufe0f Sofortiger Download f\u00fcrs Tablet<br data-start=\"1209\" data-end=\"1212\" \/>\u2b07\ufe0f Kompatibel mit allen MP3-f\u00e4higen Ger\u00e4ten<\/p>\n<p data-start=\"1259\" data-end=\"1295\" data-is-last-node=\"\" data-is-only-node=\"\">\ud83d\udc49 Einmal gekauft \u2013 f\u00fcr immer deins!<\/p>","protected":false},"excerpt":{"rendered":"<p>Mord auf Raten\u201c setzt die d\u00fcstere Krimi-Reihe von Andreas Franz konsequent fort und f\u00fchrt die Ermittler in einen besonders komplexen und nervenaufreibenden Fall.Als mehrere scheinbar unabh\u00e4ngige Ereignisse auf einen geplanten Mord hindeuten, beginnt ein Wettlauf gegen die Zeit \u2013 denn das n\u00e4chste Opfer k\u00f6nnte bereits feststehen. Die Ermittlungen enth\u00fcllen ein Geflecht aus finanziellen Interessen, pers\u00f6nlichen [&hellip;]<\/p>\n","protected":false},"featured_media":3300,"comment_status":"open","ping_status":"closed","template":"","meta":[],"product_brand":[],"product_cat":[19],"product_tag":[],"class_list":{"0":"post-3283","1":"product","2":"type-product","3":"status-publish","4":"has-post-thumbnail","6":"product_cat-hoerbuecher","8":"first","9":"instock","10":"sale","11":"shipping-taxable","12":"purchasable","13":"product-type-simple"},"jetpack_sharing_enabled":true,"_links":{"self":[{"href":"https:\/\/audiobook-24.com\/en\/wp-json\/wp\/v2\/product\/3283","targetHints":{"allow":["GET"]}}],"collection":[{"href":"https:\/\/audiobook-24.com\/en\/wp-json\/wp\/v2\/product"}],"about":[{"href":"https:\/\/audiobook-24.com\/en\/wp-json\/wp\/v2\/types\/product"}],"replies":[{"embeddable":true,"href":"https:\/\/audiobook-24.com\/en\/wp-json\/wp\/v2\/comments?post=3283"}],"wp:featuredmedia":[{"embeddable":true,"href":"https:\/\/audiobook-24.com\/en\/wp-json\/wp\/v2\/media\/3300"}],"wp:attachment":[{"href":"https:\/\/audiobook-24.com\/en\/wp-json\/wp\/v2\/media?parent=3283"}],"wp:term":[{"taxonomy":"product_brand","embeddable":true,"href":"https:\/\/audiobook-24.com\/en\/wp-json\/wp\/v2\/product_brand?post=3283"},{"taxonomy":"product_cat","embeddable":true,"href":"https:\/\/audiobook-24.com\/en\/wp-json\/wp\/v2\/product_cat?post=3283"},{"taxonomy":"product_tag","embeddable":true,"href":"https:\/\/audiobook-24.com\/en\/wp-json\/wp\/v2\/product_tag?post=3283"}],"curies":[{"name":"wp","href":"https:\/\/api.w.org\/{rel}","templated":true}]}}