{"id":3281,"date":"2026-04-15T20:35:42","date_gmt":"2026-04-15T20:35:42","guid":{"rendered":"https:\/\/audiobook-24.com\/?post_type=product&#038;p=3281"},"modified":"2026-04-15T20:35:42","modified_gmt":"2026-04-15T20:35:42","slug":"%f0%9f%8e%a7-hoerbuch-andreas-franz-tod-eines-lehrers-german","status":"publish","type":"product","link":"https:\/\/audiobook-24.com\/en\/product\/%f0%9f%8e%a7-hoerbuch-andreas-franz-tod-eines-lehrers-german\/","title":{"rendered":"\ud83c\udfa7 H\u00f6rbuch Andreas Franz \u2013 Tod eines Lehrers \u2013 German"},"content":{"rendered":"<div class=\"flex flex-col text-sm pb-25\">\n<section class=\"text-token-text-primary w-full focus:outline-none [--shadow-height:45px] has-data-writing-block:pointer-events-none has-data-writing-block:-mt-(--shadow-height) has-data-writing-block:pt-(--shadow-height) [&amp;:has([data-writing-block])&gt;*]:pointer-events-auto scroll-mt-[calc(var(--header-height)+min(200px,max(70px,20svh)))]\" dir=\"auto\" data-turn-id=\"request-WEB:5b31f554-191e-43b5-9d79-72848dca3ffa-10\" data-testid=\"conversation-turn-22\" data-scroll-anchor=\"true\" data-turn=\"assistant\">\n<div class=\"text-base my-auto mx-auto pb-10 [--thread-content-margin:var(--thread-content-margin-xs,calc(var(--spacing)*4))] @w-sm\/main:[--thread-content-margin:var(--thread-content-margin-sm,calc(var(--spacing)*6))] @w-lg\/main:[--thread-content-margin:var(--thread-content-margin-lg,calc(var(--spacing)*16))] px-(--thread-content-margin)\">\n<div class=\"[--thread-content-max-width:40rem] @w-lg\/main:[--thread-content-max-width:48rem] mx-auto max-w-(--thread-content-max-width) flex-1 group\/turn-messages focus-visible:outline-hidden relative flex w-full min-w-0 flex-col agent-turn\">\n<div class=\"flex max-w-full flex-col gap-4 grow\">\n<div class=\"min-h-8 text-message relative flex w-full flex-col items-end gap-2 text-start break-words whitespace-normal outline-none keyboard-focused:focus-ring [.text-message+&amp;]:mt-1\" dir=\"auto\" tabindex=\"0\" data-message-author-role=\"assistant\" data-message-id=\"f434497d-a088-44ea-bfa5-a07c7700530e\" data-message-model-slug=\"gpt-5-3-mini\" data-turn-start-message=\"true\">\n<div class=\"flex w-full flex-col gap-1 empty:hidden\">\n<div class=\"markdown prose dark:prose-invert w-full wrap-break-word light markdown-new-styling\">\n<p data-start=\"59\" data-end=\"350\">\u201eTod eines Lehrers\u201c ist ein atmosph\u00e4risch dichter und spannungsgeladener Kriminalfall aus der bekannten Thrillerwelt von Andreas Franz.<br data-start=\"194\" data-end=\"197\" \/>Als ein Lehrer unter mysteri\u00f6sen Umst\u00e4nden tot aufgefunden wird, stehen die Ermittler zun\u00e4chst vor einem R\u00e4tsel ohne klare Spuren oder eindeutiges Motiv.<\/p>\n<p data-start=\"352\" data-end=\"640\">Doch je tiefer sie in das Leben des Opfers eintauchen, desto mehr verborgene Konflikte, pers\u00f6nliche Abgr\u00fcnde und dunkle Geheimnisse kommen ans Licht.<br data-start=\"501\" data-end=\"504\" \/>Was zun\u00e4chst wie ein Einzelfall wirkt, entpuppt sich schnell als komplexes Geflecht aus L\u00fcgen, Beziehungen und m\u00f6glichen Verstrickungen.<\/p>\n<p data-start=\"642\" data-end=\"757\">Mit zunehmender Spannung entwickelt sich ein nervenaufreibender Fall, bei dem nichts so ist, wie es zuerst scheint.<\/p>\n<p data-start=\"759\" data-end=\"986\">Erwartet werden:<br data-start=\"775\" data-end=\"778\" \/>\ud83c\udfad Vielschichtige Charaktere &amp; realistische Ermittlerarbeit<br data-start=\"837\" data-end=\"840\" \/>\ud83e\ude78 Spannung, R\u00e4tsel &amp; \u00fcberraschende Wendungen<br data-start=\"885\" data-end=\"888\" \/>\ud83d\udd25 Dichte Atmosph\u00e4re &amp; realistischer Erz\u00e4hlstil<br data-start=\"935\" data-end=\"938\" \/>\ud83e\udde0 Psychologische Tiefe &amp; menschliche Abgr\u00fcnde<\/p>\n<p data-start=\"988\" data-end=\"1063\">Ein fesselndes H\u00f6rerlebnis f\u00fcr Fans klassischer deutscher Kriminalthriller.<\/p>\n<p data-start=\"1065\" data-end=\"1110\">\ud83d\udd0a Format: H\u00f6rbuch \/ Krimi \/ Thriller (MP3)<\/p>\n<p data-start=\"1112\" data-end=\"1261\">\u2b07\ufe0f Sofortiger Download f\u00fcr Handy<br data-start=\"1144\" data-end=\"1147\" \/>\u2b07\ufe0f Sofortiger Download f\u00fcr PC<br data-start=\"1176\" data-end=\"1179\" \/>\u2b07\ufe0f Sofortiger Download f\u00fcrs Tablet<br data-start=\"1213\" data-end=\"1216\" \/>\u2b07\ufe0f Kompatibel mit allen MP3-f\u00e4higen Ger\u00e4ten<\/p>\n<p data-start=\"1263\" data-end=\"1299\" data-is-last-node=\"\" data-is-only-node=\"\">\ud83d\udc49 Einmal gekauft \u2013 f\u00fcr immer deins!<\/p>\n<\/div>\n<\/div>\n<\/div>\n<\/div>\n<div class=\"z-0 flex min-h-[46px] justify-start\"><\/div>\n<\/div>\n<\/div>\n<\/section>\n<\/div>\n<div class=\"pointer-events-none h-px w-px absolute bottom-0\" aria-hidden=\"true\" data-edge=\"true\"><\/div>\n","protected":false},"excerpt":{"rendered":"<p>\u201eTod eines Lehrers\u201c ist ein atmosph\u00e4risch dichter und spannungsgeladener Kriminalfall aus der bekannten Thrillerwelt von Andreas Franz.Als ein Lehrer unter mysteri\u00f6sen Umst\u00e4nden tot aufgefunden wird, stehen die Ermittler zun\u00e4chst vor einem R\u00e4tsel ohne klare Spuren oder eindeutiges Motiv. Doch je tiefer sie in das Leben des Opfers eintauchen, desto mehr verborgene Konflikte, pers\u00f6nliche Abgr\u00fcnde und [&hellip;]<\/p>\n","protected":false},"featured_media":3298,"comment_status":"open","ping_status":"closed","template":"","meta":[],"product_brand":[],"product_cat":[19],"product_tag":[],"class_list":{"0":"post-3281","1":"product","2":"type-product","3":"status-publish","4":"has-post-thumbnail","6":"product_cat-hoerbuecher","8":"first","9":"instock","10":"sale","11":"shipping-taxable","12":"purchasable","13":"product-type-simple"},"jetpack_sharing_enabled":true,"_links":{"self":[{"href":"https:\/\/audiobook-24.com\/en\/wp-json\/wp\/v2\/product\/3281","targetHints":{"allow":["GET"]}}],"collection":[{"href":"https:\/\/audiobook-24.com\/en\/wp-json\/wp\/v2\/product"}],"about":[{"href":"https:\/\/audiobook-24.com\/en\/wp-json\/wp\/v2\/types\/product"}],"replies":[{"embeddable":true,"href":"https:\/\/audiobook-24.com\/en\/wp-json\/wp\/v2\/comments?post=3281"}],"wp:featuredmedia":[{"embeddable":true,"href":"https:\/\/audiobook-24.com\/en\/wp-json\/wp\/v2\/media\/3298"}],"wp:attachment":[{"href":"https:\/\/audiobook-24.com\/en\/wp-json\/wp\/v2\/media?parent=3281"}],"wp:term":[{"taxonomy":"product_brand","embeddable":true,"href":"https:\/\/audiobook-24.com\/en\/wp-json\/wp\/v2\/product_brand?post=3281"},{"taxonomy":"product_cat","embeddable":true,"href":"https:\/\/audiobook-24.com\/en\/wp-json\/wp\/v2\/product_cat?post=3281"},{"taxonomy":"product_tag","embeddable":true,"href":"https:\/\/audiobook-24.com\/en\/wp-json\/wp\/v2\/product_tag?post=3281"}],"curies":[{"name":"wp","href":"https:\/\/api.w.org\/{rel}","templated":true}]}}