{"id":3276,"date":"2026-04-15T19:50:08","date_gmt":"2026-04-15T19:50:08","guid":{"rendered":"https:\/\/audiobook-24.com\/?post_type=product&#038;p=3276"},"modified":"2026-04-15T20:32:56","modified_gmt":"2026-04-15T20:32:56","slug":"%f0%9f%8e%ac-video-pretty-lethal-schoen-toedlich-2026-german","status":"publish","type":"product","link":"https:\/\/audiobook-24.com\/en\/product\/%f0%9f%8e%ac-video-pretty-lethal-schoen-toedlich-2026-german\/","title":{"rendered":"\ud83c\udfac Video Pretty Lethal \u2013 Sch\u00f6n T\u00f6dlich (2026) \u2013 German"},"content":{"rendered":"<p data-start=\"0\" data-end=\"58\"><strong>\ud83c\udfac Video <em data-start=\"9\" data-end=\"47\">Pretty Lethal \u2013 Sch\u00f6n T\u00f6dlich (2026)<\/em> \u2013 German<\/strong><\/p>\n<p data-start=\"60\" data-end=\"413\">\u201ePretty Lethal \u2013 Sch\u00f6n T\u00f6dlich (2026)\u201c ist ein stylischer, d\u00fcsterer Thriller, der Sch\u00f6nheit und Gefahr auf verst\u00f6rende Weise miteinander verbindet.<br data-start=\"207\" data-end=\"210\" \/>Hinter einer makellosen Fassade verbirgt sich ein t\u00f6dliches Geheimnis \u2013 und was zun\u00e4chst wie ein perfektes Leben wirkt, entpuppt sich schnell als gef\u00e4hrliches Spiel aus Manipulation, Macht und Kontrolle.<\/p>\n<p data-start=\"415\" data-end=\"719\">Mit einer intensiven Atmosph\u00e4re, eleganten, aber zugleich gnadenlosen Bildern und stetig wachsender Spannung zieht der Film die Zuschauer immer tiefer in eine Welt, in der nichts so ist, wie es scheint.<br data-start=\"617\" data-end=\"620\" \/>Vertrauen wird zur Schw\u00e4che, Wahrheit zur Waffe \u2013 und der Preis f\u00fcr einen Fehler kann t\u00f6dlich sein.<\/p>\n<p data-start=\"721\" data-end=\"795\">Ein moderner Thriller, der Stil und Brutalit\u00e4t auf packende Weise vereint.<\/p>\n<p data-start=\"797\" data-end=\"1012\">Erwartet werden:<br data-start=\"813\" data-end=\"816\" \/>\ud83c\udfad Starke Charaktere &amp; dunkle Geheimnisse<br data-start=\"857\" data-end=\"860\" \/>\ud83e\ude78 Spannung, Intrigen &amp; \u00fcberraschende Wendungen<br data-start=\"907\" data-end=\"910\" \/>\ud83d\udd25 \u00c4sthetische Inszenierung &amp; kompromisslose Szenen<br data-start=\"961\" data-end=\"964\" \/>\ud83e\udde0 Psychologische Tiefe &amp; moralische Grauzonen<\/p>\n<p data-start=\"1014\" data-end=\"1085\">Ein fesselndes Filmerlebnis f\u00fcr Fans von stilvollen Thrillern mit Biss.<\/p>\n<p data-start=\"1087\" data-end=\"1137\">\ud83d\udd0a Format: Video \/ Film \/ Thriller \/ Drama (MP4)<\/p>\n<p data-start=\"1139\" data-end=\"1288\">\u2b07\ufe0f Sofortiger Download f\u00fcr Handy<br data-start=\"1171\" data-end=\"1174\" \/>\u2b07\ufe0f Sofortiger Download f\u00fcr PC<br data-start=\"1203\" data-end=\"1206\" \/>\u2b07\ufe0f Sofortiger Download f\u00fcrs Tablet<br data-start=\"1240\" data-end=\"1243\" \/>\u2b07\ufe0f Kompatibel mit allen MP4-f\u00e4higen Ger\u00e4ten<\/p>\n<p data-start=\"1290\" data-end=\"1326\" data-is-last-node=\"\" data-is-only-node=\"\">\ud83d\udc49 Einmal gekauft \u2013 f\u00fcr immer deins!<\/p>","protected":false},"excerpt":{"rendered":"<p>\ud83c\udfac Video Pretty Lethal \u2013 Sch\u00f6n T\u00f6dlich (2026) \u2013 German \u201ePretty Lethal \u2013 Sch\u00f6n T\u00f6dlich (2026)\u201c ist ein stylischer, d\u00fcsterer Thriller, der Sch\u00f6nheit und Gefahr auf verst\u00f6rende Weise miteinander verbindet.Hinter einer makellosen Fassade verbirgt sich ein t\u00f6dliches Geheimnis \u2013 und was zun\u00e4chst wie ein perfektes Leben wirkt, entpuppt sich schnell als gef\u00e4hrliches Spiel aus Manipulation, [&hellip;]<\/p>\n","protected":false},"featured_media":3285,"comment_status":"open","ping_status":"closed","template":"","meta":[],"product_brand":[],"product_cat":[49,59,48,55],"product_tag":[],"class_list":{"0":"post-3276","1":"product","2":"type-product","3":"status-publish","4":"has-post-thumbnail","6":"product_cat-aktuelle-filme-2026","7":"product_cat-filme","8":"product_cat-grusel-geschichten","9":"product_cat-thriller","11":"first","12":"instock","13":"sale","14":"shipping-taxable","15":"purchasable","16":"product-type-simple"},"jetpack_sharing_enabled":true,"_links":{"self":[{"href":"https:\/\/audiobook-24.com\/en\/wp-json\/wp\/v2\/product\/3276","targetHints":{"allow":["GET"]}}],"collection":[{"href":"https:\/\/audiobook-24.com\/en\/wp-json\/wp\/v2\/product"}],"about":[{"href":"https:\/\/audiobook-24.com\/en\/wp-json\/wp\/v2\/types\/product"}],"replies":[{"embeddable":true,"href":"https:\/\/audiobook-24.com\/en\/wp-json\/wp\/v2\/comments?post=3276"}],"wp:featuredmedia":[{"embeddable":true,"href":"https:\/\/audiobook-24.com\/en\/wp-json\/wp\/v2\/media\/3285"}],"wp:attachment":[{"href":"https:\/\/audiobook-24.com\/en\/wp-json\/wp\/v2\/media?parent=3276"}],"wp:term":[{"taxonomy":"product_brand","embeddable":true,"href":"https:\/\/audiobook-24.com\/en\/wp-json\/wp\/v2\/product_brand?post=3276"},{"taxonomy":"product_cat","embeddable":true,"href":"https:\/\/audiobook-24.com\/en\/wp-json\/wp\/v2\/product_cat?post=3276"},{"taxonomy":"product_tag","embeddable":true,"href":"https:\/\/audiobook-24.com\/en\/wp-json\/wp\/v2\/product_tag?post=3276"}],"curies":[{"name":"wp","href":"https:\/\/api.w.org\/{rel}","templated":true}]}}