{"id":3204,"date":"2026-02-17T16:24:52","date_gmt":"2026-02-17T16:24:52","guid":{"rendered":"https:\/\/audiobook-24.com\/?post_type=product&#038;p=3204"},"modified":"2026-02-17T16:24:55","modified_gmt":"2026-02-17T16:24:55","slug":"%f0%9f%8e%ac-video-der-tiger-2025-german","status":"publish","type":"product","link":"https:\/\/audiobook-24.com\/en\/product\/%f0%9f%8e%ac-video-der-tiger-2025-german\/","title":{"rendered":"\ud83c\udfac Video Der Tiger (2025) \u2013 German"},"content":{"rendered":"<p data-start=\"0\" data-end=\"38\"><img decoding=\"async\" class=\"emoji\" role=\"img\" draggable=\"false\" src=\"https:\/\/s.w.org\/images\/core\/emoji\/17.0.2\/svg\/1f3ac.svg\" alt=\"\ud83c\udfac\" \/>\u00a0<strong data-start=\"3\" data-end=\"38\">Video Der Tiger (2025) \u2013 German<\/strong><\/p>\n<p data-start=\"40\" data-end=\"352\">\u201e<strong data-start=\"41\" data-end=\"61\">Der Tiger (2025)<\/strong>\u201c ist ein kraftvolles, intensives Drama, das die Zuschauer mitten in einen schonungslosen \u00dcberlebenskampf f\u00fchrt.<br data-start=\"173\" data-end=\"176\" \/>Im Zentrum steht ein Mann, der zwischen inneren D\u00e4monen, \u00e4u\u00dferer Gewalt und der Suche nach Erl\u00f6sung gefangen ist \u2013 getrieben von Instinkt, Wut und dem Willen, nicht aufzugeben.<\/p>\n<p data-start=\"354\" data-end=\"648\">Der Film \u00fcberzeugt mit einer rauen Atmosph\u00e4re, starken Bildern und emotionaler Tiefe.<br data-start=\"439\" data-end=\"442\" \/>Jede Entscheidung hat Konsequenzen, jede Begegnung hinterl\u00e4sst Spuren. \u201eDer Tiger\u201c erz\u00e4hlt eine Geschichte \u00fcber St\u00e4rke, Schmerz und die Frage, wie weit ein Mensch gehen kann, wenn alles auf dem Spiel steht.<\/p>\n<p data-start=\"650\" data-end=\"699\">Ein intensives Filmerlebnis, das lange nachwirkt.<\/p>\n<p data-start=\"701\" data-end=\"898\"><strong data-start=\"701\" data-end=\"721\">Erwartet werden:<\/strong><br \/>\n<img decoding=\"async\" class=\"emoji\" role=\"img\" draggable=\"false\" src=\"https:\/\/s.w.org\/images\/core\/emoji\/17.0.2\/svg\/1f405.svg\" alt=\"\ud83d\udc05\" \/>\u00a0Symbolik von St\u00e4rke, Instinkt &amp; \u00dcberleben<br data-start=\"766\" data-end=\"769\" \/><img decoding=\"async\" class=\"emoji\" role=\"img\" draggable=\"false\" src=\"https:\/\/s.w.org\/images\/core\/emoji\/17.0.2\/svg\/1f3ad.svg\" alt=\"\ud83c\udfad\" \/>\u00a0Emotionale Tiefe &amp; starke Charaktere<br data-start=\"808\" data-end=\"811\" \/><img decoding=\"async\" class=\"emoji\" role=\"img\" draggable=\"false\" src=\"https:\/\/s.w.org\/images\/core\/emoji\/17.0.2\/svg\/1f525.svg\" alt=\"\ud83d\udd25\" \/>\u00a0Harte Konflikte &amp; spannungsgeladene Szenen<br data-start=\"856\" data-end=\"859\" \/><img decoding=\"async\" class=\"emoji\" role=\"img\" draggable=\"false\" src=\"https:\/\/s.w.org\/images\/core\/emoji\/17.0.2\/svg\/1f9e0.svg\" alt=\"\ud83e\udde0\" \/>\u00a0Drama mit psychologischem Anspruch<\/p>\n<p data-start=\"900\" data-end=\"974\">Ein eindringlicher Film f\u00fcr Zuschauer, die intensive Geschichten sch\u00e4tzen.<\/p>\n<p data-start=\"976\" data-end=\"1028\"><img decoding=\"async\" class=\"emoji\" role=\"img\" draggable=\"false\" src=\"https:\/\/s.w.org\/images\/core\/emoji\/17.0.2\/svg\/1f50a.svg\" alt=\"\ud83d\udd0a\" \/>\u00a0<strong data-start=\"979\" data-end=\"990\">Format:<\/strong>\u00a0Video \/ Film \/ Drama \/ Thriller (MP4)<\/p>\n<p data-start=\"1030\" data-end=\"1179\"><img decoding=\"async\" class=\"emoji\" role=\"img\" draggable=\"false\" src=\"https:\/\/s.w.org\/images\/core\/emoji\/17.0.2\/svg\/2b07.svg\" alt=\"\u2b07\ufe0f\" \/>\u00a0Sofortiger Download f\u00fcr Handy<br data-start=\"1062\" data-end=\"1065\" \/><img decoding=\"async\" class=\"emoji\" role=\"img\" draggable=\"false\" src=\"https:\/\/s.w.org\/images\/core\/emoji\/17.0.2\/svg\/2b07.svg\" alt=\"\u2b07\ufe0f\" \/>\u00a0Sofortiger Download f\u00fcr PC<br data-start=\"1094\" data-end=\"1097\" \/><img decoding=\"async\" class=\"emoji\" role=\"img\" draggable=\"false\" src=\"https:\/\/s.w.org\/images\/core\/emoji\/17.0.2\/svg\/2b07.svg\" alt=\"\u2b07\ufe0f\" \/>\u00a0Sofortiger Download f\u00fcrs Tablet<br data-start=\"1131\" data-end=\"1134\" \/><img decoding=\"async\" class=\"emoji\" role=\"img\" draggable=\"false\" src=\"https:\/\/s.w.org\/images\/core\/emoji\/17.0.2\/svg\/2b07.svg\" alt=\"\u2b07\ufe0f\" \/>\u00a0Kompatibel mit allen MP4-f\u00e4higen Ger\u00e4ten<\/p>\n<p data-start=\"1181\" data-end=\"1239\"><strong data-start=\"1181\" data-end=\"1239\"><img decoding=\"async\" class=\"emoji\" role=\"img\" draggable=\"false\" src=\"https:\/\/s.w.org\/images\/core\/emoji\/17.0.2\/svg\/1f449.svg\" alt=\"\ud83d\udc49\" \/>\u00a0Einmal gekauft \u2013 jederzeit und unbegrenzt abrufbar!<\/strong><\/p>","protected":false},"excerpt":{"rendered":"<p>\u00a0Video Der Tiger (2025) \u2013 German \u201eDer Tiger (2025)\u201c ist ein kraftvolles, intensives Drama, das die Zuschauer mitten in einen schonungslosen \u00dcberlebenskampf f\u00fchrt.Im Zentrum steht ein Mann, der zwischen inneren D\u00e4monen, \u00e4u\u00dferer Gewalt und der Suche nach Erl\u00f6sung gefangen ist \u2013 getrieben von Instinkt, Wut und dem Willen, nicht aufzugeben. Der Film \u00fcberzeugt mit einer [&hellip;]<\/p>\n","protected":false},"featured_media":3212,"comment_status":"open","ping_status":"closed","template":"","meta":[],"product_brand":[],"product_cat":[54,50,55],"product_tag":[],"class_list":{"0":"post-3204","1":"product","2":"type-product","3":"status-publish","4":"has-post-thumbnail","6":"product_cat-action","7":"product_cat-aktuelle-filme-2025","8":"product_cat-thriller","10":"first","11":"instock","12":"sale","13":"shipping-taxable","14":"purchasable","15":"product-type-simple"},"jetpack_sharing_enabled":true,"_links":{"self":[{"href":"https:\/\/audiobook-24.com\/en\/wp-json\/wp\/v2\/product\/3204","targetHints":{"allow":["GET"]}}],"collection":[{"href":"https:\/\/audiobook-24.com\/en\/wp-json\/wp\/v2\/product"}],"about":[{"href":"https:\/\/audiobook-24.com\/en\/wp-json\/wp\/v2\/types\/product"}],"replies":[{"embeddable":true,"href":"https:\/\/audiobook-24.com\/en\/wp-json\/wp\/v2\/comments?post=3204"}],"wp:featuredmedia":[{"embeddable":true,"href":"https:\/\/audiobook-24.com\/en\/wp-json\/wp\/v2\/media\/3212"}],"wp:attachment":[{"href":"https:\/\/audiobook-24.com\/en\/wp-json\/wp\/v2\/media?parent=3204"}],"wp:term":[{"taxonomy":"product_brand","embeddable":true,"href":"https:\/\/audiobook-24.com\/en\/wp-json\/wp\/v2\/product_brand?post=3204"},{"taxonomy":"product_cat","embeddable":true,"href":"https:\/\/audiobook-24.com\/en\/wp-json\/wp\/v2\/product_cat?post=3204"},{"taxonomy":"product_tag","embeddable":true,"href":"https:\/\/audiobook-24.com\/en\/wp-json\/wp\/v2\/product_tag?post=3204"}],"curies":[{"name":"wp","href":"https:\/\/api.w.org\/{rel}","templated":true}]}}