{"id":3203,"date":"2026-02-17T16:20:46","date_gmt":"2026-02-17T16:20:46","guid":{"rendered":"https:\/\/audiobook-24.com\/?post_type=product&#038;p=3203"},"modified":"2026-02-17T16:20:50","modified_gmt":"2026-02-17T16:20:50","slug":"%f0%9f%8e%ac-video-spongebob-schwammkopf-piraten-ahoi-2025-german","status":"publish","type":"product","link":"https:\/\/audiobook-24.com\/en\/product\/%f0%9f%8e%ac-video-spongebob-schwammkopf-piraten-ahoi-2025-german\/","title":{"rendered":"\ud83c\udfac Video SpongeBob Schwammkopf \u2013 Piraten Ahoi (2025) \u2013 German"},"content":{"rendered":"<p data-start=\"0\" data-end=\"65\"><img decoding=\"async\" class=\"emoji\" role=\"img\" draggable=\"false\" src=\"https:\/\/s.w.org\/images\/core\/emoji\/17.0.2\/svg\/1f3ac.svg\" alt=\"\ud83c\udfac\" \/>\u00a0<strong data-start=\"3\" data-end=\"65\">Video SpongeBob Schwammkopf \u2013 Piraten Ahoi (2025) \u2013 German<\/strong><\/p>\n<p data-start=\"67\" data-end=\"382\">\u201e<strong data-start=\"68\" data-end=\"115\">SpongeBob Schwammkopf \u2013 Piraten Ahoi (2025)<\/strong>\u201c nimmt die Zuschauer mit auf ein herrlich verr\u00fccktes Abenteuer voller Seemannsgarn, Schatzsuche und typischem SpongeBob-Chaos.<br data-start=\"242\" data-end=\"245\" \/>Gemeinsam mit Patrick, Thadd\u00e4us und Co. st\u00fcrzt sich SpongeBob in ein piratiges Abenteuer auf hoher See, bei dem kein Auge trocken bleibt.<\/p>\n<p data-start=\"384\" data-end=\"671\">Mit viel Humor, bunten Bildern und jeder Menge absurder Einf\u00e4lle liefert der Film beste Unterhaltung f\u00fcr kleine und gro\u00dfe Fans.<br data-start=\"511\" data-end=\"514\" \/>Zwischen Piratenschiffen, geheimnisvollen Karten und schr\u00e4gen Begegnungen zeigt sich einmal mehr: Freundschaft und Optimismus sind SpongeBobs gr\u00f6\u00dfte St\u00e4rken.<\/p>\n<p data-start=\"673\" data-end=\"747\">Ein spa\u00dfiges Familienabenteuer voller Witz, Charme und Unterwasser-Action.<\/p>\n<p data-start=\"749\" data-end=\"953\"><strong data-start=\"749\" data-end=\"769\">Erwartet werden:<\/strong><br \/>\n<img decoding=\"async\" class=\"emoji\" role=\"img\" draggable=\"false\" src=\"https:\/\/s.w.org\/images\/core\/emoji\/17.0.2\/svg\/1f3f4-200d-2620-fe0f.svg\" alt=\"\ud83c\udff4\u200d\u2620\ufe0f\" \/>\u00a0Piratenabenteuer &amp; Schatzsuche<br data-start=\"806\" data-end=\"809\" \/><img decoding=\"async\" class=\"emoji\" role=\"img\" draggable=\"false\" src=\"https:\/\/s.w.org\/images\/core\/emoji\/17.0.2\/svg\/1f602.svg\" alt=\"\ud83d\ude02\" \/>\u00a0Typischer SpongeBob-Humor &amp; verr\u00fcckte Gags<br data-start=\"854\" data-end=\"857\" \/><img decoding=\"async\" class=\"emoji\" role=\"img\" draggable=\"false\" src=\"https:\/\/s.w.org\/images\/core\/emoji\/17.0.2\/svg\/1f30a.svg\" alt=\"\ud83c\udf0a\" \/>\u00a0Farbenfrohe Animation &amp; bekannte Kultfiguren<br data-start=\"904\" data-end=\"907\" \/><img decoding=\"async\" class=\"emoji\" role=\"img\" draggable=\"false\" src=\"https:\/\/s.w.org\/images\/core\/emoji\/17.0.2\/svg\/1f91d.svg\" alt=\"\ud83e\udd1d\" \/>\u00a0Freundschaft, Teamgeist &amp; jede Menge Spa\u00df<\/p>\n<p data-start=\"955\" data-end=\"1019\">Der perfekte Film f\u00fcr die ganze Familie und alle SpongeBob-Fans.<\/p>\n<p data-start=\"1021\" data-end=\"1088\"><img decoding=\"async\" class=\"emoji\" role=\"img\" draggable=\"false\" src=\"https:\/\/s.w.org\/images\/core\/emoji\/17.0.2\/svg\/1f50a.svg\" alt=\"\ud83d\udd0a\" \/>\u00a0<strong data-start=\"1024\" data-end=\"1035\">Format:<\/strong>\u00a0Video \/ Film \/ Animation \/ Familie \/ Abenteuer (MP4)<\/p>\n<p data-start=\"1090\" data-end=\"1239\"><img decoding=\"async\" class=\"emoji\" role=\"img\" draggable=\"false\" src=\"https:\/\/s.w.org\/images\/core\/emoji\/17.0.2\/svg\/2b07.svg\" alt=\"\u2b07\ufe0f\" \/>\u00a0Sofortiger Download f\u00fcr Handy<br data-start=\"1122\" data-end=\"1125\" \/><img decoding=\"async\" class=\"emoji\" role=\"img\" draggable=\"false\" src=\"https:\/\/s.w.org\/images\/core\/emoji\/17.0.2\/svg\/2b07.svg\" alt=\"\u2b07\ufe0f\" \/>\u00a0Sofortiger Download f\u00fcr PC<br data-start=\"1154\" data-end=\"1157\" \/><img decoding=\"async\" class=\"emoji\" role=\"img\" draggable=\"false\" src=\"https:\/\/s.w.org\/images\/core\/emoji\/17.0.2\/svg\/2b07.svg\" alt=\"\u2b07\ufe0f\" \/>\u00a0Sofortiger Download f\u00fcrs Tablet<br data-start=\"1191\" data-end=\"1194\" \/><img decoding=\"async\" class=\"emoji\" role=\"img\" draggable=\"false\" src=\"https:\/\/s.w.org\/images\/core\/emoji\/17.0.2\/svg\/2b07.svg\" alt=\"\u2b07\ufe0f\" \/>\u00a0Kompatibel mit allen MP4-f\u00e4higen Ger\u00e4ten<\/p>\n<p data-start=\"1241\" data-end=\"1281\" data-is-last-node=\"\" data-is-only-node=\"\"><strong data-start=\"1241\" data-end=\"1281\" data-is-last-node=\"\"><img decoding=\"async\" class=\"emoji\" role=\"img\" draggable=\"false\" src=\"https:\/\/s.w.org\/images\/core\/emoji\/17.0.2\/svg\/1f449.svg\" alt=\"\ud83d\udc49\" \/>\u00a0Einmal gekauft \u2013 f\u00fcr immer deins!<\/strong><\/p>","protected":false},"excerpt":{"rendered":"<p>\u00a0Video SpongeBob Schwammkopf \u2013 Piraten Ahoi (2025) \u2013 German \u201eSpongeBob Schwammkopf \u2013 Piraten Ahoi (2025)\u201c nimmt die Zuschauer mit auf ein herrlich verr\u00fccktes Abenteuer voller Seemannsgarn, Schatzsuche und typischem SpongeBob-Chaos.Gemeinsam mit Patrick, Thadd\u00e4us und Co. st\u00fcrzt sich SpongeBob in ein piratiges Abenteuer auf hoher See, bei dem kein Auge trocken bleibt. Mit viel Humor, bunten [&hellip;]<\/p>\n","protected":false},"featured_media":3210,"comment_status":"open","ping_status":"closed","template":"","meta":[],"product_brand":[],"product_cat":[50,52],"product_tag":[],"class_list":{"0":"post-3203","1":"product","2":"type-product","3":"status-publish","4":"has-post-thumbnail","6":"product_cat-aktuelle-filme-2025","7":"product_cat-comic","9":"first","10":"instock","11":"sale","12":"virtual","13":"purchasable","14":"product-type-simple"},"jetpack_sharing_enabled":true,"_links":{"self":[{"href":"https:\/\/audiobook-24.com\/en\/wp-json\/wp\/v2\/product\/3203","targetHints":{"allow":["GET"]}}],"collection":[{"href":"https:\/\/audiobook-24.com\/en\/wp-json\/wp\/v2\/product"}],"about":[{"href":"https:\/\/audiobook-24.com\/en\/wp-json\/wp\/v2\/types\/product"}],"replies":[{"embeddable":true,"href":"https:\/\/audiobook-24.com\/en\/wp-json\/wp\/v2\/comments?post=3203"}],"wp:featuredmedia":[{"embeddable":true,"href":"https:\/\/audiobook-24.com\/en\/wp-json\/wp\/v2\/media\/3210"}],"wp:attachment":[{"href":"https:\/\/audiobook-24.com\/en\/wp-json\/wp\/v2\/media?parent=3203"}],"wp:term":[{"taxonomy":"product_brand","embeddable":true,"href":"https:\/\/audiobook-24.com\/en\/wp-json\/wp\/v2\/product_brand?post=3203"},{"taxonomy":"product_cat","embeddable":true,"href":"https:\/\/audiobook-24.com\/en\/wp-json\/wp\/v2\/product_cat?post=3203"},{"taxonomy":"product_tag","embeddable":true,"href":"https:\/\/audiobook-24.com\/en\/wp-json\/wp\/v2\/product_tag?post=3203"}],"curies":[{"name":"wp","href":"https:\/\/api.w.org\/{rel}","templated":true}]}}