{"id":3202,"date":"2026-02-17T16:18:47","date_gmt":"2026-02-17T16:18:47","guid":{"rendered":"https:\/\/audiobook-24.com\/?post_type=product&#038;p=3202"},"modified":"2026-02-17T16:18:47","modified_gmt":"2026-02-17T16:18:47","slug":"%f0%9f%8e%ac-video-dexter-wiedererwachen-2025-staffel-1-folge-10","status":"publish","type":"product","link":"https:\/\/audiobook-24.com\/en\/product\/%f0%9f%8e%ac-video-dexter-wiedererwachen-2025-staffel-1-folge-10\/","title":{"rendered":"\ud83c\udfac Video Dexter \u2013 Wiedererwachen (2025) \u2013 Staffel 1 \u2013 Folge 10"},"content":{"rendered":"<p data-start=\"0\" data-end=\"83\"><img decoding=\"async\" class=\"emoji\" role=\"img\" draggable=\"false\" src=\"https:\/\/s.w.org\/images\/core\/emoji\/17.0.2\/svg\/1f3ac.svg\" alt=\"\ud83c\udfac\" \/>\u00a0<strong data-start=\"3\" data-end=\"81\">Video Dexter \u2013 Wiedererwachen (2025) \u2013 Staffel 1 \u2013 Folge 10\u00a0\u00a0<\/strong><\/p>\n<p data-start=\"85\" data-end=\"352\">\u201eDexter \u2013 Wiedererwachen (2025) \u2013 S01E10\u201c bildet den endg\u00fcltigen Abschluss der Staffel \u2013 kompromisslos, d\u00fcster und final.<br data-start=\"206\" data-end=\"209\" \/>Alle offenen F\u00e4den laufen zusammen, Wahrheiten k\u00f6nnen nicht l\u00e4nger verborgen werden und Dexter steht vor der letzten Entscheidung seines Weges.<\/p>\n<p data-start=\"354\" data-end=\"574\">Vergangenheit, Schuld und der Dark Passenger kulminieren in einem unausweichlichen Endspiel.<br data-start=\"446\" data-end=\"449\" \/>Was als Wiedererwachen begann, endet in einer letzten Konfrontation, die \u00fcber Freiheit, Verdammnis oder Erl\u00f6sung entscheidet.<\/p>\n<p data-start=\"576\" data-end=\"669\">Ein gnadenloses Serienfinale voller Spannung, emotionaler Wucht und endg\u00fcltiger Konsequenzen.<\/p>\n<p data-start=\"671\" data-end=\"889\"><strong data-start=\"671\" data-end=\"691\">Erwartet werden:<\/strong><br \/>\n<img decoding=\"async\" class=\"emoji\" role=\"img\" draggable=\"false\" src=\"https:\/\/s.w.org\/images\/core\/emoji\/17.0.2\/svg\/1fa78.svg\" alt=\"\ud83e\ude78\" \/>\u00a0Finale Eskalation &amp; kompromisslose Spannung<br data-start=\"738\" data-end=\"741\" \/><img decoding=\"async\" class=\"emoji\" role=\"img\" draggable=\"false\" src=\"https:\/\/s.w.org\/images\/core\/emoji\/17.0.2\/svg\/1f52a.svg\" alt=\"\ud83d\udd2a\" \/>\u00a0Letzte Konfrontationen &amp; unumkehrbare Entscheidungen<br data-start=\"796\" data-end=\"799\" \/><img decoding=\"async\" class=\"emoji\" role=\"img\" draggable=\"false\" src=\"https:\/\/s.w.org\/images\/core\/emoji\/17.0.2\/svg\/1f9e0.svg\" alt=\"\ud83e\udde0\" \/>\u00a0Aufl\u00f6sung aller zentralen Fragen<br data-start=\"834\" data-end=\"837\" \/><img decoding=\"async\" class=\"emoji\" role=\"img\" draggable=\"false\" src=\"https:\/\/s.w.org\/images\/core\/emoji\/17.0.2\/svg\/1f525.svg\" alt=\"\ud83d\udd25\" \/>\u00a0D\u00fcsterer, intensiver und konsequenter Abschluss<\/p>\n<p data-start=\"891\" data-end=\"948\">Ein Abschluss, der nichts besch\u00f6nigt und lange nachwirkt.<\/p>\n<p data-start=\"950\" data-end=\"1013\"><img decoding=\"async\" class=\"emoji\" role=\"img\" draggable=\"false\" src=\"https:\/\/s.w.org\/images\/core\/emoji\/17.0.2\/svg\/1f50a.svg\" alt=\"\ud83d\udd0a\" \/>\u00a0<strong data-start=\"953\" data-end=\"964\">Format:<\/strong>\u00a0Video \/ Serie \/ Thriller \/ Crime \/ Drama (MP4)<\/p>\n<p data-start=\"1015\" data-end=\"1164\"><img decoding=\"async\" class=\"emoji\" role=\"img\" draggable=\"false\" src=\"https:\/\/s.w.org\/images\/core\/emoji\/17.0.2\/svg\/2b07.svg\" alt=\"\u2b07\ufe0f\" \/>\u00a0Sofortiger Download f\u00fcr Handy<br data-start=\"1047\" data-end=\"1050\" \/><img decoding=\"async\" class=\"emoji\" role=\"img\" draggable=\"false\" src=\"https:\/\/s.w.org\/images\/core\/emoji\/17.0.2\/svg\/2b07.svg\" alt=\"\u2b07\ufe0f\" \/>\u00a0Sofortiger Download f\u00fcr PC<br data-start=\"1079\" data-end=\"1082\" \/><img decoding=\"async\" class=\"emoji\" role=\"img\" draggable=\"false\" src=\"https:\/\/s.w.org\/images\/core\/emoji\/17.0.2\/svg\/2b07.svg\" alt=\"\u2b07\ufe0f\" \/>\u00a0Sofortiger Download f\u00fcrs Tablet<br data-start=\"1116\" data-end=\"1119\" \/><img decoding=\"async\" class=\"emoji\" role=\"img\" draggable=\"false\" src=\"https:\/\/s.w.org\/images\/core\/emoji\/17.0.2\/svg\/2b07.svg\" alt=\"\u2b07\ufe0f\" \/>\u00a0Kompatibel mit allen MP4-f\u00e4higen Ger\u00e4ten<\/p>\n<p data-start=\"1166\" data-end=\"1206\" data-is-last-node=\"\" data-is-only-node=\"\"><img decoding=\"async\" class=\"emoji\" role=\"img\" draggable=\"false\" src=\"https:\/\/s.w.org\/images\/core\/emoji\/17.0.2\/svg\/1f449.svg\" alt=\"\ud83d\udc49\" \/>\u00a0<strong data-start=\"1169\" data-end=\"1206\" data-is-last-node=\"\">EINMAL GEKAUFT \u2013 F\u00dcR IMMER DEINS!<\/strong><\/p>","protected":false},"excerpt":{"rendered":"<p>\u00a0Video Dexter \u2013 Wiedererwachen (2025) \u2013 Staffel 1 \u2013 Folge 10\u00a0\u00a0 \u201eDexter \u2013 Wiedererwachen (2025) \u2013 S01E10\u201c bildet den endg\u00fcltigen Abschluss der Staffel \u2013 kompromisslos, d\u00fcster und final.Alle offenen F\u00e4den laufen zusammen, Wahrheiten k\u00f6nnen nicht l\u00e4nger verborgen werden und Dexter steht vor der letzten Entscheidung seines Weges. Vergangenheit, Schuld und der Dark Passenger kulminieren in [&hellip;]<\/p>\n","protected":false},"featured_media":3209,"comment_status":"open","ping_status":"closed","template":"","meta":[],"product_brand":[],"product_cat":[51],"product_tag":[],"class_list":{"0":"post-3202","1":"product","2":"type-product","3":"status-publish","4":"has-post-thumbnail","6":"product_cat-serien","8":"first","9":"instock","10":"shipping-taxable","11":"product-type-simple"},"jetpack_sharing_enabled":true,"_links":{"self":[{"href":"https:\/\/audiobook-24.com\/en\/wp-json\/wp\/v2\/product\/3202","targetHints":{"allow":["GET"]}}],"collection":[{"href":"https:\/\/audiobook-24.com\/en\/wp-json\/wp\/v2\/product"}],"about":[{"href":"https:\/\/audiobook-24.com\/en\/wp-json\/wp\/v2\/types\/product"}],"replies":[{"embeddable":true,"href":"https:\/\/audiobook-24.com\/en\/wp-json\/wp\/v2\/comments?post=3202"}],"wp:featuredmedia":[{"embeddable":true,"href":"https:\/\/audiobook-24.com\/en\/wp-json\/wp\/v2\/media\/3209"}],"wp:attachment":[{"href":"https:\/\/audiobook-24.com\/en\/wp-json\/wp\/v2\/media?parent=3202"}],"wp:term":[{"taxonomy":"product_brand","embeddable":true,"href":"https:\/\/audiobook-24.com\/en\/wp-json\/wp\/v2\/product_brand?post=3202"},{"taxonomy":"product_cat","embeddable":true,"href":"https:\/\/audiobook-24.com\/en\/wp-json\/wp\/v2\/product_cat?post=3202"},{"taxonomy":"product_tag","embeddable":true,"href":"https:\/\/audiobook-24.com\/en\/wp-json\/wp\/v2\/product_tag?post=3202"}],"curies":[{"name":"wp","href":"https:\/\/api.w.org\/{rel}","templated":true}]}}