{"id":3201,"date":"2026-02-17T16:23:43","date_gmt":"2026-02-17T16:23:43","guid":{"rendered":"https:\/\/audiobook-24.com\/?post_type=product&#038;p=3201"},"modified":"2026-02-17T16:23:47","modified_gmt":"2026-02-17T16:23:47","slug":"%f0%9f%8e%ac-video-the-housemaid-wenn-sie-wuesste-2025-german","status":"publish","type":"product","link":"https:\/\/audiobook-24.com\/en\/product\/%f0%9f%8e%ac-video-the-housemaid-wenn-sie-wuesste-2025-german\/","title":{"rendered":"\ud83c\udfac Video The Housemaid \u2013 Wenn sie w\u00fcsste (2025) \u2013 German"},"content":{"rendered":"<p data-start=\"0\" data-end=\"60\"><img decoding=\"async\" class=\"emoji\" role=\"img\" draggable=\"false\" src=\"https:\/\/s.w.org\/images\/core\/emoji\/17.0.2\/svg\/1f3ac.svg\" alt=\"\ud83c\udfac\" \/>\u00a0<strong data-start=\"3\" data-end=\"60\">Video The Housemaid \u2013 Wenn sie w\u00fcsste (2025) \u2013 German<\/strong><\/p>\n<p data-start=\"62\" data-end=\"376\">\u201e<strong data-start=\"63\" data-end=\"105\">The Housemaid \u2013 Wenn sie w\u00fcsste (2025)<\/strong>\u201c ist ein packender Psychothriller voller Geheimnisse, Manipulation und unterschwelliger Bedrohung.<br data-start=\"204\" data-end=\"207\" \/>Was als scheinbar harmloser Job in einem wohlhabenden Haushalt beginnt, entwickelt sich schnell zu einem gef\u00e4hrlichen Spiel aus L\u00fcgen, Kontrolle und verborgenen Motiven.<\/p>\n<p data-start=\"378\" data-end=\"627\">Der Film baut eine dichte, beklemmende Atmosph\u00e4re auf, in der nichts ist, wie es scheint.<br data-start=\"467\" data-end=\"470\" \/>Blicke, Gesten und unausgesprochene Wahrheiten erzeugen permanente Spannung \u2013 und mit jeder neuen Enth\u00fcllung r\u00fcckt die Wahrheit n\u00e4her, aber auch der Abgrund.<\/p>\n<p data-start=\"629\" data-end=\"723\">Ein fesselnder Thriller, der mit psychologischer Tiefe und \u00fcberraschenden Wendungen \u00fcberzeugt.<\/p>\n<p data-start=\"725\" data-end=\"952\"><strong data-start=\"725\" data-end=\"745\">Erwartet werden:<\/strong><br \/>\n<img decoding=\"async\" class=\"emoji\" role=\"img\" draggable=\"false\" src=\"https:\/\/s.w.org\/images\/core\/emoji\/17.0.2\/svg\/1f5dd.svg\" alt=\"\ud83d\udddd\ufe0f\" \/>\u00a0Dunkle Geheimnisse &amp; manipulative Beziehungen<br data-start=\"795\" data-end=\"798\" \/><img decoding=\"async\" class=\"emoji\" role=\"img\" draggable=\"false\" src=\"https:\/\/s.w.org\/images\/core\/emoji\/17.0.2\/svg\/1f3ad.svg\" alt=\"\ud83c\udfad\" \/>\u00a0Psychologische Spannung &amp; emotionale Konflikte<br data-start=\"847\" data-end=\"850\" \/><img decoding=\"async\" class=\"emoji\" role=\"img\" draggable=\"false\" src=\"https:\/\/s.w.org\/images\/core\/emoji\/17.0.2\/svg\/1f525.svg\" alt=\"\ud83d\udd25\" \/>\u00a0Unerwartete Wendungen &amp; stetiger Nervenkitzel<br data-start=\"898\" data-end=\"901\" \/><img decoding=\"async\" class=\"emoji\" role=\"img\" draggable=\"false\" src=\"https:\/\/s.w.org\/images\/core\/emoji\/17.0.2\/svg\/1f9e0.svg\" alt=\"\ud83e\udde0\" \/>\u00a0Thriller mit subtiler, intensiver Inszenierung<\/p>\n<p data-start=\"954\" data-end=\"1025\">Ein intensives Filmerlebnis f\u00fcr Fans von intelligenten Psychothrillern.<\/p>\n<p data-start=\"1027\" data-end=\"1079\"><img decoding=\"async\" class=\"emoji\" role=\"img\" draggable=\"false\" src=\"https:\/\/s.w.org\/images\/core\/emoji\/17.0.2\/svg\/1f50a.svg\" alt=\"\ud83d\udd0a\" \/>\u00a0<strong data-start=\"1030\" data-end=\"1041\">Format:<\/strong>\u00a0Video \/ Film \/ Thriller \/ Drama (MP4)<\/p>\n<p data-start=\"1081\" data-end=\"1230\"><img decoding=\"async\" class=\"emoji\" role=\"img\" draggable=\"false\" src=\"https:\/\/s.w.org\/images\/core\/emoji\/17.0.2\/svg\/2b07.svg\" alt=\"\u2b07\ufe0f\" \/>\u00a0Sofortiger Download f\u00fcr Handy<br data-start=\"1113\" data-end=\"1116\" \/><img decoding=\"async\" class=\"emoji\" role=\"img\" draggable=\"false\" src=\"https:\/\/s.w.org\/images\/core\/emoji\/17.0.2\/svg\/2b07.svg\" alt=\"\u2b07\ufe0f\" \/>\u00a0Sofortiger Download f\u00fcr PC<br data-start=\"1145\" data-end=\"1148\" \/><img decoding=\"async\" class=\"emoji\" role=\"img\" draggable=\"false\" src=\"https:\/\/s.w.org\/images\/core\/emoji\/17.0.2\/svg\/2b07.svg\" alt=\"\u2b07\ufe0f\" \/>\u00a0Sofortiger Download f\u00fcrs Tablet<br data-start=\"1182\" data-end=\"1185\" \/><img decoding=\"async\" class=\"emoji\" role=\"img\" draggable=\"false\" src=\"https:\/\/s.w.org\/images\/core\/emoji\/17.0.2\/svg\/2b07.svg\" alt=\"\u2b07\ufe0f\" \/>\u00a0Kompatibel mit allen MP4-f\u00e4higen Ger\u00e4ten<\/p>\n<p data-start=\"1232\" data-end=\"1290\" data-is-last-node=\"\" data-is-only-node=\"\"><strong data-start=\"1232\" data-end=\"1290\" data-is-last-node=\"\"><img decoding=\"async\" class=\"emoji\" role=\"img\" draggable=\"false\" src=\"https:\/\/s.w.org\/images\/core\/emoji\/17.0.2\/svg\/1f449.svg\" alt=\"\ud83d\udc49\" \/>\u00a0Einmal gekauft \u2013 jederzeit und unbegrenzt abrufbar!<\/strong><\/p>","protected":false},"excerpt":{"rendered":"<p>\u00a0Video The Housemaid \u2013 Wenn sie w\u00fcsste (2025) \u2013 German \u201eThe Housemaid \u2013 Wenn sie w\u00fcsste (2025)\u201c ist ein packender Psychothriller voller Geheimnisse, Manipulation und unterschwelliger Bedrohung.Was als scheinbar harmloser Job in einem wohlhabenden Haushalt beginnt, entwickelt sich schnell zu einem gef\u00e4hrlichen Spiel aus L\u00fcgen, Kontrolle und verborgenen Motiven. Der Film baut eine dichte, beklemmende [&hellip;]<\/p>\n","protected":false},"featured_media":3211,"comment_status":"open","ping_status":"closed","template":"","meta":[],"product_brand":[],"product_cat":[54,50,55],"product_tag":[],"class_list":{"0":"post-3201","1":"product","2":"type-product","3":"status-publish","4":"has-post-thumbnail","6":"product_cat-action","7":"product_cat-aktuelle-filme-2025","8":"product_cat-thriller","10":"first","11":"instock","12":"sale","13":"virtual","14":"purchasable","15":"product-type-simple"},"jetpack_sharing_enabled":true,"_links":{"self":[{"href":"https:\/\/audiobook-24.com\/en\/wp-json\/wp\/v2\/product\/3201","targetHints":{"allow":["GET"]}}],"collection":[{"href":"https:\/\/audiobook-24.com\/en\/wp-json\/wp\/v2\/product"}],"about":[{"href":"https:\/\/audiobook-24.com\/en\/wp-json\/wp\/v2\/types\/product"}],"replies":[{"embeddable":true,"href":"https:\/\/audiobook-24.com\/en\/wp-json\/wp\/v2\/comments?post=3201"}],"wp:featuredmedia":[{"embeddable":true,"href":"https:\/\/audiobook-24.com\/en\/wp-json\/wp\/v2\/media\/3211"}],"wp:attachment":[{"href":"https:\/\/audiobook-24.com\/en\/wp-json\/wp\/v2\/media?parent=3201"}],"wp:term":[{"taxonomy":"product_brand","embeddable":true,"href":"https:\/\/audiobook-24.com\/en\/wp-json\/wp\/v2\/product_brand?post=3201"},{"taxonomy":"product_cat","embeddable":true,"href":"https:\/\/audiobook-24.com\/en\/wp-json\/wp\/v2\/product_cat?post=3201"},{"taxonomy":"product_tag","embeddable":true,"href":"https:\/\/audiobook-24.com\/en\/wp-json\/wp\/v2\/product_tag?post=3201"}],"curies":[{"name":"wp","href":"https:\/\/api.w.org\/{rel}","templated":true}]}}