{"id":3189,"date":"2026-02-17T15:25:34","date_gmt":"2026-02-17T15:25:34","guid":{"rendered":"https:\/\/audiobook-24.com\/?post_type=product&#038;p=3189"},"modified":"2026-02-17T15:25:35","modified_gmt":"2026-02-17T15:25:35","slug":"%f0%9f%8e%ac-video-thunderbolts-2025-deutsch","status":"publish","type":"product","link":"https:\/\/audiobook-24.com\/en\/product\/%f0%9f%8e%ac-video-thunderbolts-2025-deutsch\/","title":{"rendered":"\ud83c\udfac Video Thunderbolts (2025) \u2013 Deutsch"},"content":{"rendered":"<p data-start=\"0\" data-end=\"42\"><img decoding=\"async\" class=\"emoji\" role=\"img\" draggable=\"false\" src=\"https:\/\/s.w.org\/images\/core\/emoji\/17.0.2\/svg\/1f3ac.svg\" alt=\"\ud83c\udfac\" \/>\u00a0<strong data-start=\"3\" data-end=\"42\">Video Thunderbolts (2025) \u2013 Deutsch<\/strong><\/p>\n<p data-start=\"44\" data-end=\"380\">\u201eThunderbolts (2025)\u201c bringt eine ungew\u00f6hnliche Gruppe von Antihelden zusammen, die im Auftrag der Regierung Missionen \u00fcbernehmen, die f\u00fcr klassische Superhelden zu gef\u00e4hrlich oder moralisch zu fragw\u00fcrdig sind.<br data-start=\"254\" data-end=\"257\" \/>Bestehend aus gebrochenen Figuren, Au\u00dfenseitern und ehemaligen Schurken wird das Team widerwillig zu einer Einheit geformt.<\/p>\n<p data-start=\"382\" data-end=\"640\">Zwischen internen Konflikten, Misstrauen und explosiven Eins\u00e4tzen m\u00fcssen die Mitglieder lernen, zusammenzuarbeiten \u2013 auch wenn ihre Motive unterschiedlicher nicht sein k\u00f6nnten.<br data-start=\"558\" data-end=\"561\" \/>Vergangenheit, Schuld und pers\u00f6nliche D\u00e4monen holen sie dabei immer wieder ein.<\/p>\n<p data-start=\"642\" data-end=\"857\">Der Film setzt auf harte Action, d\u00fcsteren Ton und komplexe Charaktere statt klarer Gut-und-B\u00f6se-Zeichnung.<br data-start=\"748\" data-end=\"751\" \/>Ein Superheldenfilm, der moralische Grauzonen auslotet und neue Perspektiven im Marvel-Universum er\u00f6ffnet.<\/p>\n<p data-start=\"859\" data-end=\"1035\"><strong data-start=\"859\" data-end=\"879\">Erwartet werden:<\/strong><br data-start=\"879\" data-end=\"882\" \/><img decoding=\"async\" class=\"emoji\" role=\"img\" draggable=\"false\" src=\"https:\/\/s.w.org\/images\/core\/emoji\/17.0.2\/svg\/1f4a5.svg\" alt=\"\ud83d\udca5\" \/>\u00a0Harte, kompromisslose Action<br data-start=\"913\" data-end=\"916\" \/><img decoding=\"async\" class=\"emoji\" role=\"img\" draggable=\"false\" src=\"https:\/\/s.w.org\/images\/core\/emoji\/17.0.2\/svg\/1f5a4.svg\" alt=\"\ud83d\udda4\" \/>\u00a0Antihelden &amp; moralische Grauzonen<br data-start=\"952\" data-end=\"955\" \/><img decoding=\"async\" class=\"emoji\" role=\"img\" draggable=\"false\" src=\"https:\/\/s.w.org\/images\/core\/emoji\/17.0.2\/svg\/1f9e8.svg\" alt=\"\ud83e\udde8\" \/>\u00a0Teamdynamik voller Konflikte<br data-start=\"986\" data-end=\"989\" \/><img decoding=\"async\" class=\"emoji\" role=\"img\" draggable=\"false\" src=\"https:\/\/s.w.org\/images\/core\/emoji\/17.0.2\/svg\/1f9b8-200d-2642-fe0f.svg\" alt=\"\ud83e\uddb8\u200d\u2642\ufe0f\" \/>\u00a0D\u00fcsterer Marvel-Ton &amp; neue Blickwinkel<\/p>\n<p data-start=\"1037\" data-end=\"1154\">Ein kraftvoller Superheldenfilm, der frischen Wind ins Genre bringt und mit Ecken, Kanten und Konsequenzen \u00fcberzeugt.<\/p>\n<p data-start=\"1156\" data-end=\"1214\"><img decoding=\"async\" class=\"emoji\" role=\"img\" draggable=\"false\" src=\"https:\/\/s.w.org\/images\/core\/emoji\/17.0.2\/svg\/1f50a.svg\" alt=\"\ud83d\udd0a\" \/>\u00a0<strong data-start=\"1159\" data-end=\"1170\">Format:<\/strong>\u00a0Video \/ Action \/ Sci-Fi \/ Superhelden (MP4)<\/p>\n<p data-start=\"1216\" data-end=\"1365\"><img decoding=\"async\" class=\"emoji\" role=\"img\" draggable=\"false\" src=\"https:\/\/s.w.org\/images\/core\/emoji\/17.0.2\/svg\/2b07.svg\" alt=\"\u2b07\ufe0f\" \/>\u00a0Sofortiger Download f\u00fcr Handy<br data-start=\"1248\" data-end=\"1251\" \/><img decoding=\"async\" class=\"emoji\" role=\"img\" draggable=\"false\" src=\"https:\/\/s.w.org\/images\/core\/emoji\/17.0.2\/svg\/2b07.svg\" alt=\"\u2b07\ufe0f\" \/>\u00a0Sofortiger Download f\u00fcr PC<br data-start=\"1280\" data-end=\"1283\" \/><img decoding=\"async\" class=\"emoji\" role=\"img\" draggable=\"false\" src=\"https:\/\/s.w.org\/images\/core\/emoji\/17.0.2\/svg\/2b07.svg\" alt=\"\u2b07\ufe0f\" \/>\u00a0Sofortiger Download f\u00fcrs Tablet<br data-start=\"1317\" data-end=\"1320\" \/><img decoding=\"async\" class=\"emoji\" role=\"img\" draggable=\"false\" src=\"https:\/\/s.w.org\/images\/core\/emoji\/17.0.2\/svg\/2b07.svg\" alt=\"\u2b07\ufe0f\" \/>\u00a0Kompatibel mit allen MP4-f\u00e4higen Ger\u00e4ten<\/p>\n<p data-start=\"1367\" data-end=\"1425\" data-is-last-node=\"\" data-is-only-node=\"\"><img decoding=\"async\" class=\"emoji\" role=\"img\" draggable=\"false\" src=\"https:\/\/s.w.org\/images\/core\/emoji\/17.0.2\/svg\/1f449.svg\" alt=\"\ud83d\udc49\" \/>\u00a0<strong data-start=\"1370\" data-end=\"1425\" data-is-last-node=\"\">Einmal gekauft \u2013 jederzeit und unbegrenzt abrufbar!<\/strong><\/p>","protected":false},"excerpt":{"rendered":"<p>\u00a0Video Thunderbolts (2025) \u2013 Deutsch \u201eThunderbolts (2025)\u201c bringt eine ungew\u00f6hnliche Gruppe von Antihelden zusammen, die im Auftrag der Regierung Missionen \u00fcbernehmen, die f\u00fcr klassische Superhelden zu gef\u00e4hrlich oder moralisch zu fragw\u00fcrdig sind.Bestehend aus gebrochenen Figuren, Au\u00dfenseitern und ehemaligen Schurken wird das Team widerwillig zu einer Einheit geformt. Zwischen internen Konflikten, Misstrauen und explosiven Eins\u00e4tzen m\u00fcssen [&hellip;]<\/p>\n","protected":false},"featured_media":3190,"comment_status":"open","ping_status":"closed","template":"","meta":[],"product_brand":[],"product_cat":[54,50,55],"product_tag":[],"class_list":{"0":"post-3189","1":"product","2":"type-product","3":"status-publish","4":"has-post-thumbnail","6":"product_cat-action","7":"product_cat-aktuelle-filme-2025","8":"product_cat-thriller","10":"first","11":"instock","12":"sale","13":"virtual","14":"purchasable","15":"product-type-simple"},"jetpack_sharing_enabled":true,"_links":{"self":[{"href":"https:\/\/audiobook-24.com\/en\/wp-json\/wp\/v2\/product\/3189","targetHints":{"allow":["GET"]}}],"collection":[{"href":"https:\/\/audiobook-24.com\/en\/wp-json\/wp\/v2\/product"}],"about":[{"href":"https:\/\/audiobook-24.com\/en\/wp-json\/wp\/v2\/types\/product"}],"replies":[{"embeddable":true,"href":"https:\/\/audiobook-24.com\/en\/wp-json\/wp\/v2\/comments?post=3189"}],"wp:featuredmedia":[{"embeddable":true,"href":"https:\/\/audiobook-24.com\/en\/wp-json\/wp\/v2\/media\/3190"}],"wp:attachment":[{"href":"https:\/\/audiobook-24.com\/en\/wp-json\/wp\/v2\/media?parent=3189"}],"wp:term":[{"taxonomy":"product_brand","embeddable":true,"href":"https:\/\/audiobook-24.com\/en\/wp-json\/wp\/v2\/product_brand?post=3189"},{"taxonomy":"product_cat","embeddable":true,"href":"https:\/\/audiobook-24.com\/en\/wp-json\/wp\/v2\/product_cat?post=3189"},{"taxonomy":"product_tag","embeddable":true,"href":"https:\/\/audiobook-24.com\/en\/wp-json\/wp\/v2\/product_tag?post=3189"}],"curies":[{"name":"wp","href":"https:\/\/api.w.org\/{rel}","templated":true}]}}